{"id":5478,"date":"2024-10-21T20:35:06","date_gmt":"2024-10-21T17:35:06","guid":{"rendered":"https:\/\/faberpet.ro\/stage\/produs\/hranitor-simplu-transparent\/"},"modified":"2025-08-27T08:34:13","modified_gmt":"2025-08-27T06:34:13","slug":"hranitor-simplu-transparent","status":"publish","type":"product","link":"https:\/\/faberpet.ro\/stage\/produs\/hranitor-simplu-transparent\/","title":{"rendered":"Hranitor simplu transparent 70 ml 2\/set"},"content":{"rendered":"<p>Hr\u0103nitor practic pentru coliviile p\u0103s\u0103rilor, ce le permite s\u0103 se hr\u0103neasc\u0103 u\u0219or cu hrana lor preferat\u0103. Solid, este confec\u021bionat din plastic transparent, rezistent. Fixare cu u\u0219urin\u021b\u0103 de gratiile coliviei. U\u0219or de cur\u0103\u021bat.<\/p>\n<p>Dimensiuni: 70 ml.<\/p>\n<p>Pre\u021bul afi\u0219at este per set!<\/p>\n","protected":false},"excerpt":{"rendered":"<p>Hr\u0103nitor practic pentru coliviile p\u0103s\u0103rilor, ce le permite s\u0103 se hr\u0103neasc\u0103 u\u0219or cu hrana lor preferat\u0103. Solid, este confec\u021bionat din plastic transparent, rezistent. Fixare cu u\u0219urin\u021b\u0103 de gratiile coliviei. U\u0219or de cur\u0103\u021bat. Dimensiuni: 70 ml. Pre\u021bul afi\u0219at este per set!<\/p>\n","protected":false},"featured_media":10504,"template":"","meta":[],"product_brand":[],"product_cat":[2338,174],"product_tag":[2336,2337,2335],"class_list":{"0":"post-5478","1":"product","2":"type-product","3":"status-publish","4":"has-post-thumbnail","6":"product_cat-adapatoare-si-hranitoare-pasari","7":"product_cat-pasari","8":"product_tag-hranitor-pasari-tropicale","9":"product_tag-hranitor-simplu","10":"product_tag-pasari-colivie","12":"first","13":"instock","14":"shipping-taxable","15":"purchasable","16":"product-type-simple"},"_links":{"self":[{"href":"https:\/\/faberpet.ro\/stage\/wp-json\/wp\/v2\/product\/5478","targetHints":{"allow":["GET"]}}],"collection":[{"href":"https:\/\/faberpet.ro\/stage\/wp-json\/wp\/v2\/product"}],"about":[{"href":"https:\/\/faberpet.ro\/stage\/wp-json\/wp\/v2\/types\/product"}],"wp:featuredmedia":[{"embeddable":true,"href":"https:\/\/faberpet.ro\/stage\/wp-json\/wp\/v2\/media\/10504"}],"wp:attachment":[{"href":"https:\/\/faberpet.ro\/stage\/wp-json\/wp\/v2\/media?parent=5478"}],"wp:term":[{"taxonomy":"product_brand","embeddable":true,"href":"https:\/\/faberpet.ro\/stage\/wp-json\/wp\/v2\/product_brand?post=5478"},{"taxonomy":"product_cat","embeddable":true,"href":"https:\/\/faberpet.ro\/stage\/wp-json\/wp\/v2\/product_cat?post=5478"},{"taxonomy":"product_tag","embeddable":true,"href":"https:\/\/faberpet.ro\/stage\/wp-json\/wp\/v2\/product_tag?post=5478"}],"curies":[{"name":"wp","href":"https:\/\/api.w.org\/{rel}","templated":true}]}}