{"id":5480,"date":"2024-10-21T20:35:06","date_gmt":"2024-10-21T17:35:06","guid":{"rendered":"https:\/\/faberpet.ro\/stage\/produs\/hranitor-palnie-exterior-pasari-125-cm\/"},"modified":"2025-08-27T14:49:17","modified_gmt":"2025-08-27T12:49:17","slug":"hranitor-palnie-exterior-pasari-125-cm","status":"publish","type":"product","link":"https:\/\/faberpet.ro\/stage\/produs\/hranitor-palnie-exterior-pasari-125-cm\/","title":{"rendered":"Hranitor palnie exterior pasari 12,5 cm"},"content":{"rendered":"<p>Hr\u0103nitor din plastic tip p\u00e2lnie pentru p\u0103s\u0103ri de colivie. Se monteaz\u0103 din exteriorul coliviei.<\/p>\n<p>Dimensiune: \u00een\u0103l\u021bime 12, 5 cm.<\/p>\n<p>U\u0219or de cur\u0103\u021bat.<\/p>\n","protected":false},"excerpt":{"rendered":"<p>Hr\u0103nitor din plastic tip p\u00e2lnie pentru p\u0103s\u0103ri de colivie. Se monteaz\u0103 din exteriorul coliviei. Dimensiune: \u00een\u0103l\u021bime 12, 5 cm. U\u0219or de cur\u0103\u021bat.<\/p>\n","protected":false},"featured_media":10505,"template":"","meta":[],"product_brand":[],"product_cat":[2338,174],"product_tag":[2339,2341,2340],"class_list":{"0":"post-5480","1":"product","2":"type-product","3":"status-publish","4":"has-post-thumbnail","6":"product_cat-adapatoare-si-hranitoare-pasari","7":"product_cat-pasari","8":"product_tag-hranitor-pasari-exotice","9":"product_tag-palnie-exterior","10":"product_tag-pasari-exotice","12":"first","13":"instock","14":"shipping-taxable","15":"purchasable","16":"product-type-simple"},"_links":{"self":[{"href":"https:\/\/faberpet.ro\/stage\/wp-json\/wp\/v2\/product\/5480","targetHints":{"allow":["GET"]}}],"collection":[{"href":"https:\/\/faberpet.ro\/stage\/wp-json\/wp\/v2\/product"}],"about":[{"href":"https:\/\/faberpet.ro\/stage\/wp-json\/wp\/v2\/types\/product"}],"wp:featuredmedia":[{"embeddable":true,"href":"https:\/\/faberpet.ro\/stage\/wp-json\/wp\/v2\/media\/10505"}],"wp:attachment":[{"href":"https:\/\/faberpet.ro\/stage\/wp-json\/wp\/v2\/media?parent=5480"}],"wp:term":[{"taxonomy":"product_brand","embeddable":true,"href":"https:\/\/faberpet.ro\/stage\/wp-json\/wp\/v2\/product_brand?post=5480"},{"taxonomy":"product_cat","embeddable":true,"href":"https:\/\/faberpet.ro\/stage\/wp-json\/wp\/v2\/product_cat?post=5480"},{"taxonomy":"product_tag","embeddable":true,"href":"https:\/\/faberpet.ro\/stage\/wp-json\/wp\/v2\/product_tag?post=5480"}],"curies":[{"name":"wp","href":"https:\/\/api.w.org\/{rel}","templated":true}]}}