{"id":5481,"date":"2024-10-21T20:35:07","date_gmt":"2024-10-21T17:35:07","guid":{"rendered":"https:\/\/faberpet.ro\/stage\/produs\/adapator-cilindric-exterior-115-cm\/"},"modified":"2025-08-04T11:34:45","modified_gmt":"2025-08-04T09:34:45","slug":"adapator-cilindric-exterior-115-cm","status":"publish","type":"product","link":"https:\/\/faberpet.ro\/stage\/produs\/adapator-cilindric-exterior-115-cm\/","title":{"rendered":"Adapator cilindric exterior 11,5 cm"},"content":{"rendered":"<p>Ad\u0103p\u0103tor din plastic tip cilindric pentru p\u0103s\u0103ri de colivie. Se monteaz\u0103 din exteriorul coliviei. Dimensiuni: \u00een\u0103l\u021bime 11, 5 cm. U\u0219or de cur\u0103\u021bat.<\/p>\n","protected":false},"excerpt":{"rendered":"<p>Ad\u0103p\u0103tor din plastic tip cilindric pentru p\u0103s\u0103ri de colivie. Se monteaz\u0103 din exteriorul coliviei. Dimensiuni: \u00een\u0103l\u021bime 11, 5 cm. U\u0219or de cur\u0103\u021bat.<\/p>\n","protected":false},"featured_media":10506,"template":"","meta":[],"product_brand":[],"product_cat":[2338,174],"product_tag":[2342,2343,2344],"class_list":{"0":"post-5481","1":"product","2":"type-product","3":"status-publish","4":"has-post-thumbnail","6":"product_cat-adapatoare-si-hranitoare-pasari","7":"product_cat-pasari","8":"product_tag-adapatoare-pentru-pasari","9":"product_tag-hranitoare-exterioare","10":"product_tag-hranitor-cilindric","12":"first","13":"instock","14":"shipping-taxable","15":"purchasable","16":"product-type-simple"},"_links":{"self":[{"href":"https:\/\/faberpet.ro\/stage\/wp-json\/wp\/v2\/product\/5481","targetHints":{"allow":["GET"]}}],"collection":[{"href":"https:\/\/faberpet.ro\/stage\/wp-json\/wp\/v2\/product"}],"about":[{"href":"https:\/\/faberpet.ro\/stage\/wp-json\/wp\/v2\/types\/product"}],"wp:featuredmedia":[{"embeddable":true,"href":"https:\/\/faberpet.ro\/stage\/wp-json\/wp\/v2\/media\/10506"}],"wp:attachment":[{"href":"https:\/\/faberpet.ro\/stage\/wp-json\/wp\/v2\/media?parent=5481"}],"wp:term":[{"taxonomy":"product_brand","embeddable":true,"href":"https:\/\/faberpet.ro\/stage\/wp-json\/wp\/v2\/product_brand?post=5481"},{"taxonomy":"product_cat","embeddable":true,"href":"https:\/\/faberpet.ro\/stage\/wp-json\/wp\/v2\/product_cat?post=5481"},{"taxonomy":"product_tag","embeddable":true,"href":"https:\/\/faberpet.ro\/stage\/wp-json\/wp\/v2\/product_tag?post=5481"}],"curies":[{"name":"wp","href":"https:\/\/api.w.org\/{rel}","templated":true}]}}