{"id":5483,"date":"2024-10-21T20:35:07","date_gmt":"2024-10-21T17:35:07","guid":{"rendered":"https:\/\/faberpet.ro\/stage\/produs\/adapator-exterior-transparent-pentru-pasari\/"},"modified":"2025-08-04T11:35:12","modified_gmt":"2025-08-04T09:35:12","slug":"adapator-exterior-transparent-pentru-pasari","status":"publish","type":"product","link":"https:\/\/faberpet.ro\/stage\/produs\/adapator-exterior-transparent-pentru-pasari\/","title":{"rendered":"Adapator exterior transparent pentru pasari"},"content":{"rendered":"<p>Este un recipient de ap\u0103 conceput special pentru asigurarea hidrat\u0103rii p\u0103s\u0103rile crescute ca animale de companie. O hidratare adecvat\u0103 contribuie la s\u0103n\u0103tatea \u0219i bun\u0103starea animalului. Solid, este confec\u021bionat din plastic transparent, rezistent. Fixare cu u\u0219urin\u021b\u0103 de gratiile coliviei. Dimensiuni: lungime 4 cm, \u00een\u0103l\u021bime 6, 5 cm, l\u0103\u021bime 2, 5 cm. U\u0219or de cur\u0103\u021bat.<\/p>\n","protected":false},"excerpt":{"rendered":"<p>Este un recipient de ap\u0103 conceput special pentru asigurarea hidrat\u0103rii p\u0103s\u0103rile crescute ca animale de companie. O hidratare adecvat\u0103 contribuie la s\u0103n\u0103tatea \u0219i bun\u0103starea animalului. Solid, este confec\u021bionat din plastic transparent, rezistent. Fixare cu u\u0219urin\u021b\u0103 de gratiile coliviei. Dimensiuni: lungime 4 cm, \u00een\u0103l\u021bime 6, 5 cm, l\u0103\u021bime 2, 5 cm. U\u0219or de cur\u0103\u021bat.<\/p>\n","protected":false},"featured_media":10508,"template":"","meta":[],"product_brand":[],"product_cat":[2338,174],"product_tag":[2348,2345,1035],"class_list":{"0":"post-5483","1":"product","2":"type-product","3":"status-publish","4":"has-post-thumbnail","6":"product_cat-adapatoare-si-hranitoare-pasari","7":"product_cat-pasari","8":"product_tag-adapator-exterior","9":"product_tag-adapator-pentru-pasari","10":"product_tag-adapator-plastic","12":"first","13":"instock","14":"shipping-taxable","15":"purchasable","16":"product-type-simple"},"_links":{"self":[{"href":"https:\/\/faberpet.ro\/stage\/wp-json\/wp\/v2\/product\/5483","targetHints":{"allow":["GET"]}}],"collection":[{"href":"https:\/\/faberpet.ro\/stage\/wp-json\/wp\/v2\/product"}],"about":[{"href":"https:\/\/faberpet.ro\/stage\/wp-json\/wp\/v2\/types\/product"}],"wp:featuredmedia":[{"embeddable":true,"href":"https:\/\/faberpet.ro\/stage\/wp-json\/wp\/v2\/media\/10508"}],"wp:attachment":[{"href":"https:\/\/faberpet.ro\/stage\/wp-json\/wp\/v2\/media?parent=5483"}],"wp:term":[{"taxonomy":"product_brand","embeddable":true,"href":"https:\/\/faberpet.ro\/stage\/wp-json\/wp\/v2\/product_brand?post=5483"},{"taxonomy":"product_cat","embeddable":true,"href":"https:\/\/faberpet.ro\/stage\/wp-json\/wp\/v2\/product_cat?post=5483"},{"taxonomy":"product_tag","embeddable":true,"href":"https:\/\/faberpet.ro\/stage\/wp-json\/wp\/v2\/product_tag?post=5483"}],"curies":[{"name":"wp","href":"https:\/\/api.w.org\/{rel}","templated":true}]}}