{"id":5486,"date":"2024-10-21T20:35:07","date_gmt":"2024-10-21T17:35:07","guid":{"rendered":"https:\/\/faberpet.ro\/stage\/produs\/hranitor-inox-interior-0-15-l\/"},"modified":"2025-08-04T11:36:00","modified_gmt":"2025-08-04T09:36:00","slug":"hranitor-inox-interior-0-15-l","status":"publish","type":"product","link":"https:\/\/faberpet.ro\/stage\/produs\/hranitor-inox-interior-0-15-l\/","title":{"rendered":"Hranitor inox interior 0.15 l"},"content":{"rendered":"<p>Hr\u0103nitor practic pentru coliviile p\u0103s\u0103rilor, ce le permite s\u0103 se hr\u0103neasc\u0103 u\u0219or cu hrana lor preferat\u0103. Solid, este confec\u021bionat din inox. Rezistent\u0103. Fixare cu u\u0219urin\u021b\u0103 de gratiile coliviei. 0. 15 l U\u0219or de cur\u0103\u021bat.<\/p>\n","protected":false},"excerpt":{"rendered":"<p>Hr\u0103nitor practic pentru coliviile p\u0103s\u0103rilor, ce le permite s\u0103 se hr\u0103neasc\u0103 u\u0219or cu hrana lor preferat\u0103. Solid, este confec\u021bionat din inox. Rezistent\u0103. Fixare cu u\u0219urin\u021b\u0103 de gratiile coliviei. 0. 15 l U\u0219or de cur\u0103\u021bat.<\/p>\n","protected":false},"featured_media":10511,"template":"","meta":[],"product_brand":[],"product_cat":[956,2338,174,652],"product_tag":[2351,2350,2336],"class_list":{"0":"post-5486","1":"product","2":"type-product","3":"status-publish","4":"has-post-thumbnail","6":"product_cat-adapatoare-si-hranitoare","7":"product_cat-adapatoare-si-hranitoare-pasari","8":"product_cat-pasari","9":"product_cat-rozatoare","10":"product_tag-accesorii-utile-pasari","11":"product_tag-hranitoare-inox","12":"product_tag-hranitor-pasari-tropicale","14":"first","15":"instock","16":"shipping-taxable","17":"purchasable","18":"product-type-simple"},"_links":{"self":[{"href":"https:\/\/faberpet.ro\/stage\/wp-json\/wp\/v2\/product\/5486","targetHints":{"allow":["GET"]}}],"collection":[{"href":"https:\/\/faberpet.ro\/stage\/wp-json\/wp\/v2\/product"}],"about":[{"href":"https:\/\/faberpet.ro\/stage\/wp-json\/wp\/v2\/types\/product"}],"wp:featuredmedia":[{"embeddable":true,"href":"https:\/\/faberpet.ro\/stage\/wp-json\/wp\/v2\/media\/10511"}],"wp:attachment":[{"href":"https:\/\/faberpet.ro\/stage\/wp-json\/wp\/v2\/media?parent=5486"}],"wp:term":[{"taxonomy":"product_brand","embeddable":true,"href":"https:\/\/faberpet.ro\/stage\/wp-json\/wp\/v2\/product_brand?post=5486"},{"taxonomy":"product_cat","embeddable":true,"href":"https:\/\/faberpet.ro\/stage\/wp-json\/wp\/v2\/product_cat?post=5486"},{"taxonomy":"product_tag","embeddable":true,"href":"https:\/\/faberpet.ro\/stage\/wp-json\/wp\/v2\/product_tag?post=5486"}],"curies":[{"name":"wp","href":"https:\/\/api.w.org\/{rel}","templated":true}]}}