{"id":5489,"date":"2024-10-21T20:35:07","date_gmt":"2024-10-21T17:35:07","guid":{"rendered":"https:\/\/faberpet.ro\/stage\/produs\/hranitor-plastic-semicilindric-interior-97cm\/"},"modified":"2025-08-04T11:37:25","modified_gmt":"2025-08-04T09:37:25","slug":"hranitor-plastic-semicilindric-interior-97cm","status":"publish","type":"product","link":"https:\/\/faberpet.ro\/stage\/produs\/hranitor-plastic-semicilindric-interior-97cm\/","title":{"rendered":"Hranitor plastic semicilindric interior 0.18 L"},"content":{"rendered":"<p>Hr\u0103nitor din plastic tip semicilindric pentru animale de colivie. Fixare cu u\u0219urin\u021b\u0103 de gratiile coliviei cu ajutorul ag\u0103\u021b\u0103torilor metalice.<\/p>\n<p>Dimensiuni: lungime 9 cm, \u00een\u0103l\u021bime 5 cm, l\u0103\u021bime 7 cm.<\/p>\n<p>U\u0219or de cur\u0103\u021bat.<\/p>\n","protected":false},"excerpt":{"rendered":"<p>Hr\u0103nitor din plastic tip semicilindric pentru animale de colivie. Fixare cu u\u0219urin\u021b\u0103 de gratiile coliviei cu ajutorul ag\u0103\u021b\u0103torilor metalice. Dimensiuni: lungime 9 cm, \u00een\u0103l\u021bime 5 cm, l\u0103\u021bime 7 cm. U\u0219or de cur\u0103\u021bat.<\/p>\n","protected":false},"featured_media":10514,"template":"","meta":[],"product_brand":[],"product_cat":[956,2338,174,652],"product_tag":[2353,2347,2352],"class_list":{"0":"post-5489","1":"product","2":"type-product","3":"status-publish","4":"has-post-thumbnail","6":"product_cat-adapatoare-si-hranitoare","7":"product_cat-adapatoare-si-hranitoare-pasari","8":"product_cat-pasari","9":"product_cat-rozatoare","10":"product_tag-accesorii-pasari","11":"product_tag-hranitor-pasari","12":"product_tag-hranitor-plastic","14":"first","15":"instock","16":"shipping-taxable","17":"purchasable","18":"product-type-simple"},"_links":{"self":[{"href":"https:\/\/faberpet.ro\/stage\/wp-json\/wp\/v2\/product\/5489","targetHints":{"allow":["GET"]}}],"collection":[{"href":"https:\/\/faberpet.ro\/stage\/wp-json\/wp\/v2\/product"}],"about":[{"href":"https:\/\/faberpet.ro\/stage\/wp-json\/wp\/v2\/types\/product"}],"wp:featuredmedia":[{"embeddable":true,"href":"https:\/\/faberpet.ro\/stage\/wp-json\/wp\/v2\/media\/10514"}],"wp:attachment":[{"href":"https:\/\/faberpet.ro\/stage\/wp-json\/wp\/v2\/media?parent=5489"}],"wp:term":[{"taxonomy":"product_brand","embeddable":true,"href":"https:\/\/faberpet.ro\/stage\/wp-json\/wp\/v2\/product_brand?post=5489"},{"taxonomy":"product_cat","embeddable":true,"href":"https:\/\/faberpet.ro\/stage\/wp-json\/wp\/v2\/product_cat?post=5489"},{"taxonomy":"product_tag","embeddable":true,"href":"https:\/\/faberpet.ro\/stage\/wp-json\/wp\/v2\/product_tag?post=5489"}],"curies":[{"name":"wp","href":"https:\/\/api.w.org\/{rel}","templated":true}]}}