{"id":5498,"date":"2024-10-21T20:35:09","date_gmt":"2024-10-21T17:35:09","guid":{"rendered":"https:\/\/faberpet.ro\/stage\/produs\/nisip-antiparazitar-vogel-pentru-pasari-1-kg\/"},"modified":"2025-08-04T11:39:30","modified_gmt":"2025-08-04T09:39:30","slug":"nisip-antiparazitar-vogel-pentru-pasari-1-kg","status":"publish","type":"product","link":"https:\/\/faberpet.ro\/stage\/produs\/nisip-antiparazitar-vogel-pentru-pasari-1-kg\/","title":{"rendered":"Nisip antiparazitar VOGEL pentru pasari 1 kg"},"content":{"rendered":"<p>\u00centotdeauna \u00een colivia p\u0103s\u0103rilor trebuie s\u0103 fie amplasat nisip, de care acestea au nevoie pentru a avea o digestie bun\u0103, dar \u015fi pentru a face baie. Vogel Nisip pentru p\u0103s\u0103ri \u00eembog\u0103\u021bit cu granule fine, sepia pentru orice papagal sau alt\u0103 pas\u0103re: finch, canari, peru\u0219i, etc. . . Un amestec de minerale naturale \u0219i multe alte minerale complementare care sunt indispensabile din dieta p\u0103s\u0103rilor din cu\u0219c\u0103. Prin \u00eemb\u0103ierea \u00een nisip, p\u0103s\u0103rile \u00eenl\u0103tur\u0103 anumi\u021bi parazi\u021bi \u0219i nisipul absoarbe excesul de gr\u0103sime din penele acestora. \u00cempr\u0103\u0219tia\u021bi \u00een partea inferioar\u0103 a cu\u0219tii sau o oferi\u021bi \u00eentr- o tav\u0103 separat\u0103. Pentru a p\u0103stra igiena coliviei cel pu\u021bin 1- 2 ori pe lun\u0103 \u00eenlocui\u021bi nisipul. 100 % natural cu calcar. Disponibil \u00een pachete: 1 kg.<\/p>\n","protected":false},"excerpt":{"rendered":"<p>\u00centotdeauna \u00een colivia p\u0103s\u0103rilor trebuie s\u0103 fie amplasat nisip, de care acestea au nevoie pentru a avea o digestie bun\u0103, dar \u015fi pentru a face baie. Vogel Nisip pentru p\u0103s\u0103ri \u00eembog\u0103\u021bit cu granule fine, sepia pentru orice papagal sau alt\u0103 pas\u0103re: finch, canari, peru\u0219i, etc. . . Un amestec de minerale naturale \u0219i multe alte [&hellip;]<\/p>\n","protected":false},"featured_media":10523,"template":"","meta":[],"product_brand":[],"product_cat":[175,174],"product_tag":[2333,2332,2370],"class_list":{"0":"post-5498","1":"product","2":"type-product","3":"status-publish","4":"has-post-thumbnail","6":"product_cat-ingrijire-pasari","7":"product_cat-pasari","8":"product_tag-antiparazitar-pasari","9":"product_tag-ingrijire-pasari","10":"product_tag-nisip-antiparazitar-pasari","12":"first","13":"instock","14":"shipping-taxable","15":"purchasable","16":"product-type-simple"},"_links":{"self":[{"href":"https:\/\/faberpet.ro\/stage\/wp-json\/wp\/v2\/product\/5498","targetHints":{"allow":["GET"]}}],"collection":[{"href":"https:\/\/faberpet.ro\/stage\/wp-json\/wp\/v2\/product"}],"about":[{"href":"https:\/\/faberpet.ro\/stage\/wp-json\/wp\/v2\/types\/product"}],"wp:featuredmedia":[{"embeddable":true,"href":"https:\/\/faberpet.ro\/stage\/wp-json\/wp\/v2\/media\/10523"}],"wp:attachment":[{"href":"https:\/\/faberpet.ro\/stage\/wp-json\/wp\/v2\/media?parent=5498"}],"wp:term":[{"taxonomy":"product_brand","embeddable":true,"href":"https:\/\/faberpet.ro\/stage\/wp-json\/wp\/v2\/product_brand?post=5498"},{"taxonomy":"product_cat","embeddable":true,"href":"https:\/\/faberpet.ro\/stage\/wp-json\/wp\/v2\/product_cat?post=5498"},{"taxonomy":"product_tag","embeddable":true,"href":"https:\/\/faberpet.ro\/stage\/wp-json\/wp\/v2\/product_tag?post=5498"}],"curies":[{"name":"wp","href":"https:\/\/api.w.org\/{rel}","templated":true}]}}