{"id":5513,"date":"2024-10-21T20:35:10","date_gmt":"2024-10-21T17:35:10","guid":{"rendered":"https:\/\/faberpet.ro\/stage\/produs\/bete-colivie-ondulat-21-cm\/"},"modified":"2025-08-04T11:41:09","modified_gmt":"2025-08-04T09:41:09","slug":"bete-colivie-ondulat-21-cm","status":"publish","type":"product","link":"https:\/\/faberpet.ro\/stage\/produs\/bete-colivie-ondulat-21-cm\/","title":{"rendered":"Bete colivie ondulat 21 cm"},"content":{"rendered":"<p>Acest b\u0103\u021b de colivie simplu poate fi folosit pentru coliviile p\u0103s\u0103rilor, acestea put\u00e2nd s\u0103 stea relaxate pe ele. U\u0219or de montat at\u00e2t pe gratiile verticale c\u00e2t \u0219i orizontale. Rezistent, este realizat din material plastic. Sistem de prindere foarte util. Dimensiuni: lungime 20 cm. U\u0219or de cur\u0103\u021bat. 2 \u00een set. Culori mixte. Se vinde ambalat c\u00e2te 2 buc\/set! Pre\u021bul afi\u0219at este per set!<\/p>\n","protected":false},"excerpt":{"rendered":"<p>Acest b\u0103\u021b de colivie simplu poate fi folosit pentru coliviile p\u0103s\u0103rilor, acestea put\u00e2nd s\u0103 stea relaxate pe ele. U\u0219or de montat at\u00e2t pe gratiile verticale c\u00e2t \u0219i orizontale. Rezistent, este realizat din material plastic. Sistem de prindere foarte util. Dimensiuni: lungime 20 cm. U\u0219or de cur\u0103\u021bat. 2 \u00een set. Culori mixte. Se vinde ambalat c\u00e2te [&hellip;]<\/p>\n","protected":false},"featured_media":10538,"template":"","meta":[],"product_brand":[],"product_cat":[2373,174],"product_tag":[2390,2392,2391],"class_list":{"0":"post-5513","1":"product","2":"type-product","3":"status-publish","4":"has-post-thumbnail","6":"product_cat-jucarii-si-accesorii-pasari","7":"product_cat-pasari","8":"product_tag-bete-colivie","9":"product_tag-bete-colivie-pasari","10":"product_tag-colivie-pasari-exotice","12":"first","13":"instock","14":"shipping-taxable","15":"purchasable","16":"product-type-simple"},"_links":{"self":[{"href":"https:\/\/faberpet.ro\/stage\/wp-json\/wp\/v2\/product\/5513","targetHints":{"allow":["GET"]}}],"collection":[{"href":"https:\/\/faberpet.ro\/stage\/wp-json\/wp\/v2\/product"}],"about":[{"href":"https:\/\/faberpet.ro\/stage\/wp-json\/wp\/v2\/types\/product"}],"wp:featuredmedia":[{"embeddable":true,"href":"https:\/\/faberpet.ro\/stage\/wp-json\/wp\/v2\/media\/10538"}],"wp:attachment":[{"href":"https:\/\/faberpet.ro\/stage\/wp-json\/wp\/v2\/media?parent=5513"}],"wp:term":[{"taxonomy":"product_brand","embeddable":true,"href":"https:\/\/faberpet.ro\/stage\/wp-json\/wp\/v2\/product_brand?post=5513"},{"taxonomy":"product_cat","embeddable":true,"href":"https:\/\/faberpet.ro\/stage\/wp-json\/wp\/v2\/product_cat?post=5513"},{"taxonomy":"product_tag","embeddable":true,"href":"https:\/\/faberpet.ro\/stage\/wp-json\/wp\/v2\/product_tag?post=5513"}],"curies":[{"name":"wp","href":"https:\/\/api.w.org\/{rel}","templated":true}]}}