{"id":5521,"date":"2024-10-21T20:35:11","date_gmt":"2024-10-21T17:35:11","guid":{"rendered":"https:\/\/faberpet.ro\/stage\/produs\/adapator-cu-bila-deluxe-250-ml\/"},"modified":"2025-08-04T11:42:37","modified_gmt":"2025-08-04T09:42:37","slug":"adapator-cu-bila-deluxe-250-ml","status":"publish","type":"product","link":"https:\/\/faberpet.ro\/stage\/produs\/adapator-cu-bila-deluxe-250-ml\/","title":{"rendered":"Adapator cu bila DELUXE 250 ml"},"content":{"rendered":"<p>Este un recipient de ap\u0103 conceput special pentru asigurarea hidrat\u0103rii roz\u0103toarelor crescute ca animale de companie. O hidratare adecvat\u0103 contribuie la s\u0103n\u0103tatea \u0219i bun\u0103starea animalului. Fabricate din material plastic transparent. Cap\u0103tul metalic prelungit al recipientului, este prev\u0103zut cu o valv\u0103 (sub forma de bil\u0103), care permite scurgerea apei pic\u0103tur\u0103 cu pic\u0103tur\u0103, doar \u00een momentele c\u00e2nd este mi\u0219cat\u0103 de animal. \u00cen restul timpului, bila \u00eenchide ermetic cap\u0103tul liber al ad\u0103p\u0103torii \u0219i astfel \u00eempiedic\u0103 risipirea apei \u0219i umezirea substratului cu\u0219tii. Ad\u0103p\u0103toarea poate fi plasat\u0103 \u00een exteriorul cu\u0219tii (recomandat) sau \u00een interior. Poate fi fixat\u0103 pe toate tipurile de cu\u0219ti din plas\u0103 de s\u00e2rm\u0103. Recipientul are un volum de 250 ml ap\u0103, fiind recomandat pentru hidratarea roz\u0103toarelor de talie mic\u0103: hamsteri, porcu\u0219ori, etc.<\/p>\n","protected":false},"excerpt":{"rendered":"<p>Este un recipient de ap\u0103 conceput special pentru asigurarea hidrat\u0103rii roz\u0103toarelor crescute ca animale de companie. O hidratare adecvat\u0103 contribuie la s\u0103n\u0103tatea \u0219i bun\u0103starea animalului. Fabricate din material plastic transparent. Cap\u0103tul metalic prelungit al recipientului, este prev\u0103zut cu o valv\u0103 (sub forma de bil\u0103), care permite scurgerea apei pic\u0103tur\u0103 cu pic\u0103tur\u0103, doar \u00een momentele c\u00e2nd [&hellip;]<\/p>\n","protected":false},"featured_media":10547,"template":"","meta":[],"product_brand":[],"product_cat":[956,652],"product_tag":[2362,2360,2361],"class_list":{"0":"post-5521","1":"product","2":"type-product","3":"status-publish","4":"has-post-thumbnail","6":"product_cat-adapatoare-si-hranitoare","7":"product_cat-rozatoare","8":"product_tag-adapator-cu-inele","9":"product_tag-adapator-pentru-rozatoare","10":"product_tag-hranitor","12":"first","13":"instock","14":"shipping-taxable","15":"purchasable","16":"product-type-simple"},"_links":{"self":[{"href":"https:\/\/faberpet.ro\/stage\/wp-json\/wp\/v2\/product\/5521","targetHints":{"allow":["GET"]}}],"collection":[{"href":"https:\/\/faberpet.ro\/stage\/wp-json\/wp\/v2\/product"}],"about":[{"href":"https:\/\/faberpet.ro\/stage\/wp-json\/wp\/v2\/types\/product"}],"wp:featuredmedia":[{"embeddable":true,"href":"https:\/\/faberpet.ro\/stage\/wp-json\/wp\/v2\/media\/10547"}],"wp:attachment":[{"href":"https:\/\/faberpet.ro\/stage\/wp-json\/wp\/v2\/media?parent=5521"}],"wp:term":[{"taxonomy":"product_brand","embeddable":true,"href":"https:\/\/faberpet.ro\/stage\/wp-json\/wp\/v2\/product_brand?post=5521"},{"taxonomy":"product_cat","embeddable":true,"href":"https:\/\/faberpet.ro\/stage\/wp-json\/wp\/v2\/product_cat?post=5521"},{"taxonomy":"product_tag","embeddable":true,"href":"https:\/\/faberpet.ro\/stage\/wp-json\/wp\/v2\/product_tag?post=5521"}],"curies":[{"name":"wp","href":"https:\/\/api.w.org\/{rel}","templated":true}]}}