{"id":5522,"date":"2024-10-21T20:35:11","date_gmt":"2024-10-21T17:35:11","guid":{"rendered":"https:\/\/faberpet.ro\/stage\/produs\/cap-adapator-automat-pentru-pet-uri\/"},"modified":"2025-08-04T11:42:55","modified_gmt":"2025-08-04T09:42:55","slug":"cap-adapator-automat-pentru-pet-uri","status":"publish","type":"product","link":"https:\/\/faberpet.ro\/stage\/produs\/cap-adapator-automat-pentru-pet-uri\/","title":{"rendered":"Cap adapator automat pentru PET-uri"},"content":{"rendered":"<p>Este un dispozitiv conceput special pentru asigurarea hidrat\u0103rii animalelor de companie. O hidratare adecvat\u0103 contribuie la s\u0103n\u0103tatea \u0219i bun\u0103starea animalului. Fabricate din material plastic \u0219i metal. Cap\u0103tul metalic prelungit al dispozitivului, este prev\u0103zut cu o valv\u0103 (sub forma de bil\u0103), care permite scurgerea apei pic\u0103tur\u0103 cu pic\u0103tur\u0103, doar \u00een momentele c\u00e2nd este mi\u0219cat\u0103 de animal. \u00cen restul timpului, bila \u00eenchide ermetic cap\u0103tul liber al dispozitivului \u0219i astfel \u00eempiedic\u0103 risipirea apei. Capul de ad\u0103p\u0103toare poate fi plasat\u0103 \u00een interiorul cu\u0219tii sau oriunde \u00een curtea casei. Flaconul PET ata\u0219abil\u0103 \u0219i deta\u0219abil\u0103, astfel u\u0219or de cur\u0103\u021bat.<\/p>\n","protected":false},"excerpt":{"rendered":"<p>Este un dispozitiv conceput special pentru asigurarea hidrat\u0103rii animalelor de companie. O hidratare adecvat\u0103 contribuie la s\u0103n\u0103tatea \u0219i bun\u0103starea animalului. Fabricate din material plastic \u0219i metal. Cap\u0103tul metalic prelungit al dispozitivului, este prev\u0103zut cu o valv\u0103 (sub forma de bil\u0103), care permite scurgerea apei pic\u0103tur\u0103 cu pic\u0103tur\u0103, doar \u00een momentele c\u00e2nd este mi\u0219cat\u0103 de animal. [&hellip;]<\/p>\n","protected":false},"featured_media":12663,"template":"","meta":[],"product_brand":[],"product_cat":[1030,168,953],"product_tag":[2404,2405,2406],"class_list":{"0":"post-5522","1":"product","2":"type-product","3":"status-publish","4":"has-post-thumbnail","6":"product_cat-adapatoare","7":"product_cat-caini","8":"product_cat-castroane-si-adapatoare","9":"product_tag-adapatoare-hranitoare","10":"product_tag-adapator-pet","11":"product_tag-cap-adapator","13":"first","14":"instock","15":"shipping-taxable","16":"purchasable","17":"product-type-simple"},"_links":{"self":[{"href":"https:\/\/faberpet.ro\/stage\/wp-json\/wp\/v2\/product\/5522","targetHints":{"allow":["GET"]}}],"collection":[{"href":"https:\/\/faberpet.ro\/stage\/wp-json\/wp\/v2\/product"}],"about":[{"href":"https:\/\/faberpet.ro\/stage\/wp-json\/wp\/v2\/types\/product"}],"wp:featuredmedia":[{"embeddable":true,"href":"https:\/\/faberpet.ro\/stage\/wp-json\/wp\/v2\/media\/12663"}],"wp:attachment":[{"href":"https:\/\/faberpet.ro\/stage\/wp-json\/wp\/v2\/media?parent=5522"}],"wp:term":[{"taxonomy":"product_brand","embeddable":true,"href":"https:\/\/faberpet.ro\/stage\/wp-json\/wp\/v2\/product_brand?post=5522"},{"taxonomy":"product_cat","embeddable":true,"href":"https:\/\/faberpet.ro\/stage\/wp-json\/wp\/v2\/product_cat?post=5522"},{"taxonomy":"product_tag","embeddable":true,"href":"https:\/\/faberpet.ro\/stage\/wp-json\/wp\/v2\/product_tag?post=5522"}],"curies":[{"name":"wp","href":"https:\/\/api.w.org\/{rel}","templated":true}]}}