{"id":5530,"date":"2024-10-21T20:35:13","date_gmt":"2024-10-21T17:35:13","guid":{"rendered":"https:\/\/faberpet.ro\/stage\/produs\/colivie-simple-pentru-pasari-38x49-cm\/"},"modified":"2025-08-04T11:45:17","modified_gmt":"2025-08-04T09:45:17","slug":"colivie-simple-pentru-pasari-38x49-cm","status":"publish","type":"product","link":"https:\/\/faberpet.ro\/stage\/produs\/colivie-simple-pentru-pasari-38x49-cm\/","title":{"rendered":"Colivie simple pt. pasari 33x23x39 cm"},"content":{"rendered":"<p>Aceast\u0103 colivie confortabil\u0103 va deveni locuin\u021ba perfect\u0103 pentru p\u0103s\u0103rile exotice pe care le de\u021bineti.<\/p>\n<p>Colivie de form\u0103 dreptunghiular pentru p\u0103s\u0103ri exotice, din material plastic si gratii metalice, non- toxic pentru p\u0103s\u0103ri. Cur\u0103\u021bare u\u0219oar\u0103 datorit\u0103 t\u0103vi\u021bei deta\u0219abile \u0219i a accesoriilor incluse din plastic. Distrac\u021bie asigurat\u0103 de un leagan pe care se va balansa cu pl\u0103cere. Be\u021bele le permit s\u0103 stea \u0219i s\u0103 doarm\u0103 pe ele. Include: 2 hr\u0103nitoare plastic, 1 b\u0103\u0163 plastic, 1 leag\u0103n.<\/p>\n<p>Dimensiuni: 33 cm (lungime) x 23 cm (l\u0103\u021bime) x 39 cm (\u00een\u0103l\u021bime)<\/p>\n","protected":false},"excerpt":{"rendered":"<p>Aceast\u0103 colivie confortabil\u0103 va deveni locuin\u021ba perfect\u0103 pentru p\u0103s\u0103rile exotice pe care le de\u021bineti. Colivie de form\u0103 dreptunghiular pentru p\u0103s\u0103ri exotice, din material plastic si gratii metalice, non- toxic pentru p\u0103s\u0103ri. Cur\u0103\u021bare u\u0219oar\u0103 datorit\u0103 t\u0103vi\u021bei deta\u0219abile \u0219i a accesoriilor incluse din plastic. Distrac\u021bie asigurat\u0103 de un leagan pe care se va balansa cu pl\u0103cere. Be\u021bele [&hellip;]<\/p>\n","protected":false},"featured_media":12963,"template":"","meta":[],"product_brand":[],"product_cat":[2416,174],"product_tag":[2413,2419,2418],"class_list":{"0":"post-5530","1":"product","2":"type-product","3":"status-publish","4":"has-post-thumbnail","6":"product_cat-colivii","7":"product_cat-pasari","8":"product_tag-colivie-pasari","9":"product_tag-colivii-pasari","10":"product_tag-cusca-pasari","12":"first","13":"instock","14":"shipping-taxable","15":"purchasable","16":"product-type-simple"},"_links":{"self":[{"href":"https:\/\/faberpet.ro\/stage\/wp-json\/wp\/v2\/product\/5530","targetHints":{"allow":["GET"]}}],"collection":[{"href":"https:\/\/faberpet.ro\/stage\/wp-json\/wp\/v2\/product"}],"about":[{"href":"https:\/\/faberpet.ro\/stage\/wp-json\/wp\/v2\/types\/product"}],"wp:featuredmedia":[{"embeddable":true,"href":"https:\/\/faberpet.ro\/stage\/wp-json\/wp\/v2\/media\/12963"}],"wp:attachment":[{"href":"https:\/\/faberpet.ro\/stage\/wp-json\/wp\/v2\/media?parent=5530"}],"wp:term":[{"taxonomy":"product_brand","embeddable":true,"href":"https:\/\/faberpet.ro\/stage\/wp-json\/wp\/v2\/product_brand?post=5530"},{"taxonomy":"product_cat","embeddable":true,"href":"https:\/\/faberpet.ro\/stage\/wp-json\/wp\/v2\/product_cat?post=5530"},{"taxonomy":"product_tag","embeddable":true,"href":"https:\/\/faberpet.ro\/stage\/wp-json\/wp\/v2\/product_tag?post=5530"}],"curies":[{"name":"wp","href":"https:\/\/api.w.org\/{rel}","templated":true}]}}