{"id":5532,"date":"2024-10-21T20:35:13","date_gmt":"2024-10-21T17:35:13","guid":{"rendered":"https:\/\/faberpet.ro\/stage\/produs\/cusca-de-transport-cu-3-compartimente-39x27x17-cm\/"},"modified":"2025-08-04T11:49:54","modified_gmt":"2025-08-04T09:49:54","slug":"cusca-de-transport-cu-3-compartimente-39x27x17-cm","status":"publish","type":"product","link":"https:\/\/faberpet.ro\/stage\/produs\/cusca-de-transport-cu-3-compartimente-39x27x17-cm\/","title":{"rendered":"Cusca de transport cu 3 compartimente 39x27x17 cm"},"content":{"rendered":"<p>Este confec\u021bionat\u0103 din metal \u0219i este potrivit\u0103 pentru transportarea rozatoarelor mici. \u00cemp\u0103r\u021bit\u0103 \u00een 3 compartimente. Dup\u0103 scoaterea compartimentelor se poate folosi ca o simpl\u0103 cu\u0219c\u0103. Cad\u0103 este deta\u0219abil\u0103 pentru o cura\u021bare mai u\u0219oar\u0103. Caracteristici cu\u0219c\u0103: 39x27x17 cm<\/p>\n","protected":false},"excerpt":{"rendered":"<p>Este confec\u021bionat\u0103 din metal \u0219i este potrivit\u0103 pentru transportarea rozatoarelor mici. \u00cemp\u0103r\u021bit\u0103 \u00een 3 compartimente. Dup\u0103 scoaterea compartimentelor se poate folosi ca o simpl\u0103 cu\u0219c\u0103. Cad\u0103 este deta\u0219abil\u0103 pentru o cura\u021bare mai u\u0219oar\u0103. Caracteristici cu\u0219c\u0103: 39x27x17 cm<\/p>\n","protected":false},"featured_media":10558,"template":"","meta":[],"product_brand":[],"product_cat":[2417,652],"product_tag":[2422,2420,2421],"class_list":{"0":"post-5532","1":"product","2":"type-product","3":"status-publish","4":"has-post-thumbnail","6":"product_cat-custi-rozatoare","7":"product_cat-rozatoare","8":"product_tag-colivii-rozatoare","9":"product_tag-cusca-rozatoare","10":"product_tag-ingrijire-rozatoare","12":"first","13":"instock","14":"shipping-taxable","15":"purchasable","16":"product-type-simple"},"_links":{"self":[{"href":"https:\/\/faberpet.ro\/stage\/wp-json\/wp\/v2\/product\/5532","targetHints":{"allow":["GET"]}}],"collection":[{"href":"https:\/\/faberpet.ro\/stage\/wp-json\/wp\/v2\/product"}],"about":[{"href":"https:\/\/faberpet.ro\/stage\/wp-json\/wp\/v2\/types\/product"}],"wp:featuredmedia":[{"embeddable":true,"href":"https:\/\/faberpet.ro\/stage\/wp-json\/wp\/v2\/media\/10558"}],"wp:attachment":[{"href":"https:\/\/faberpet.ro\/stage\/wp-json\/wp\/v2\/media?parent=5532"}],"wp:term":[{"taxonomy":"product_brand","embeddable":true,"href":"https:\/\/faberpet.ro\/stage\/wp-json\/wp\/v2\/product_brand?post=5532"},{"taxonomy":"product_cat","embeddable":true,"href":"https:\/\/faberpet.ro\/stage\/wp-json\/wp\/v2\/product_cat?post=5532"},{"taxonomy":"product_tag","embeddable":true,"href":"https:\/\/faberpet.ro\/stage\/wp-json\/wp\/v2\/product_tag?post=5532"}],"curies":[{"name":"wp","href":"https:\/\/api.w.org\/{rel}","templated":true}]}}