{"id":5534,"date":"2024-10-21T20:35:13","date_gmt":"2024-10-21T17:35:13","guid":{"rendered":"https:\/\/faberpet.ro\/stage\/produs\/colac-biocsip-pentru-perusi-si-canari\/"},"modified":"2026-02-09T14:51:15","modified_gmt":"2026-02-09T12:51:15","slug":"colac-biocsip-pentru-perusi-si-canari","status":"publish","type":"product","link":"https:\/\/faberpet.ro\/stage\/produs\/colac-biocsip-pentru-perusi-si-canari\/","title":{"rendered":"Colac BIOCSIP pentru perusi si canari"},"content":{"rendered":"<p>Colac BIOCSIP cu miere este s\u0103n\u0103toas\u0103 \u0219i delicioas\u0103 pentru peru\u0219i \u0219i canari. Sunt preparate din cereale coapte, perfecte pentru diversificarea dietei acestor p\u0103s\u0103ri. Modalitatea perfect\u0103 de a preveni plictiseala, \u021bin\u00e2ndu- i ocupa\u021bi pentru mai mult timp. 100 % natural\u0103. Se poate fixa cu u\u0219urin\u021b\u0103 \u00een cu\u0219c\u0103. \u00cen caz de necesitate oferi\u021bi ap\u0103 proasp\u0103t\u0103. A se p\u0103stra la loc uscat \u0219i r\u0103coros. Greutatea net\u0103: 70 gr.<\/p>\n<p>Ingrediente: mei ro\u0219u, mei alb, ov\u0103z, semin\u021be de floarea soarelui, mere deshidratate, semin\u021be de c\u00e2nep\u0103, minerale, derivate de origine vegetal\u0103, fructe, derivate de fructe, etc. . .<\/p>\n<p>Se vinde ambalat c\u00e2te 10 buc\/set! Pre\u021bul afi\u0219at este per buc!<\/p>\n","protected":false},"excerpt":{"rendered":"<p>Colac BIOCSIP cu miere este s\u0103n\u0103toas\u0103 \u0219i delicioas\u0103 pentru peru\u0219i \u0219i canari. Sunt preparate din cereale coapte, perfecte pentru diversificarea dietei acestor p\u0103s\u0103ri. Modalitatea perfect\u0103 de a preveni plictiseala, \u021bin\u00e2ndu- i ocupa\u021bi pentru mai mult timp. 100 % natural\u0103. Se poate fixa cu u\u0219urin\u021b\u0103 \u00een cu\u0219c\u0103. \u00cen caz de necesitate oferi\u021bi ap\u0103 proasp\u0103t\u0103. A se [&hellip;]<\/p>\n","protected":false},"featured_media":10560,"template":"","meta":[],"product_brand":[],"product_cat":[2425,174],"product_tag":[2424,2423,233],"class_list":{"0":"post-5534","1":"product","2":"type-product","3":"status-publish","4":"has-post-thumbnail","6":"product_cat-hrana-pasari","7":"product_cat-pasari","8":"product_tag-colac-biocsip-hrana","9":"product_tag-hrana-pasari","10":"product_tag-suplimente-hrana","12":"first","13":"instock","14":"shipping-taxable","15":"purchasable","16":"product-type-simple"},"_links":{"self":[{"href":"https:\/\/faberpet.ro\/stage\/wp-json\/wp\/v2\/product\/5534","targetHints":{"allow":["GET"]}}],"collection":[{"href":"https:\/\/faberpet.ro\/stage\/wp-json\/wp\/v2\/product"}],"about":[{"href":"https:\/\/faberpet.ro\/stage\/wp-json\/wp\/v2\/types\/product"}],"wp:featuredmedia":[{"embeddable":true,"href":"https:\/\/faberpet.ro\/stage\/wp-json\/wp\/v2\/media\/10560"}],"wp:attachment":[{"href":"https:\/\/faberpet.ro\/stage\/wp-json\/wp\/v2\/media?parent=5534"}],"wp:term":[{"taxonomy":"product_brand","embeddable":true,"href":"https:\/\/faberpet.ro\/stage\/wp-json\/wp\/v2\/product_brand?post=5534"},{"taxonomy":"product_cat","embeddable":true,"href":"https:\/\/faberpet.ro\/stage\/wp-json\/wp\/v2\/product_cat?post=5534"},{"taxonomy":"product_tag","embeddable":true,"href":"https:\/\/faberpet.ro\/stage\/wp-json\/wp\/v2\/product_tag?post=5534"}],"curies":[{"name":"wp","href":"https:\/\/api.w.org\/{rel}","templated":true}]}}