{"id":5537,"date":"2024-10-21T20:35:13","date_gmt":"2024-10-21T17:35:13","guid":{"rendered":"https:\/\/faberpet.ro\/stage\/produs\/batoane-aromatizate-pasari-2bat-cutie-tropus\/"},"modified":"2025-08-28T07:02:56","modified_gmt":"2025-08-28T05:02:56","slug":"batoane-aromatizate-pasari-2bat-cutie-tropus","status":"publish","type":"product","link":"https:\/\/faberpet.ro\/stage\/produs\/batoane-aromatizate-pasari-2bat-cutie-tropus\/","title":{"rendered":"Batoane aromatizate pasari 2bat\/cutie &#8211; TROPUS"},"content":{"rendered":"<p>A fost creat special pentru a satisface nevoile animalelor de companie mici. Produs fabricat din ingrediente naturale, folosind metode tradi\u021bionale de copt. Ajut\u0103 la tocirea denti\u021biei animalului. Totodat\u0103 este o surs\u0103 excelent\u0103 de vitamine \u0219i minerale esen\u021biale, oferind o bun\u0103 cre\u0219tere animalelor dumneavoastr\u0103. \u00cen caz de necesitate oferi\u021bi ap\u0103 proasp\u0103t\u0103. A se p\u0103stra la loc uscat \u0219i r\u0103coros. Cantitatea net\u0103: 100 gr. Compozi\u021bie: mei, granulate din fructe, ov\u0103z, phalaris canariensis, etc. . . . Dou\u0103 batoane \u00een cutie. Setul con\u021bine diferite batoane aromatizate: cu miere \u0219i calciu, cu mere, cu fructe asortate, cu fructe tropicale. 100 % natural! Se vinde ambalat c\u00e2te 5 cutie\/set! Pre\u021bul afi\u0219at este per cutie!<\/p>\n","protected":false},"excerpt":{"rendered":"<p>A fost creat special pentru a satisface nevoile animalelor de companie mici. Produs fabricat din ingrediente naturale, folosind metode tradi\u021bionale de copt. Ajut\u0103 la tocirea denti\u021biei animalului. Totodat\u0103 este o surs\u0103 excelent\u0103 de vitamine \u0219i minerale esen\u021biale, oferind o bun\u0103 cre\u0219tere animalelor dumneavoastr\u0103. \u00cen caz de necesitate oferi\u021bi ap\u0103 proasp\u0103t\u0103. A se p\u0103stra la loc [&hellip;]<\/p>\n","protected":false},"featured_media":10563,"template":"","meta":[],"product_brand":[],"product_cat":[2425,174],"product_tag":[2434,2435,2433],"class_list":{"0":"post-5537","1":"product","2":"type-product","3":"status-publish","4":"has-post-thumbnail","6":"product_cat-hrana-pasari","7":"product_cat-pasari","8":"product_tag-batoane-aromatizate","9":"product_tag-hrana-baton-aromatizat","10":"product_tag-hrana-pentru-rozatoare","12":"first","13":"instock","14":"shipping-taxable","15":"purchasable","16":"product-type-simple"},"_links":{"self":[{"href":"https:\/\/faberpet.ro\/stage\/wp-json\/wp\/v2\/product\/5537","targetHints":{"allow":["GET"]}}],"collection":[{"href":"https:\/\/faberpet.ro\/stage\/wp-json\/wp\/v2\/product"}],"about":[{"href":"https:\/\/faberpet.ro\/stage\/wp-json\/wp\/v2\/types\/product"}],"wp:featuredmedia":[{"embeddable":true,"href":"https:\/\/faberpet.ro\/stage\/wp-json\/wp\/v2\/media\/10563"}],"wp:attachment":[{"href":"https:\/\/faberpet.ro\/stage\/wp-json\/wp\/v2\/media?parent=5537"}],"wp:term":[{"taxonomy":"product_brand","embeddable":true,"href":"https:\/\/faberpet.ro\/stage\/wp-json\/wp\/v2\/product_brand?post=5537"},{"taxonomy":"product_cat","embeddable":true,"href":"https:\/\/faberpet.ro\/stage\/wp-json\/wp\/v2\/product_cat?post=5537"},{"taxonomy":"product_tag","embeddable":true,"href":"https:\/\/faberpet.ro\/stage\/wp-json\/wp\/v2\/product_tag?post=5537"}],"curies":[{"name":"wp","href":"https:\/\/api.w.org\/{rel}","templated":true}]}}