{"id":5539,"date":"2024-10-21T20:35:14","date_gmt":"2024-10-21T17:35:14","guid":{"rendered":"https:\/\/faberpet.ro\/stage\/produs\/mei-pur-ambalat-pentru-pasari-500-gr\/"},"modified":"2025-08-04T11:52:52","modified_gmt":"2025-08-04T09:52:52","slug":"mei-pur-ambalat-pentru-pasari-500-gr","status":"publish","type":"product","link":"https:\/\/faberpet.ro\/stage\/produs\/mei-pur-ambalat-pentru-pasari-500-gr\/","title":{"rendered":"Mei pur ambalat pentru pasari 500 gr"},"content":{"rendered":"<p>Este un aliment de baz\u0103, administrat zilnic diferitelor specii de p\u0103s\u0103ri crescute \u00een captivitate. Se poate suplimenta cu alimente de alt\u0103 natur\u0103 \u0219i vitamine. Semin\u0163ele aurii sau ro\u015fiatice sunt preferatele lor \u015fi consum\u0103 zilnic o cantitate aproape dubl\u0103 fa\u0163\u0103 de greutatea lor. este o hran\u0103 natural\u0103 100 %. \u00cen caz de necesitate oferi\u021bi ap\u0103 proasp\u0103t\u0103. A se p\u0103stra la loc uscat \u0219i r\u0103coros. Cantitatea net\u0103: 500 gr. Valoare energetic\u0103: 214 kcal\/kg<\/p>\n","protected":false},"excerpt":{"rendered":"<p>Este un aliment de baz\u0103, administrat zilnic diferitelor specii de p\u0103s\u0103ri crescute \u00een captivitate. Se poate suplimenta cu alimente de alt\u0103 natur\u0103 \u0219i vitamine. Semin\u0163ele aurii sau ro\u015fiatice sunt preferatele lor \u015fi consum\u0103 zilnic o cantitate aproape dubl\u0103 fa\u0163\u0103 de greutatea lor. este o hran\u0103 natural\u0103 100 %. \u00cen caz de necesitate oferi\u021bi ap\u0103 proasp\u0103t\u0103. [&hellip;]<\/p>\n","protected":false},"featured_media":10565,"template":"","meta":[],"product_brand":[],"product_cat":[2425,174],"product_tag":[2436,2438,2437],"class_list":{"0":"post-5539","1":"product","2":"type-product","3":"status-publish","4":"has-post-thumbnail","6":"product_cat-hrana-pasari","7":"product_cat-pasari","8":"product_tag-hrana-pasari-mei","9":"product_tag-mei-ambalat","10":"product_tag-mei-pasari","12":"first","13":"instock","14":"shipping-taxable","15":"purchasable","16":"product-type-simple"},"_links":{"self":[{"href":"https:\/\/faberpet.ro\/stage\/wp-json\/wp\/v2\/product\/5539","targetHints":{"allow":["GET"]}}],"collection":[{"href":"https:\/\/faberpet.ro\/stage\/wp-json\/wp\/v2\/product"}],"about":[{"href":"https:\/\/faberpet.ro\/stage\/wp-json\/wp\/v2\/types\/product"}],"wp:featuredmedia":[{"embeddable":true,"href":"https:\/\/faberpet.ro\/stage\/wp-json\/wp\/v2\/media\/10565"}],"wp:attachment":[{"href":"https:\/\/faberpet.ro\/stage\/wp-json\/wp\/v2\/media?parent=5539"}],"wp:term":[{"taxonomy":"product_brand","embeddable":true,"href":"https:\/\/faberpet.ro\/stage\/wp-json\/wp\/v2\/product_brand?post=5539"},{"taxonomy":"product_cat","embeddable":true,"href":"https:\/\/faberpet.ro\/stage\/wp-json\/wp\/v2\/product_cat?post=5539"},{"taxonomy":"product_tag","embeddable":true,"href":"https:\/\/faberpet.ro\/stage\/wp-json\/wp\/v2\/product_tag?post=5539"}],"curies":[{"name":"wp","href":"https:\/\/api.w.org\/{rel}","templated":true}]}}