{"id":5541,"date":"2024-10-21T20:35:14","date_gmt":"2024-10-21T17:35:14","guid":{"rendered":"https:\/\/faberpet.ro\/stage\/produs\/vita-plus-pentru-pasari-exotice-30-ml\/"},"modified":"2025-08-05T09:00:59","modified_gmt":"2025-08-05T07:00:59","slug":"vita-plus-pentru-pasari-exotice-30-ml","status":"publish","type":"product","link":"https:\/\/faberpet.ro\/stage\/produs\/vita-plus-pentru-pasari-exotice-30-ml\/","title":{"rendered":"VITA-PLUS pentru pasari exotice 30 ml"},"content":{"rendered":"<p>VITA- PLUS pentru p\u0103s\u0103ri exotice con\u0163ine vitaminele (A, D3, B1, B2, B6, PP, K3, E, D- panthenol), aminoacizii (colin\u0103, lizin\u0103, metionin\u0103), microelementele (Fe, Cu, Mn, Zn, Mg, Co) necesare pentru dezvoltarea armonioas\u0103 a organismului. Ca adjuvant \u00een st\u0103ri caren\u0163iale, avitaminoze, apatie, anorexie, \u00een convalescen\u0163\u0103, \u0219tres. \u00cent\u0103re\u015fte rezisten\u0163a organismului. Pentru prevenirea bolilor infec\u0163ioase \u015fi parazitare. Se administreaz\u0103 \u00een ap\u0103 de b\u0103ut, se adaug\u0103 30 \u2013 40 pic\u0103turi (1 ml) la 100 mililitri de ap\u0103 timp de 5- 7 zile. Se repet\u0103 la intervale de 3- 4 s\u0103pt\u0103m\u00e2ni. Se agit\u0103 \u00eenainte de administrare. VITA- PLUS pentru p\u0103s\u0103ri exotice se p\u0103streaz\u0103 la temperatura camerei (15- 25 C\u02da). A nu se l\u0103sa la \u00eendem\u00e2na copiilor. CON\u0162INE:100 ml solu\u0163ie con\u0163ine:\u2013 100. 000 U. I. VITAMINA A\u2013 8. 000 U. I. VITAMINA D3\u2013 8 mg VITAMINA B1\u2013 20 mg VITAMINA B2\u2013 16 mg VITAMINA B6\u2013 24 mg D- PANTHENOL\u2013 24 mg VITAMINA PP\u2013 6 mg VITAMINA K3\u2013 40 mg VITAMINA E\u2013 40 mg COLIN\u0102\u2013 40 mg LIZIN\u0102\u2013 20 mg METIONIN\u0102\u2013 6, 5 mg MANGAN\u2013 1, 35 mg FIER\u2013 0, 35 mg CUPRU\u2013 4, 5 mg ZINC\u2013 0, 6 mg MAGNEZIU\u2013 0, 07 mg COBALT\u2013 ad 100 ml AP\u0102 DISTILAT\u0102Se vinde ambalat c\u00e2te 5 buc\/set! Pre\u021bul afi\u0219at este per buc!<\/p>\n","protected":false},"excerpt":{"rendered":"<p>VITA- PLUS pentru p\u0103s\u0103ri exotice con\u0163ine vitaminele (A, D3, B1, B2, B6, PP, K3, E, D- panthenol), aminoacizii (colin\u0103, lizin\u0103, metionin\u0103), microelementele (Fe, Cu, Mn, Zn, Mg, Co) necesare pentru dezvoltarea armonioas\u0103 a organismului. Ca adjuvant \u00een st\u0103ri caren\u0163iale, avitaminoze, apatie, anorexie, \u00een convalescen\u0163\u0103, \u0219tres. \u00cent\u0103re\u015fte rezisten\u0163a organismului. Pentru prevenirea bolilor infec\u0163ioase \u015fi parazitare. Se [&hellip;]<\/p>\n","protected":false},"featured_media":10567,"template":"","meta":[],"product_brand":[],"product_cat":[174,2442],"product_tag":[252,2441,119],"class_list":{"0":"post-5541","1":"product","2":"type-product","3":"status-publish","4":"has-post-thumbnail","6":"product_cat-pasari","7":"product_cat-suplimente-nutritive","8":"product_tag-hrana-suplimente","9":"product_tag-mancare-pentru-pasari","10":"product_tag-vita-plus","12":"first","13":"instock","14":"shipping-taxable","15":"purchasable","16":"product-type-simple"},"_links":{"self":[{"href":"https:\/\/faberpet.ro\/stage\/wp-json\/wp\/v2\/product\/5541","targetHints":{"allow":["GET"]}}],"collection":[{"href":"https:\/\/faberpet.ro\/stage\/wp-json\/wp\/v2\/product"}],"about":[{"href":"https:\/\/faberpet.ro\/stage\/wp-json\/wp\/v2\/types\/product"}],"wp:featuredmedia":[{"embeddable":true,"href":"https:\/\/faberpet.ro\/stage\/wp-json\/wp\/v2\/media\/10567"}],"wp:attachment":[{"href":"https:\/\/faberpet.ro\/stage\/wp-json\/wp\/v2\/media?parent=5541"}],"wp:term":[{"taxonomy":"product_brand","embeddable":true,"href":"https:\/\/faberpet.ro\/stage\/wp-json\/wp\/v2\/product_brand?post=5541"},{"taxonomy":"product_cat","embeddable":true,"href":"https:\/\/faberpet.ro\/stage\/wp-json\/wp\/v2\/product_cat?post=5541"},{"taxonomy":"product_tag","embeddable":true,"href":"https:\/\/faberpet.ro\/stage\/wp-json\/wp\/v2\/product_tag?post=5541"}],"curies":[{"name":"wp","href":"https:\/\/api.w.org\/{rel}","templated":true}]}}