{"id":5543,"date":"2024-10-21T20:35:14","date_gmt":"2024-10-21T17:35:14","guid":{"rendered":"https:\/\/faberpet.ro\/stage\/produs\/os-sepia-turnat-din-calciu-furajer\/"},"modified":"2025-08-28T07:04:59","modified_gmt":"2025-08-28T05:04:59","slug":"os-sepia-turnat-din-calciu-furajer","status":"publish","type":"product","link":"https:\/\/faberpet.ro\/stage\/produs\/os-sepia-turnat-din-calciu-furajer\/","title":{"rendered":"Os sepia turnat din calciu furajer 20\/set"},"content":{"rendered":"<p>Supliment natural, completeaz\u0103 \u0219i diversific\u0103 hrana p\u0103s\u0103rilor. Surs\u0103 de calciu, excelent pentru tocirea ciocului p\u0103s\u0103rilor de colivie \u0219i nu numai. P\u0103streaz\u0103 forma natural\u0103 a ciocului. Se prinde u\u0219or \u00een colivie datorit\u0103 faptului c\u0103 este prev\u0103zut cu sistem de prindere. A se p\u0103stra la loc uscat \u0219i r\u0103coros. Cantitatea: 30 \u0219i 35 gr. Se vinde ambalat c\u00e2te 20 buc\/set! Pre\u021bul afi\u0219at este per buc!<\/p>\n","protected":false},"excerpt":{"rendered":"<p>Supliment natural, completeaz\u0103 \u0219i diversific\u0103 hrana p\u0103s\u0103rilor. Surs\u0103 de calciu, excelent pentru tocirea ciocului p\u0103s\u0103rilor de colivie \u0219i nu numai. P\u0103streaz\u0103 forma natural\u0103 a ciocului. Se prinde u\u0219or \u00een colivie datorit\u0103 faptului c\u0103 este prev\u0103zut cu sistem de prindere. A se p\u0103stra la loc uscat \u0219i r\u0103coros. Cantitatea: 30 \u0219i 35 gr. Se vinde ambalat [&hellip;]<\/p>\n","protected":false},"featured_media":10569,"template":"","meta":[],"product_brand":[],"product_cat":[174,2442],"product_tag":[2448,2446,2447],"class_list":{"0":"post-5543","1":"product","2":"type-product","3":"status-publish","4":"has-post-thumbnail","6":"product_cat-pasari","7":"product_cat-suplimente-nutritive","8":"product_tag-calciu-furajer","9":"product_tag-hrana-furajer","10":"product_tag-pasari-furajer","12":"first","13":"instock","14":"shipping-taxable","15":"purchasable","16":"product-type-simple"},"_links":{"self":[{"href":"https:\/\/faberpet.ro\/stage\/wp-json\/wp\/v2\/product\/5543","targetHints":{"allow":["GET"]}}],"collection":[{"href":"https:\/\/faberpet.ro\/stage\/wp-json\/wp\/v2\/product"}],"about":[{"href":"https:\/\/faberpet.ro\/stage\/wp-json\/wp\/v2\/types\/product"}],"wp:featuredmedia":[{"embeddable":true,"href":"https:\/\/faberpet.ro\/stage\/wp-json\/wp\/v2\/media\/10569"}],"wp:attachment":[{"href":"https:\/\/faberpet.ro\/stage\/wp-json\/wp\/v2\/media?parent=5543"}],"wp:term":[{"taxonomy":"product_brand","embeddable":true,"href":"https:\/\/faberpet.ro\/stage\/wp-json\/wp\/v2\/product_brand?post=5543"},{"taxonomy":"product_cat","embeddable":true,"href":"https:\/\/faberpet.ro\/stage\/wp-json\/wp\/v2\/product_cat?post=5543"},{"taxonomy":"product_tag","embeddable":true,"href":"https:\/\/faberpet.ro\/stage\/wp-json\/wp\/v2\/product_tag?post=5543"}],"curies":[{"name":"wp","href":"https:\/\/api.w.org\/{rel}","templated":true}]}}