{"id":5544,"date":"2024-10-21T20:35:14","date_gmt":"2024-10-21T17:35:14","guid":{"rendered":"https:\/\/faberpet.ro\/stage\/produs\/oase-sepia-aromatizate-2x35-gr-2-buc-tropus\/"},"modified":"2025-08-28T07:05:26","modified_gmt":"2025-08-28T05:05:26","slug":"oase-sepia-aromatizate-2x35-gr-2-buc-tropus","status":"publish","type":"product","link":"https:\/\/faberpet.ro\/stage\/produs\/oase-sepia-aromatizate-2x35-gr-2-buc-tropus\/","title":{"rendered":"Oase sepia aromatizate 2&#215;35 gr TROPUS 5\/set"},"content":{"rendered":"<p>Con\u021bine extracte de fructe exotice, gustul atractiv este completat de con\u021binutul \u00eenalt de calciu \u0219i minereuri. Surs\u0103 de calciu, excelent pentru tocirea ciocului p\u0103s\u0103rilor de colivie \u0219i nu numai. P\u0103streaz\u0103 forma natural\u0103 a ciocului. Se prinde u\u0219or \u00een colivie datorit\u0103 faptului c\u0103 este prev\u0103zut cu sistem de prindere. A se p\u0103stra la loc uscat \u0219i r\u0103coros. Cantitatea net\u0103: 2&#215;35 gr. Dou\u0103 oase sepia aromatizate per cutie. Setul con\u021bine diferite oase sepia aromatizate: cu miere, cu mere, cu plante medicinale, cu fructe tropicale, cu vegetale. 100 % natural!<\/p>\n<p>Analiza compozi\u021biei garantate: Protein\u0103 crud\u0103 0, 15 %, Gr\u0103sime crud\u0103 0, 17 %, Cenu\u0219\u0103 8, 9 %, Fibr\u0103 crud\u0103 1, 1 %.<\/p>\n<p>Se vinde ambalat c\u00e2te 5 cutie\/set! Pre\u021bul afi\u0219at este per cutie!<\/p>\n","protected":false},"excerpt":{"rendered":"<p>Con\u021bine extracte de fructe exotice, gustul atractiv este completat de con\u021binutul \u00eenalt de calciu \u0219i minereuri. Surs\u0103 de calciu, excelent pentru tocirea ciocului p\u0103s\u0103rilor de colivie \u0219i nu numai. P\u0103streaz\u0103 forma natural\u0103 a ciocului. Se prinde u\u0219or \u00een colivie datorit\u0103 faptului c\u0103 este prev\u0103zut cu sistem de prindere. A se p\u0103stra la loc uscat \u0219i [&hellip;]<\/p>\n","protected":false},"featured_media":10572,"template":"","meta":[],"product_brand":[],"product_cat":[174,2442],"product_tag":[2451,2449,2450],"class_list":{"0":"post-5544","1":"product","2":"type-product","3":"status-publish","4":"has-post-thumbnail","6":"product_cat-pasari","7":"product_cat-suplimente-nutritive","8":"product_tag-oase-sephia","9":"product_tag-os-sepia","10":"product_tag-sepia-aromatizate","12":"first","13":"instock","14":"shipping-taxable","15":"purchasable","16":"product-type-simple"},"_links":{"self":[{"href":"https:\/\/faberpet.ro\/stage\/wp-json\/wp\/v2\/product\/5544","targetHints":{"allow":["GET"]}}],"collection":[{"href":"https:\/\/faberpet.ro\/stage\/wp-json\/wp\/v2\/product"}],"about":[{"href":"https:\/\/faberpet.ro\/stage\/wp-json\/wp\/v2\/types\/product"}],"wp:featuredmedia":[{"embeddable":true,"href":"https:\/\/faberpet.ro\/stage\/wp-json\/wp\/v2\/media\/10572"}],"wp:attachment":[{"href":"https:\/\/faberpet.ro\/stage\/wp-json\/wp\/v2\/media?parent=5544"}],"wp:term":[{"taxonomy":"product_brand","embeddable":true,"href":"https:\/\/faberpet.ro\/stage\/wp-json\/wp\/v2\/product_brand?post=5544"},{"taxonomy":"product_cat","embeddable":true,"href":"https:\/\/faberpet.ro\/stage\/wp-json\/wp\/v2\/product_cat?post=5544"},{"taxonomy":"product_tag","embeddable":true,"href":"https:\/\/faberpet.ro\/stage\/wp-json\/wp\/v2\/product_tag?post=5544"}],"curies":[{"name":"wp","href":"https:\/\/api.w.org\/{rel}","templated":true}]}}