{"id":5546,"date":"2024-10-21T20:35:14","date_gmt":"2024-10-21T17:35:14","guid":{"rendered":"https:\/\/faberpet.ro\/stage\/produs\/os-sepie-natur-14-18-cm-vrac\/"},"modified":"2025-08-04T11:56:40","modified_gmt":"2025-08-04T09:56:40","slug":"os-sepie-natur-14-18-cm-vrac","status":"publish","type":"product","link":"https:\/\/faberpet.ro\/stage\/produs\/os-sepie-natur-14-18-cm-vrac\/","title":{"rendered":"Os sepie natur, 14-18 cm vrac 5\/set"},"content":{"rendered":"<p>Supliment natural, completeaz\u0103 \u0219i diversific\u0103 hrana p\u0103s\u0103rilor. Surs\u0103 de calciu, excelent pentru tocirea ciocului p\u0103s\u0103rilor de colivie \u0219i nu numai. \u00cen afar\u0103 tocirea ciocului, asigur\u0103 furnizarea corect\u0103 de calciu, fosfor, ceea ce duce la o dezvoltare s\u0103n\u0103toas\u0103, un penaj genial \u0219i o structura osoas\u0103 ideal\u0103. 100% natural\u0103. P\u0103streaz\u0103 forma natural\u0103 a ciocului. A se p\u0103stra la loc uscat \u0219i r\u0103coros. 35 gr\/buc.<\/p>\n<p>Se vinde ambalat c\u00e2te 5 buc\/set! Pre\u021bul afi\u0219at este per buc!<\/p>\n","protected":false},"excerpt":{"rendered":"<p>Supliment natural, completeaz\u0103 \u0219i diversific\u0103 hrana p\u0103s\u0103rilor. Surs\u0103 de calciu, excelent pentru tocirea ciocului p\u0103s\u0103rilor de colivie \u0219i nu numai. \u00cen afar\u0103 tocirea ciocului, asigur\u0103 furnizarea corect\u0103 de calciu, fosfor, ceea ce duce la o dezvoltare s\u0103n\u0103toas\u0103, un penaj genial \u0219i o structura osoas\u0103 ideal\u0103. 100% natural\u0103. P\u0103streaz\u0103 forma natural\u0103 a ciocului. A se p\u0103stra [&hellip;]<\/p>\n","protected":false},"featured_media":10573,"template":"","meta":[],"product_brand":[],"product_cat":[174,2442],"product_tag":[2443,2452,2444],"class_list":{"0":"post-5546","1":"product","2":"type-product","3":"status-publish","4":"has-post-thumbnail","6":"product_cat-pasari","7":"product_cat-suplimente-nutritive","8":"product_tag-os-sepia-pasari","9":"product_tag-os-sepie-natur","10":"product_tag-os-vitaminizat","12":"first","13":"instock","14":"shipping-taxable","15":"purchasable","16":"product-type-simple"},"_links":{"self":[{"href":"https:\/\/faberpet.ro\/stage\/wp-json\/wp\/v2\/product\/5546","targetHints":{"allow":["GET"]}}],"collection":[{"href":"https:\/\/faberpet.ro\/stage\/wp-json\/wp\/v2\/product"}],"about":[{"href":"https:\/\/faberpet.ro\/stage\/wp-json\/wp\/v2\/types\/product"}],"wp:featuredmedia":[{"embeddable":true,"href":"https:\/\/faberpet.ro\/stage\/wp-json\/wp\/v2\/media\/10573"}],"wp:attachment":[{"href":"https:\/\/faberpet.ro\/stage\/wp-json\/wp\/v2\/media?parent=5546"}],"wp:term":[{"taxonomy":"product_brand","embeddable":true,"href":"https:\/\/faberpet.ro\/stage\/wp-json\/wp\/v2\/product_brand?post=5546"},{"taxonomy":"product_cat","embeddable":true,"href":"https:\/\/faberpet.ro\/stage\/wp-json\/wp\/v2\/product_cat?post=5546"},{"taxonomy":"product_tag","embeddable":true,"href":"https:\/\/faberpet.ro\/stage\/wp-json\/wp\/v2\/product_tag?post=5546"}],"curies":[{"name":"wp","href":"https:\/\/api.w.org\/{rel}","templated":true}]}}