{"id":5550,"date":"2024-10-21T20:35:15","date_gmt":"2024-10-21T17:35:15","guid":{"rendered":"https:\/\/faberpet.ro\/stage\/produs\/mei-ciorchina-pentru-pasari-70-gr-tropus\/"},"modified":"2025-08-28T07:06:16","modified_gmt":"2025-08-28T05:06:16","slug":"mei-ciorchina-pentru-pasari-70-gr-tropus","status":"publish","type":"product","link":"https:\/\/faberpet.ro\/stage\/produs\/mei-ciorchina-pentru-pasari-70-gr-tropus\/","title":{"rendered":"Mei ciorchina pentru pasari 70 gr &#8211; TROPUS"},"content":{"rendered":"<p>Sortiment de hran\u0103 complementar\u0103 recomandat ca alternativ\u0103 la amestecul de semin\u021be de baz\u0103, administrat zilnic diferitelor specii de p\u0103s\u0103ri crescute \u00een captivitate. Semin\u0163ele aurii sau ro\u015fiatice sunt preferatele lor \u015fi consum\u0103 zilnic o cantitate aproape dubl\u0103 fa\u0163\u0103 de greutatea lor. este o hran\u0103 natural\u0103 100 %. Se aga\u021b\u0103 \u00een colivie \u0219i se p\u0103streaz\u0103 p\u00e2n\u0103 ce sunt consumate semin\u021bele \u00een totalitate de pe ele. \u00cen caz de necesitate oferi\u021bi ap\u0103 proasp\u0103t\u0103. A se p\u0103stra la loc uscat \u0219i r\u0103coros. Cantitatea net\u0103: 70 gr.<\/p>\n","protected":false},"excerpt":{"rendered":"<p>Sortiment de hran\u0103 complementar\u0103 recomandat ca alternativ\u0103 la amestecul de semin\u021be de baz\u0103, administrat zilnic diferitelor specii de p\u0103s\u0103ri crescute \u00een captivitate. Semin\u0163ele aurii sau ro\u015fiatice sunt preferatele lor \u015fi consum\u0103 zilnic o cantitate aproape dubl\u0103 fa\u0163\u0103 de greutatea lor. este o hran\u0103 natural\u0103 100 %. Se aga\u021b\u0103 \u00een colivie \u0219i se p\u0103streaz\u0103 p\u00e2n\u0103 ce [&hellip;]<\/p>\n","protected":false},"featured_media":10577,"template":"","meta":[],"product_brand":[],"product_cat":[2425,174],"product_tag":[2455,2423,2456],"class_list":{"0":"post-5550","1":"product","2":"type-product","3":"status-publish","4":"has-post-thumbnail","6":"product_cat-hrana-pasari","7":"product_cat-pasari","8":"product_tag-hrana-papagal","9":"product_tag-hrana-pasari","10":"product_tag-mei-chiorchina","12":"first","13":"instock","14":"shipping-taxable","15":"purchasable","16":"product-type-simple"},"_links":{"self":[{"href":"https:\/\/faberpet.ro\/stage\/wp-json\/wp\/v2\/product\/5550","targetHints":{"allow":["GET"]}}],"collection":[{"href":"https:\/\/faberpet.ro\/stage\/wp-json\/wp\/v2\/product"}],"about":[{"href":"https:\/\/faberpet.ro\/stage\/wp-json\/wp\/v2\/types\/product"}],"wp:featuredmedia":[{"embeddable":true,"href":"https:\/\/faberpet.ro\/stage\/wp-json\/wp\/v2\/media\/10577"}],"wp:attachment":[{"href":"https:\/\/faberpet.ro\/stage\/wp-json\/wp\/v2\/media?parent=5550"}],"wp:term":[{"taxonomy":"product_brand","embeddable":true,"href":"https:\/\/faberpet.ro\/stage\/wp-json\/wp\/v2\/product_brand?post=5550"},{"taxonomy":"product_cat","embeddable":true,"href":"https:\/\/faberpet.ro\/stage\/wp-json\/wp\/v2\/product_cat?post=5550"},{"taxonomy":"product_tag","embeddable":true,"href":"https:\/\/faberpet.ro\/stage\/wp-json\/wp\/v2\/product_tag?post=5550"}],"curies":[{"name":"wp","href":"https:\/\/api.w.org\/{rel}","templated":true}]}}