{"id":5552,"date":"2024-10-21T20:35:15","date_gmt":"2024-10-21T17:35:15","guid":{"rendered":"https:\/\/faberpet.ro\/stage\/produs\/hrana-pentru-perusi-1000-gr\/"},"modified":"2025-08-04T11:57:33","modified_gmt":"2025-08-04T09:57:33","slug":"hrana-pentru-perusi-1000-gr","status":"publish","type":"product","link":"https:\/\/faberpet.ro\/stage\/produs\/hrana-pentru-perusi-1000-gr\/","title":{"rendered":"Hrana pentru Perusi 1000 gr"},"content":{"rendered":"<p>Papagalul Peru\u0219 este unul dintre p\u0103s\u0103rile cele mai preferate, fiind o specie f\u0103r\u0103 preten\u021bii \u0219i capabil pentru vorbire. Hrana pentru p\u0103s\u0103ri &#8220;VOGEL&#8221; este de calitate \u0219i este remarcabil\u0103 datorit\u0103 amestecului de semin\u021be, selectat\u0103 dup\u0103 re\u021beta cresc\u0103torilor. Alimentarea se face odat\u0103 pe zi \u0219i poate fi suplimentat\u0103 cu salat\u0103, mere, sfecl\u0103, ou fiert, ca\u0219caval \u0219i pi\u0219cot. \u00cen caz de necesitate oferi\u021bi ap\u0103 proasp\u0103t\u0103. A se p\u0103stra la loc uscat \u0219i r\u0103coros. Cantitatea net\u0103: 1000 gr. Con\u021bine: semin\u021be de mei, semin\u021be de ov\u0103z, etc. Se vinde ambalat c\u00e2te 6 buc\/set! Pre\u021bul afi\u0219at este per buc!<\/p>\n","protected":false},"excerpt":{"rendered":"<p>Papagalul Peru\u0219 este unul dintre p\u0103s\u0103rile cele mai preferate, fiind o specie f\u0103r\u0103 preten\u021bii \u0219i capabil pentru vorbire. Hrana pentru p\u0103s\u0103ri &#8220;VOGEL&#8221; este de calitate \u0219i este remarcabil\u0103 datorit\u0103 amestecului de semin\u021be, selectat\u0103 dup\u0103 re\u021beta cresc\u0103torilor. Alimentarea se face odat\u0103 pe zi \u0219i poate fi suplimentat\u0103 cu salat\u0103, mere, sfecl\u0103, ou fiert, ca\u0219caval \u0219i pi\u0219cot. [&hellip;]<\/p>\n","protected":false},"featured_media":10579,"template":"","meta":[],"product_brand":[],"product_cat":[2425,174],"product_tag":[2461,2459,2460],"class_list":{"0":"post-5552","1":"product","2":"type-product","3":"status-publish","4":"has-post-thumbnail","6":"product_cat-hrana-pasari","7":"product_cat-pasari","8":"product_tag-hrana-pasari-exotice","9":"product_tag-hrane-pasari-exotice","10":"product_tag-mancare-papagal","12":"first","13":"instock","14":"shipping-taxable","15":"purchasable","16":"product-type-simple"},"_links":{"self":[{"href":"https:\/\/faberpet.ro\/stage\/wp-json\/wp\/v2\/product\/5552","targetHints":{"allow":["GET"]}}],"collection":[{"href":"https:\/\/faberpet.ro\/stage\/wp-json\/wp\/v2\/product"}],"about":[{"href":"https:\/\/faberpet.ro\/stage\/wp-json\/wp\/v2\/types\/product"}],"wp:featuredmedia":[{"embeddable":true,"href":"https:\/\/faberpet.ro\/stage\/wp-json\/wp\/v2\/media\/10579"}],"wp:attachment":[{"href":"https:\/\/faberpet.ro\/stage\/wp-json\/wp\/v2\/media?parent=5552"}],"wp:term":[{"taxonomy":"product_brand","embeddable":true,"href":"https:\/\/faberpet.ro\/stage\/wp-json\/wp\/v2\/product_brand?post=5552"},{"taxonomy":"product_cat","embeddable":true,"href":"https:\/\/faberpet.ro\/stage\/wp-json\/wp\/v2\/product_cat?post=5552"},{"taxonomy":"product_tag","embeddable":true,"href":"https:\/\/faberpet.ro\/stage\/wp-json\/wp\/v2\/product_tag?post=5552"}],"curies":[{"name":"wp","href":"https:\/\/api.w.org\/{rel}","templated":true}]}}