{"id":5555,"date":"2024-10-21T20:35:16","date_gmt":"2024-10-21T17:35:16","guid":{"rendered":"https:\/\/faberpet.ro\/stage\/produs\/hrana-pentru-rozatoare-1000-gr\/"},"modified":"2026-02-09T12:55:29","modified_gmt":"2026-02-09T10:55:29","slug":"hrana-pentru-rozatoare-1000-gr","status":"publish","type":"product","link":"https:\/\/faberpet.ro\/stage\/produs\/hrana-pentru-rozatoare-1000-gr\/","title":{"rendered":"Hrana pentru Rozatoare 1000 gr"},"content":{"rendered":"<p>Hrana pentru roz\u0103toare &#8220;VOGEL&#8221; este de calitate \u0219i este remarcabil\u0103 datorit\u0103 amestecului de semin\u021be, selectat\u0103 dup\u0103 re\u021beta cresc\u0103torilor. Modul de \u00eentrebuin\u021bare este simplu. Dozajul zilnic: Hamsteri 20 gr, \u0218oarece alb 10g, Cobai 30g, Iepure 50g. Alimentarea poate fi suplimentat\u0103 cu foi de salat\u0103, varz\u0103, legume sau fructe. \u00cen caz de necesitate oferi\u021bi ap\u0103 proasp\u0103t\u0103. A se p\u0103stra la loc uscat \u0219i r\u0103coros. Cantitatea net\u0103: 1000 gr. Con\u021bine: semin\u021be de gr\u00e2u, semin\u021be de ov\u0103z, semin\u021be de sorg, semin\u021be de m\u0103lai, etc.<\/p>\n<p>Se vinde ambalat c\u00e2te 6 buc\/set!<\/p>\n<p>Pre\u021bul afi\u0219at este per buc!<\/p>\n","protected":false},"excerpt":{"rendered":"<p>Hrana pentru roz\u0103toare &#8220;VOGEL&#8221; este de calitate \u0219i este remarcabil\u0103 datorit\u0103 amestecului de semin\u021be, selectat\u0103 dup\u0103 re\u021beta cresc\u0103torilor. Modul de \u00eentrebuin\u021bare este simplu. Dozajul zilnic: Hamsteri 20 gr, \u0218oarece alb 10g, Cobai 30g, Iepure 50g. Alimentarea poate fi suplimentat\u0103 cu foi de salat\u0103, varz\u0103, legume sau fructe. \u00cen caz de necesitate oferi\u021bi ap\u0103 proasp\u0103t\u0103. A [&hellip;]<\/p>\n","protected":false},"featured_media":10582,"template":"","meta":[],"product_brand":[],"product_cat":[2429,652],"product_tag":[2466,2468,2467],"class_list":{"0":"post-5555","1":"product","2":"type-product","3":"status-publish","4":"has-post-thumbnail","6":"product_cat-hrana-rozatoare","7":"product_cat-rozatoare","8":"product_tag-hrana-rozatoare","9":"product_tag-hrana-vogel","10":"product_tag-mancare-rozatoare","12":"first","13":"instock","14":"shipping-taxable","15":"purchasable","16":"product-type-simple"},"_links":{"self":[{"href":"https:\/\/faberpet.ro\/stage\/wp-json\/wp\/v2\/product\/5555","targetHints":{"allow":["GET"]}}],"collection":[{"href":"https:\/\/faberpet.ro\/stage\/wp-json\/wp\/v2\/product"}],"about":[{"href":"https:\/\/faberpet.ro\/stage\/wp-json\/wp\/v2\/types\/product"}],"wp:featuredmedia":[{"embeddable":true,"href":"https:\/\/faberpet.ro\/stage\/wp-json\/wp\/v2\/media\/10582"}],"wp:attachment":[{"href":"https:\/\/faberpet.ro\/stage\/wp-json\/wp\/v2\/media?parent=5555"}],"wp:term":[{"taxonomy":"product_brand","embeddable":true,"href":"https:\/\/faberpet.ro\/stage\/wp-json\/wp\/v2\/product_brand?post=5555"},{"taxonomy":"product_cat","embeddable":true,"href":"https:\/\/faberpet.ro\/stage\/wp-json\/wp\/v2\/product_cat?post=5555"},{"taxonomy":"product_tag","embeddable":true,"href":"https:\/\/faberpet.ro\/stage\/wp-json\/wp\/v2\/product_tag?post=5555"}],"curies":[{"name":"wp","href":"https:\/\/api.w.org\/{rel}","templated":true}]}}