{"id":5556,"date":"2024-10-21T20:35:16","date_gmt":"2024-10-21T17:35:16","guid":{"rendered":"https:\/\/faberpet.ro\/stage\/produs\/hrana-pentru-rozatoare-cu-vitamine-1000-gr-premium\/"},"modified":"2026-02-09T12:55:46","modified_gmt":"2026-02-09T10:55:46","slug":"hrana-pentru-rozatoare-cu-vitamine-1000-gr-premium","status":"publish","type":"product","link":"https:\/\/faberpet.ro\/stage\/produs\/hrana-pentru-rozatoare-cu-vitamine-1000-gr-premium\/","title":{"rendered":"Hrana pentru Rozatoare cu vitamine 1000 gr &#8211; PREMIUM"},"content":{"rendered":"<p>Hrana pentru roz\u0103toare &#8220;VOGEL&#8221; este de calitate \u0219i este remarcabil\u0103 datorit\u0103 amestecului de semin\u021be, selectat\u0103 dup\u0103 re\u021beta cresc\u0103torilor. Modul de \u00eentrebuin\u021bare este simplu. Ar trebui s\u0103 fie \u00eentotdeauna hr\u0103ni\u021bi \u00een func\u021bie de nevoile animalului. Ne putem oferi amestecul de semin\u021be ca fel principal. Alimentarea poate fi suplimentat\u0103 cu foi de salat\u0103, varz\u0103, legume sau fructe. \u00cen caz de necesitate oferi\u021bi ap\u0103 proasp\u0103t\u0103. A se p\u0103stra la loc uscat \u0219i r\u0103coros. Cantitatea net\u0103: 1000 gr. Compozi\u021bia furajului: cereale extrudate, fulgi de porumb \u0219i gr\u00e2u, orz, semin\u021be de floarea soarelui, maz\u0103re, fructe uscate, semin\u021be de in, mere, banan\u0103, legume uscate, etc.<\/p>\n","protected":false},"excerpt":{"rendered":"<p>Hrana pentru roz\u0103toare &#8220;VOGEL&#8221; este de calitate \u0219i este remarcabil\u0103 datorit\u0103 amestecului de semin\u021be, selectat\u0103 dup\u0103 re\u021beta cresc\u0103torilor. Modul de \u00eentrebuin\u021bare este simplu. Ar trebui s\u0103 fie \u00eentotdeauna hr\u0103ni\u021bi \u00een func\u021bie de nevoile animalului. Ne putem oferi amestecul de semin\u021be ca fel principal. Alimentarea poate fi suplimentat\u0103 cu foi de salat\u0103, varz\u0103, legume sau fructe. [&hellip;]<\/p>\n","protected":false},"featured_media":10583,"template":"","meta":[],"product_brand":[],"product_cat":[2429,652],"product_tag":[2466,2468,2467],"class_list":{"0":"post-5556","1":"product","2":"type-product","3":"status-publish","4":"has-post-thumbnail","6":"product_cat-hrana-rozatoare","7":"product_cat-rozatoare","8":"product_tag-hrana-rozatoare","9":"product_tag-hrana-vogel","10":"product_tag-mancare-rozatoare","12":"first","13":"instock","14":"shipping-taxable","15":"purchasable","16":"product-type-simple"},"_links":{"self":[{"href":"https:\/\/faberpet.ro\/stage\/wp-json\/wp\/v2\/product\/5556","targetHints":{"allow":["GET"]}}],"collection":[{"href":"https:\/\/faberpet.ro\/stage\/wp-json\/wp\/v2\/product"}],"about":[{"href":"https:\/\/faberpet.ro\/stage\/wp-json\/wp\/v2\/types\/product"}],"wp:featuredmedia":[{"embeddable":true,"href":"https:\/\/faberpet.ro\/stage\/wp-json\/wp\/v2\/media\/10583"}],"wp:attachment":[{"href":"https:\/\/faberpet.ro\/stage\/wp-json\/wp\/v2\/media?parent=5556"}],"wp:term":[{"taxonomy":"product_brand","embeddable":true,"href":"https:\/\/faberpet.ro\/stage\/wp-json\/wp\/v2\/product_brand?post=5556"},{"taxonomy":"product_cat","embeddable":true,"href":"https:\/\/faberpet.ro\/stage\/wp-json\/wp\/v2\/product_cat?post=5556"},{"taxonomy":"product_tag","embeddable":true,"href":"https:\/\/faberpet.ro\/stage\/wp-json\/wp\/v2\/product_tag?post=5556"}],"curies":[{"name":"wp","href":"https:\/\/api.w.org\/{rel}","templated":true}]}}