{"id":5560,"date":"2024-10-21T20:35:16","date_gmt":"2024-10-21T17:35:16","guid":{"rendered":"https:\/\/faberpet.ro\/stage\/produs\/hrana-pentru-papagal-mare-cu-vitamine-1000-gr-premium\/"},"modified":"2026-01-19T11:43:43","modified_gmt":"2026-01-19T09:43:43","slug":"hrana-pentru-papagal-mare-cu-vitamine-1000-gr-premium","status":"publish","type":"product","link":"https:\/\/faberpet.ro\/stage\/produs\/hrana-pentru-papagal-mare-cu-vitamine-1000-gr-premium\/","title":{"rendered":"Hrana pentru Papagal Mare cu vitamine 1000 gr &#8211; PREMIUM"},"content":{"rendered":"<p>Cele mai r\u0103sp\u00e2ndite specii de papagal mare: Nimfa, Roseta, Pennant, etc. Aceste p\u0103s\u0103ri sunt cunoscute fiind capabile la vorbire. Amestecul &#8220;VOGEL&#8221; este de calitate \u0219i este remarcabil\u0103 datorit\u0103 amestecului de semin\u021be, selectat\u0103 dup\u0103 re\u021beta cresc\u0103torilor. Componentele sale sunt substan\u021be naturale, intensificate prin tehnologii de prelucrare. Alimentul con\u021bine vitamine \u0219i minerale. Hr\u0103nirea regulat\u0103 a animalului ajut\u0103 la formarea \u0219i men\u021binrea penelor lucioase \u0219i p\u0103strarea st\u0103rii de bine a p\u0103s\u0103rilor. Componentele sale asigur\u0103 p\u0103s\u0103rii dvs. o alimenta\u021bie diversificat\u0103. \u00cen caz de necesitate oferi\u021bi ap\u0103 proasp\u0103t\u0103. A se p\u0103stra la loc uscat \u0219i r\u0103coros. Cantitatea net\u0103: 1000 gr. Ingrediente: mei galben, mei ro\u0219u, ov\u0103z, semin\u021be de floarea soarelui, semin\u021be de gr\u00e2u, vitamine granulate, etc. Analiza compozi\u021biei garantate:Protein\u0103 crud\u0103 13 %Gr\u0103sime crud\u0103 4, 5 %Cenu\u0219\u0103 crud\u0103 4, 75 %Fibr\u0103 crud\u0103 6 %Calciu 0, 9 %Fosfor 0, 6 %Vitamina AVitamina CVitamina D3<\/p>\n","protected":false},"excerpt":{"rendered":"<p>Cele mai r\u0103sp\u00e2ndite specii de papagal mare: Nimfa, Roseta, Pennant, etc. Aceste p\u0103s\u0103ri sunt cunoscute fiind capabile la vorbire. Amestecul &#8220;VOGEL&#8221; este de calitate \u0219i este remarcabil\u0103 datorit\u0103 amestecului de semin\u021be, selectat\u0103 dup\u0103 re\u021beta cresc\u0103torilor. Componentele sale sunt substan\u021be naturale, intensificate prin tehnologii de prelucrare. Alimentul con\u021bine vitamine \u0219i minerale. Hr\u0103nirea regulat\u0103 a animalului ajut\u0103 [&hellip;]<\/p>\n","protected":false},"featured_media":10587,"template":"","meta":[],"product_brand":[],"product_cat":[2425,174],"product_tag":[2475,2474,2476],"class_list":{"0":"post-5560","1":"product","2":"type-product","3":"status-publish","4":"has-post-thumbnail","6":"product_cat-hrana-pasari","7":"product_cat-pasari","8":"product_tag-hrana-premium-pasari","9":"product_tag-mancare-pasari","10":"product_tag-mancare-premium","12":"first","13":"instock","14":"shipping-taxable","15":"purchasable","16":"product-type-simple"},"_links":{"self":[{"href":"https:\/\/faberpet.ro\/stage\/wp-json\/wp\/v2\/product\/5560","targetHints":{"allow":["GET"]}}],"collection":[{"href":"https:\/\/faberpet.ro\/stage\/wp-json\/wp\/v2\/product"}],"about":[{"href":"https:\/\/faberpet.ro\/stage\/wp-json\/wp\/v2\/types\/product"}],"wp:featuredmedia":[{"embeddable":true,"href":"https:\/\/faberpet.ro\/stage\/wp-json\/wp\/v2\/media\/10587"}],"wp:attachment":[{"href":"https:\/\/faberpet.ro\/stage\/wp-json\/wp\/v2\/media?parent=5560"}],"wp:term":[{"taxonomy":"product_brand","embeddable":true,"href":"https:\/\/faberpet.ro\/stage\/wp-json\/wp\/v2\/product_brand?post=5560"},{"taxonomy":"product_cat","embeddable":true,"href":"https:\/\/faberpet.ro\/stage\/wp-json\/wp\/v2\/product_cat?post=5560"},{"taxonomy":"product_tag","embeddable":true,"href":"https:\/\/faberpet.ro\/stage\/wp-json\/wp\/v2\/product_tag?post=5560"}],"curies":[{"name":"wp","href":"https:\/\/api.w.org\/{rel}","templated":true}]}}