{"id":5562,"date":"2024-10-21T20:35:17","date_gmt":"2024-10-21T17:35:17","guid":{"rendered":"https:\/\/faberpet.ro\/stage\/produs\/hrana-pentru-cobai-porcusori-1000-gr\/"},"modified":"2025-08-04T12:03:05","modified_gmt":"2025-08-04T10:03:05","slug":"hrana-pentru-cobai-porcusori-1000-gr","status":"publish","type":"product","link":"https:\/\/faberpet.ro\/stage\/produs\/hrana-pentru-cobai-porcusori-1000-gr\/","title":{"rendered":"Hrana pentru Cobai, Porcusori 1000 gr"},"content":{"rendered":"<p>Cobai este un amestec ideal care con\u021bine elemente nutritive indispensabile pentru cobai. Amestecul &#8220;VOGEL&#8221; este selec\u021bionat atent din semin\u021be de calitate superioar\u0103 \u0219i cu mare puritate. este alc\u0103tuit pe baza unor experien\u021be \u0219tiin\u021bifice \u0219i practice \u00eendelungate. \u00cen func\u021bie de dezvoltarea animalului se administreaz\u0103 3- 40 grame. Pe l\u00e2ng\u0103 acest amestec se recomand\u0103 completarea cu legume, mere, maz\u0103re verde, frunze de morcov. Prin folosirea regulata a sepiei sau a coajei de p\u00e2ine uscat\u0103 preveni\u021bi cre\u0219terea din\u021bilor animalului \u0219i tocirea uniform\u0103 a din\u021bilor. Evita\u021bi balonarea lor nehr\u0103nind cu varz\u0103, cartofi sau ridichi. Ca a\u0219ternut putem folosi rumegu\u0219. \u00cen caz de necesitate oferi\u021bi ap\u0103 proasp\u0103t\u0103. Oferindu- i o alimenta\u021bie corespunz\u0103toare, ne vom bucura de un animal de companie s\u0103n\u0103tos. A se p\u0103stra la loc uscat \u0219i r\u0103coros. Cantitatea net\u0103: 1000 gr. Compozi\u021bie: furaj granulat, ov\u0103z, gr\u00e2u, semin\u021be de floarea soarelui, porumb, costrei dulce, etc. Se vinde ambalat c\u00e2te 6 buc\/set! Pre\u021bul afi\u0219at este per buc!<\/p>\n","protected":false},"excerpt":{"rendered":"<p>Cobai este un amestec ideal care con\u021bine elemente nutritive indispensabile pentru cobai. Amestecul &#8220;VOGEL&#8221; este selec\u021bionat atent din semin\u021be de calitate superioar\u0103 \u0219i cu mare puritate. este alc\u0103tuit pe baza unor experien\u021be \u0219tiin\u021bifice \u0219i practice \u00eendelungate. \u00cen func\u021bie de dezvoltarea animalului se administreaz\u0103 3- 40 grame. Pe l\u00e2ng\u0103 acest amestec se recomand\u0103 completarea cu legume, [&hellip;]<\/p>\n","protected":false},"featured_media":10589,"template":"","meta":[],"product_brand":[],"product_cat":[2429,652],"product_tag":[2479,2467,2464],"class_list":{"0":"post-5562","1":"product","2":"type-product","3":"status-publish","4":"has-post-thumbnail","6":"product_cat-hrana-rozatoare","7":"product_cat-rozatoare","8":"product_tag-cobai","9":"product_tag-mancare-rozatoare","10":"product_tag-rozatoare-hrana","12":"first","13":"instock","14":"shipping-taxable","15":"purchasable","16":"product-type-simple"},"_links":{"self":[{"href":"https:\/\/faberpet.ro\/stage\/wp-json\/wp\/v2\/product\/5562","targetHints":{"allow":["GET"]}}],"collection":[{"href":"https:\/\/faberpet.ro\/stage\/wp-json\/wp\/v2\/product"}],"about":[{"href":"https:\/\/faberpet.ro\/stage\/wp-json\/wp\/v2\/types\/product"}],"wp:featuredmedia":[{"embeddable":true,"href":"https:\/\/faberpet.ro\/stage\/wp-json\/wp\/v2\/media\/10589"}],"wp:attachment":[{"href":"https:\/\/faberpet.ro\/stage\/wp-json\/wp\/v2\/media?parent=5562"}],"wp:term":[{"taxonomy":"product_brand","embeddable":true,"href":"https:\/\/faberpet.ro\/stage\/wp-json\/wp\/v2\/product_brand?post=5562"},{"taxonomy":"product_cat","embeddable":true,"href":"https:\/\/faberpet.ro\/stage\/wp-json\/wp\/v2\/product_cat?post=5562"},{"taxonomy":"product_tag","embeddable":true,"href":"https:\/\/faberpet.ro\/stage\/wp-json\/wp\/v2\/product_tag?post=5562"}],"curies":[{"name":"wp","href":"https:\/\/api.w.org\/{rel}","templated":true}]}}