{"id":5564,"date":"2024-10-21T20:35:17","date_gmt":"2024-10-21T17:35:17","guid":{"rendered":"https:\/\/faberpet.ro\/stage\/produs\/hrana-pentru-iepure-1000-gr\/"},"modified":"2025-08-04T12:03:33","modified_gmt":"2025-08-04T10:03:33","slug":"hrana-pentru-iepure-1000-gr","status":"publish","type":"product","link":"https:\/\/faberpet.ro\/stage\/produs\/hrana-pentru-iepure-1000-gr\/","title":{"rendered":"Hrana pentru Iepure 1000 gr"},"content":{"rendered":"<p>Hran\u0103 amestec de semin\u021be pentru Iepure este un amestec ideal care con\u021bine elemente nutritive indispensabile pentru iepuri. Amestecul &#8220;VOGEL&#8221; este selec\u021bionat atent din semin\u021be de calitate superioar\u0103 \u0219i cu mare puritate. este alc\u0103tuit pe baza unor experien\u021be \u0219tiin\u021bifice \u0219i practice \u00eendelungate. Pentru iepure pitic dozajul corespunz\u0103tor este de 2- 3 linguri pe zi, iar pentru iepuri de talie mai mare de 5- 6 linguri pe zi. Aten\u021bie! Iepurii pretind f\u00e2n at\u00e2t iarna c\u00e2t \u0219i vara din cauza particularit\u0103\u021bii digestiei sensibile. \u00cen caz de necesitate oferi\u021bi ap\u0103 proasp\u0103t\u0103. Oferindu- i o alimenta\u021bie corespunz\u0103toare, ne vom bucura de un animal de companie s\u0103n\u0103tos. A se p\u0103stra la loc uscat \u0219i r\u0103coros. Cantitatea net\u0103: 1000 gr. Compozi\u021bie: semin\u021be de gr\u00e2u, semin\u021be de ov\u0103z, semin\u021be de floarea soarelui, furaj granulat, porumb, costrei dulce, etc. Se vinde ambalat c\u00e2te 6 buc\/set! Pre\u021bul afi\u0219at este per buc!<\/p>\n","protected":false},"excerpt":{"rendered":"<p>Hran\u0103 amestec de semin\u021be pentru Iepure este un amestec ideal care con\u021bine elemente nutritive indispensabile pentru iepuri. Amestecul &#8220;VOGEL&#8221; este selec\u021bionat atent din semin\u021be de calitate superioar\u0103 \u0219i cu mare puritate. este alc\u0103tuit pe baza unor experien\u021be \u0219tiin\u021bifice \u0219i practice \u00eendelungate. Pentru iepure pitic dozajul corespunz\u0103tor este de 2- 3 linguri pe zi, iar pentru [&hellip;]<\/p>\n","protected":false},"featured_media":10591,"template":"","meta":[],"product_brand":[],"product_cat":[2429,652],"product_tag":[2481,2480,2482],"class_list":{"0":"post-5564","1":"product","2":"type-product","3":"status-publish","4":"has-post-thumbnail","6":"product_cat-hrana-rozatoare","7":"product_cat-rozatoare","8":"product_tag-hrana-pentru-iepuri","9":"product_tag-hrane-pentru-rozatoare","10":"product_tag-iepuri","12":"first","13":"instock","14":"shipping-taxable","15":"purchasable","16":"product-type-simple"},"_links":{"self":[{"href":"https:\/\/faberpet.ro\/stage\/wp-json\/wp\/v2\/product\/5564","targetHints":{"allow":["GET"]}}],"collection":[{"href":"https:\/\/faberpet.ro\/stage\/wp-json\/wp\/v2\/product"}],"about":[{"href":"https:\/\/faberpet.ro\/stage\/wp-json\/wp\/v2\/types\/product"}],"wp:featuredmedia":[{"embeddable":true,"href":"https:\/\/faberpet.ro\/stage\/wp-json\/wp\/v2\/media\/10591"}],"wp:attachment":[{"href":"https:\/\/faberpet.ro\/stage\/wp-json\/wp\/v2\/media?parent=5564"}],"wp:term":[{"taxonomy":"product_brand","embeddable":true,"href":"https:\/\/faberpet.ro\/stage\/wp-json\/wp\/v2\/product_brand?post=5564"},{"taxonomy":"product_cat","embeddable":true,"href":"https:\/\/faberpet.ro\/stage\/wp-json\/wp\/v2\/product_cat?post=5564"},{"taxonomy":"product_tag","embeddable":true,"href":"https:\/\/faberpet.ro\/stage\/wp-json\/wp\/v2\/product_tag?post=5564"}],"curies":[{"name":"wp","href":"https:\/\/api.w.org\/{rel}","templated":true}]}}