{"id":5568,"date":"2024-10-21T20:35:17","date_gmt":"2024-10-21T17:35:17","guid":{"rendered":"https:\/\/faberpet.ro\/stage\/produs\/amestec-de-seminte-gazon-20-kg-pentru-600-800-m2\/"},"modified":"2025-08-04T12:05:01","modified_gmt":"2025-08-04T10:05:01","slug":"amestec-de-seminte-gazon-20-kg-pentru-600-800-m2","status":"publish","type":"product","link":"https:\/\/faberpet.ro\/stage\/produs\/amestec-de-seminte-gazon-20-kg-pentru-600-800-m2\/","title":{"rendered":"Amestec de seminte gazon 20 kg pentru 600-800 m2"},"content":{"rendered":"<p>Gazonul reprezint\u0103 piesa de rezisten\u021b\u0103 pentru orice gradin\u0103 \u00eengrijit\u0103. \u00cen plus peluza contribuie la men\u021binerea unui aer mai rece \u0219i proasp\u0103t \u00een parcuri, gr\u0103dini, fiind o surs\u0103 de oxigen \u0219i totodat\u0103, o curs\u0103 pentru praf \u0219i alte impurit\u0103\u021bi din aer. Potrivit pentru instalarea de peluze noi \u0219i renovarea celor existente. Ofer\u0103 gazon dens \u0219i puternic. \u00cenainte de \u00eens\u0103m\u00e2n\u021bare, face\u021bi o gr\u0103din\u0103 de semin\u021be \u0219i compact\u0103 cu o rol\u0103. Se recomand\u0103 amestecarea din nou a amestecului de semin\u021be de iarb\u0103. Ad\u00e2ncimea \u00eens\u0103m\u00e2n\u021b\u0103rii nu trebuie s\u0103 dep\u0103\u0219easc\u0103 1 cm. Dup\u0103 \u00eens\u0103m\u00e2n\u021bare, solul este compactat din nou. Recomandat pentru toate tipurile de sol. Din martie p\u00e2n\u0103 \u00een octombrie, pute\u021bi continua s\u0103 creasc\u0103 cu udarea potrivit\u0103. este adesea udat cu o cantitate mic\u0103 de ap\u0103, astfel \u00eenc\u00e2t solul s\u0103 fie umed \u00een mod constant de 3- 5 cm ad\u00e2ncime. Prima forfecare este efectuat\u0103 la o ad\u00e2ncime de 6- 8 cm dup\u0103 incubare, nu mai ad\u00e2nc\u0103 dec\u00e2t 4 cm. Ad\u0103parea regulat\u0103 necesit\u0103 o reducere s\u0103pt\u0103m\u00e2nal\u0103. C\u00e2nd instala\u021bi peluze noi, v\u0103 recomand\u0103m 30- 40 m2 pe metru p\u0103trat de renovare existent\u0103 la 60- 80 m2\/kg. Printre produsele noastre, cel mai comun amestec de semin\u021be de iarb\u0103 cu 2 componente. Amestecul se dezvolt\u0103 rapid, permi\u021b\u00e2nd atingerea unei suprafe\u021be verzi pe termen scurt la plantare. este una dintre cele mai cunoscute peluze comune, cu un gazon cu \u00een\u0103l\u021bime medie, cu un efect elegant. Cantitate propus\u0103 de semin\u021be de iarb\u0103 care trebuie aplicat\u0103:Pentru peluze noi, 1 kg = 25- 30 m2\u00cen cazul renov\u0103rii pentru 30- 40 m2<\/p>\n","protected":false},"excerpt":{"rendered":"<p>Gazonul reprezint\u0103 piesa de rezisten\u021b\u0103 pentru orice gradin\u0103 \u00eengrijit\u0103. \u00cen plus peluza contribuie la men\u021binerea unui aer mai rece \u0219i proasp\u0103t \u00een parcuri, gr\u0103dini, fiind o surs\u0103 de oxigen \u0219i totodat\u0103, o curs\u0103 pentru praf \u0219i alte impurit\u0103\u021bi din aer. Potrivit pentru instalarea de peluze noi \u0219i renovarea celor existente. Ofer\u0103 gazon dens \u0219i puternic. [&hellip;]<\/p>\n","protected":false},"featured_media":10595,"template":"","meta":[],"product_brand":[],"product_cat":[2489],"product_tag":[2486,2485,2487],"class_list":{"0":"post-5568","1":"product","2":"type-product","3":"status-publish","4":"has-post-thumbnail","6":"product_cat-pentru-gazon","7":"product_tag-amestec-gazon","8":"product_tag-seminte-gazon","9":"product_tag-seminte-iarba","11":"first","12":"instock","13":"shipping-taxable","14":"purchasable","15":"product-type-simple"},"_links":{"self":[{"href":"https:\/\/faberpet.ro\/stage\/wp-json\/wp\/v2\/product\/5568","targetHints":{"allow":["GET"]}}],"collection":[{"href":"https:\/\/faberpet.ro\/stage\/wp-json\/wp\/v2\/product"}],"about":[{"href":"https:\/\/faberpet.ro\/stage\/wp-json\/wp\/v2\/types\/product"}],"wp:featuredmedia":[{"embeddable":true,"href":"https:\/\/faberpet.ro\/stage\/wp-json\/wp\/v2\/media\/10595"}],"wp:attachment":[{"href":"https:\/\/faberpet.ro\/stage\/wp-json\/wp\/v2\/media?parent=5568"}],"wp:term":[{"taxonomy":"product_brand","embeddable":true,"href":"https:\/\/faberpet.ro\/stage\/wp-json\/wp\/v2\/product_brand?post=5568"},{"taxonomy":"product_cat","embeddable":true,"href":"https:\/\/faberpet.ro\/stage\/wp-json\/wp\/v2\/product_cat?post=5568"},{"taxonomy":"product_tag","embeddable":true,"href":"https:\/\/faberpet.ro\/stage\/wp-json\/wp\/v2\/product_tag?post=5568"}],"curies":[{"name":"wp","href":"https:\/\/api.w.org\/{rel}","templated":true}]}}