{"id":5571,"date":"2024-10-21T20:35:17","date_gmt":"2024-10-21T17:35:17","guid":{"rendered":"https:\/\/faberpet.ro\/stage\/produs\/amestec-de-seminte-sport-20-kg-pentru-600-800-m2\/"},"modified":"2025-08-04T12:06:44","modified_gmt":"2025-08-04T10:06:44","slug":"amestec-de-seminte-sport-20-kg-pentru-600-800-m2","status":"publish","type":"product","link":"https:\/\/faberpet.ro\/stage\/produs\/amestec-de-seminte-sport-20-kg-pentru-600-800-m2\/","title":{"rendered":"Amestec de seminte sport 20 kg pentru 600-800 m2"},"content":{"rendered":"<p>Datorit\u0103 compozi\u021biei amestecului de semin\u021be de iarb\u0103 Sport, acesta poate rezista la utilizarea intensiv\u0103 \u0219i la c\u0103lcare, deci este ideal pentru \u00eenierbarea locurilor de joac\u0103, a facilit\u0103\u021bilor sportive \u0219i a parcurilor. S\u0103m\u00e2n\u021b\u0103 de iarb\u0103 cu cre\u0219tere rapid\u0103 \u0219i viguroas\u0103 datorit\u0103 con\u021binutului s\u0103u ridicat de pere englezesc. Frunzele dense, cu fibre puternice, verde \u00eenchis, stoc dens sunt disponibile prin plantare. Toleran\u021b\u0103 la secet\u0103 medie, cerin\u021be medii de irigare. Potrivit pentru instalarea de peluze noi \u0219i renovarea celor existente. Cantitate propus\u0103 de semin\u021be de iarb\u0103 care trebuie aplicat\u0103:Pentru peluze noi, 1 kg = 25- 30 m2\u00cen cazul renov\u0103rii pentru 30- 40 m2<\/p>\n","protected":false},"excerpt":{"rendered":"<p>Datorit\u0103 compozi\u021biei amestecului de semin\u021be de iarb\u0103 Sport, acesta poate rezista la utilizarea intensiv\u0103 \u0219i la c\u0103lcare, deci este ideal pentru \u00eenierbarea locurilor de joac\u0103, a facilit\u0103\u021bilor sportive \u0219i a parcurilor. S\u0103m\u00e2n\u021b\u0103 de iarb\u0103 cu cre\u0219tere rapid\u0103 \u0219i viguroas\u0103 datorit\u0103 con\u021binutului s\u0103u ridicat de pere englezesc. Frunzele dense, cu fibre puternice, verde \u00eenchis, stoc dens [&hellip;]<\/p>\n","protected":false},"featured_media":10598,"template":"","meta":[],"product_brand":[],"product_cat":[2489],"product_tag":[2486,2490,2485],"class_list":{"0":"post-5571","1":"product","2":"type-product","3":"status-publish","4":"has-post-thumbnail","6":"product_cat-pentru-gazon","7":"product_tag-amestec-gazon","8":"product_tag-amestec-seminte-iarba","9":"product_tag-seminte-gazon","11":"first","12":"instock","13":"shipping-taxable","14":"purchasable","15":"product-type-simple"},"_links":{"self":[{"href":"https:\/\/faberpet.ro\/stage\/wp-json\/wp\/v2\/product\/5571","targetHints":{"allow":["GET"]}}],"collection":[{"href":"https:\/\/faberpet.ro\/stage\/wp-json\/wp\/v2\/product"}],"about":[{"href":"https:\/\/faberpet.ro\/stage\/wp-json\/wp\/v2\/types\/product"}],"wp:featuredmedia":[{"embeddable":true,"href":"https:\/\/faberpet.ro\/stage\/wp-json\/wp\/v2\/media\/10598"}],"wp:attachment":[{"href":"https:\/\/faberpet.ro\/stage\/wp-json\/wp\/v2\/media?parent=5571"}],"wp:term":[{"taxonomy":"product_brand","embeddable":true,"href":"https:\/\/faberpet.ro\/stage\/wp-json\/wp\/v2\/product_brand?post=5571"},{"taxonomy":"product_cat","embeddable":true,"href":"https:\/\/faberpet.ro\/stage\/wp-json\/wp\/v2\/product_cat?post=5571"},{"taxonomy":"product_tag","embeddable":true,"href":"https:\/\/faberpet.ro\/stage\/wp-json\/wp\/v2\/product_tag?post=5571"}],"curies":[{"name":"wp","href":"https:\/\/api.w.org\/{rel}","templated":true}]}}