{"id":5572,"date":"2024-10-21T20:35:17","date_gmt":"2024-10-21T17:35:17","guid":{"rendered":"https:\/\/faberpet.ro\/stage\/produs\/amestec-de-seminte-seceta-3-kg-pentru-85-90-m2\/"},"modified":"2025-08-04T12:07:01","modified_gmt":"2025-08-04T10:07:01","slug":"amestec-de-seminte-seceta-3-kg-pentru-85-90-m2","status":"publish","type":"product","link":"https:\/\/faberpet.ro\/stage\/produs\/amestec-de-seminte-seceta-3-kg-pentru-85-90-m2\/","title":{"rendered":"Amestec de seminte seceta 3 kg pentru 85-90 m2"},"content":{"rendered":"<p>Amestecul de semin\u021be de iarb\u0103 tolerant la secet\u0103 este format din semin\u021be care tolereaz\u0103 seceta intermitent\u0103, care poate rezista la frig, c\u0103ldur\u0103 \u0219i utilizare pe termen lung. Cre\u0219terea lor este rapid\u0103 \u0219i puternic\u0103. Gazonul rezultat \u00eempodobe\u0219te zona cu frunze str\u0103lucitoare, verde \u00eenchis, puternic venate \u0219i late. Cantitate propus\u0103 de semin\u021be de iarb\u0103 care trebuie aplicat\u0103:Pentru peluze noi 1 kg = 25- 30 m2\u0218i \u00een cazul renov\u0103rii 1 kg = 30- 40 m2<\/p>\n","protected":false},"excerpt":{"rendered":"<p>Amestecul de semin\u021be de iarb\u0103 tolerant la secet\u0103 este format din semin\u021be care tolereaz\u0103 seceta intermitent\u0103, care poate rezista la frig, c\u0103ldur\u0103 \u0219i utilizare pe termen lung. Cre\u0219terea lor este rapid\u0103 \u0219i puternic\u0103. Gazonul rezultat \u00eempodobe\u0219te zona cu frunze str\u0103lucitoare, verde \u00eenchis, puternic venate \u0219i late. Cantitate propus\u0103 de semin\u021be de iarb\u0103 care trebuie aplicat\u0103:Pentru [&hellip;]<\/p>\n","protected":false},"featured_media":10599,"template":"","meta":[],"product_brand":[],"product_cat":[2489],"product_tag":[2486,2491,2485],"class_list":{"0":"post-5572","1":"product","2":"type-product","3":"status-publish","4":"has-post-thumbnail","6":"product_cat-pentru-gazon","7":"product_tag-amestec-gazon","8":"product_tag-amestec-seminte-seceta","9":"product_tag-seminte-gazon","11":"first","12":"instock","13":"shipping-taxable","14":"purchasable","15":"product-type-simple"},"_links":{"self":[{"href":"https:\/\/faberpet.ro\/stage\/wp-json\/wp\/v2\/product\/5572","targetHints":{"allow":["GET"]}}],"collection":[{"href":"https:\/\/faberpet.ro\/stage\/wp-json\/wp\/v2\/product"}],"about":[{"href":"https:\/\/faberpet.ro\/stage\/wp-json\/wp\/v2\/types\/product"}],"wp:featuredmedia":[{"embeddable":true,"href":"https:\/\/faberpet.ro\/stage\/wp-json\/wp\/v2\/media\/10599"}],"wp:attachment":[{"href":"https:\/\/faberpet.ro\/stage\/wp-json\/wp\/v2\/media?parent=5572"}],"wp:term":[{"taxonomy":"product_brand","embeddable":true,"href":"https:\/\/faberpet.ro\/stage\/wp-json\/wp\/v2\/product_brand?post=5572"},{"taxonomy":"product_cat","embeddable":true,"href":"https:\/\/faberpet.ro\/stage\/wp-json\/wp\/v2\/product_cat?post=5572"},{"taxonomy":"product_tag","embeddable":true,"href":"https:\/\/faberpet.ro\/stage\/wp-json\/wp\/v2\/product_tag?post=5572"}],"curies":[{"name":"wp","href":"https:\/\/api.w.org\/{rel}","templated":true}]}}