{"id":5573,"date":"2024-10-21T20:35:18","date_gmt":"2024-10-21T17:35:18","guid":{"rendered":"https:\/\/faberpet.ro\/stage\/produs\/amestec-de-seminte-seceta-5-kg-pentru-200-m2\/"},"modified":"2025-08-04T12:07:17","modified_gmt":"2025-08-04T10:07:17","slug":"amestec-de-seminte-seceta-5-kg-pentru-200-m2","status":"publish","type":"product","link":"https:\/\/faberpet.ro\/stage\/produs\/amestec-de-seminte-seceta-5-kg-pentru-200-m2\/","title":{"rendered":"Amestec de seminte seceta 5 kg pentru 200 m2"},"content":{"rendered":"<p>Gazonul reprezint\u0103 piesa de rezisten\u021b\u0103 pentru orice gradin\u0103 \u00eengrijit\u0103. \u00cen plus peluza contribuie la men\u021binerea unui aer mai rece \u0219i proasp\u0103t \u00een parcuri, gr\u0103dini, fiind o surs\u0103 de oxigen \u0219i totodat\u0103, o curs\u0103 pentru praf \u0219i alte impurit\u0103\u021bi din aer. Potrivit pentru instalarea de peluze noi \u0219i renovarea celor existente. Ofer\u0103 gazon dens \u0219i puternic. \u00cenainte de \u00eens\u0103m\u00e2n\u021bare, face\u021bi o gr\u0103din\u0103 de semin\u021be \u0219i compact\u0103 cu o rol\u0103. Se recomand\u0103 amestecarea din nou a amestecului de semin\u021be de iarb\u0103. Ad\u00e2ncimea \u00eens\u0103m\u00e2n\u021b\u0103rii nu trebuie s\u0103 dep\u0103\u0219easc\u0103 1 cm. Dup\u0103 \u00eens\u0103m\u00e2n\u021bare, solul este compactat din nou. Recomandat pentru toate tipurile de sol. Din martie p\u00e2n\u0103 \u00een octombrie, pute\u021bi continua s\u0103 creasc\u0103 cu udarea potrivit\u0103. este adesea udat cu o cantitate mic\u0103 de ap\u0103, astfel \u00eenc\u00e2t solul s\u0103 fie umed \u00een mod constant de 3- 5 cm ad\u00e2ncime. Prima forfecare este efectuat\u0103 la o ad\u00e2ncime de 6- 8 cm dup\u0103 incubare, nu mai ad\u00e2nc\u0103 dec\u00e2t 4 cm. Ad\u0103parea regulat\u0103 necesit\u0103 o reducere s\u0103pt\u0103m\u00e2nal\u0103. C\u00e2nd instala\u021bi peluze noi, v\u0103 recomand\u0103m 30- 40 m2 pe metru p\u0103trat de renovare existent\u0103 la 60- 80 m2. De ce s\u0103 alege\u021bi acest amestec? Datorit\u0103 compozi\u021biei amestecului de semin\u021be de iarb\u0103, acesta poate rezista la o utilizare intens\u0103, c\u0103lcare Cre\u0219tere rapid\u0103 \u0219i puternic\u0103, bine tolerat\u0103 de frig \u0219i c\u0103ldur\u0103. Frunzele sale sunt largi, culoarea lor este verde \u00eenchis \u0219i venele lor sunt puternice Capacitatea sa de regenerare este excelent\u0103 pentru gazonul dezvoltat, chiar \u0219i \u00een condi\u021bii meteo extreme. Necesitatea de udare este sc\u0103zut\u0103, necesit\u00e2nd mai mult\u0103 umiditate \u00een timpul perioadei ini\u021biale de dezvoltare. este important s\u0103 ave\u021bi o forfecare regulat\u0103, s\u0103pt\u0103m\u00e2nal\u0103, deoarece stocul poate fi sub\u021bire sau \u00eennodat dac\u0103 nu este. Potrivit pentru toate sezoanele. Cantitate net\u0103: 5 kg. Cantitate propus\u0103 de semin\u021be de iarb\u0103 care trebuie aplicat\u0103:Pentru peluze noi 1 kg = 25- 30 m2\u00cen cazul renov\u0103rii 1 kg = 30- 40 m2<\/p>\n","protected":false},"excerpt":{"rendered":"<p>Gazonul reprezint\u0103 piesa de rezisten\u021b\u0103 pentru orice gradin\u0103 \u00eengrijit\u0103. \u00cen plus peluza contribuie la men\u021binerea unui aer mai rece \u0219i proasp\u0103t \u00een parcuri, gr\u0103dini, fiind o surs\u0103 de oxigen \u0219i totodat\u0103, o curs\u0103 pentru praf \u0219i alte impurit\u0103\u021bi din aer. Potrivit pentru instalarea de peluze noi \u0219i renovarea celor existente. Ofer\u0103 gazon dens \u0219i puternic. [&hellip;]<\/p>\n","protected":false},"featured_media":10600,"template":"","meta":[],"product_brand":[],"product_cat":[2489],"product_tag":[2485,2487,2492],"class_list":{"0":"post-5573","1":"product","2":"type-product","3":"status-publish","4":"has-post-thumbnail","6":"product_cat-pentru-gazon","7":"product_tag-seminte-gazon","8":"product_tag-seminte-iarba","9":"product_tag-seminte-pentru-gazon","11":"first","12":"instock","13":"shipping-taxable","14":"purchasable","15":"product-type-simple"},"_links":{"self":[{"href":"https:\/\/faberpet.ro\/stage\/wp-json\/wp\/v2\/product\/5573","targetHints":{"allow":["GET"]}}],"collection":[{"href":"https:\/\/faberpet.ro\/stage\/wp-json\/wp\/v2\/product"}],"about":[{"href":"https:\/\/faberpet.ro\/stage\/wp-json\/wp\/v2\/types\/product"}],"wp:featuredmedia":[{"embeddable":true,"href":"https:\/\/faberpet.ro\/stage\/wp-json\/wp\/v2\/media\/10600"}],"wp:attachment":[{"href":"https:\/\/faberpet.ro\/stage\/wp-json\/wp\/v2\/media?parent=5573"}],"wp:term":[{"taxonomy":"product_brand","embeddable":true,"href":"https:\/\/faberpet.ro\/stage\/wp-json\/wp\/v2\/product_brand?post=5573"},{"taxonomy":"product_cat","embeddable":true,"href":"https:\/\/faberpet.ro\/stage\/wp-json\/wp\/v2\/product_cat?post=5573"},{"taxonomy":"product_tag","embeddable":true,"href":"https:\/\/faberpet.ro\/stage\/wp-json\/wp\/v2\/product_tag?post=5573"}],"curies":[{"name":"wp","href":"https:\/\/api.w.org\/{rel}","templated":true}]}}