{"id":5576,"date":"2024-10-21T20:35:18","date_gmt":"2024-10-21T17:35:18","guid":{"rendered":"https:\/\/faberpet.ro\/stage\/produs\/amestec-de-seminte-umbra-5-kg-pentru-200-m2\/"},"modified":"2025-08-04T12:07:58","modified_gmt":"2025-08-04T10:07:58","slug":"amestec-de-seminte-umbra-5-kg-pentru-200-m2","status":"publish","type":"product","link":"https:\/\/faberpet.ro\/stage\/produs\/amestec-de-seminte-umbra-5-kg-pentru-200-m2\/","title":{"rendered":"Amestec de seminte umbra 5 kg pentru 200 m2"},"content":{"rendered":"<p>Amestecul de semin\u021be de iarb\u0103 tolerant la umbr\u0103 este format din raia ro\u0219ie \u0219i raia englez\u0103, ale c\u0103ror propor\u021bii au fost compilate \u00een amestec, astfel \u00eenc\u00e2t, atunci c\u00e2nd este instalat, o peluz\u0103 coeziv\u0103 se poate forma \u00een zone semi- umbrite, umbrite. Datorit\u0103 propor\u021biei ridicate de ryegrass ro\u0219u, timpul s\u0103u de dezvoltare este mai mare dec\u00e2t media. Frunzi\u0219ul s\u0103u este \u00eengust, mediu lat \u0219i de culoare verde \u00eenchis. Toleran\u021ba la secet\u0103 este bun\u0103, necesit\u0103 irigare medie. Pentru ca stocul s\u0103 absoarb\u0103 mai pu\u021bin\u0103 lumin\u0103, nu este recomandat s\u0103 o t\u0103ia\u021bi mai pu\u021bin de 5 cm. Cantitate propus\u0103 de semin\u021be de iarb\u0103 care trebuie aplicat\u0103:Pentru peluze noi 1 kg = 25- 30 m2\u00cen cazul renov\u0103rii 1 kg = 30- 40 m2<\/p>\n","protected":false},"excerpt":{"rendered":"<p>Amestecul de semin\u021be de iarb\u0103 tolerant la umbr\u0103 este format din raia ro\u0219ie \u0219i raia englez\u0103, ale c\u0103ror propor\u021bii au fost compilate \u00een amestec, astfel \u00eenc\u00e2t, atunci c\u00e2nd este instalat, o peluz\u0103 coeziv\u0103 se poate forma \u00een zone semi- umbrite, umbrite. Datorit\u0103 propor\u021biei ridicate de ryegrass ro\u0219u, timpul s\u0103u de dezvoltare este mai mare dec\u00e2t [&hellip;]<\/p>\n","protected":false},"featured_media":10603,"template":"","meta":[],"product_brand":[],"product_cat":[2489],"product_tag":[2485,2495,2492],"class_list":{"0":"post-5576","1":"product","2":"type-product","3":"status-publish","4":"has-post-thumbnail","6":"product_cat-pentru-gazon","7":"product_tag-seminte-gazon","8":"product_tag-seminte-gazon-umbra","9":"product_tag-seminte-pentru-gazon","11":"first","12":"instock","13":"shipping-taxable","14":"purchasable","15":"product-type-simple"},"_links":{"self":[{"href":"https:\/\/faberpet.ro\/stage\/wp-json\/wp\/v2\/product\/5576","targetHints":{"allow":["GET"]}}],"collection":[{"href":"https:\/\/faberpet.ro\/stage\/wp-json\/wp\/v2\/product"}],"about":[{"href":"https:\/\/faberpet.ro\/stage\/wp-json\/wp\/v2\/types\/product"}],"wp:featuredmedia":[{"embeddable":true,"href":"https:\/\/faberpet.ro\/stage\/wp-json\/wp\/v2\/media\/10603"}],"wp:attachment":[{"href":"https:\/\/faberpet.ro\/stage\/wp-json\/wp\/v2\/media?parent=5576"}],"wp:term":[{"taxonomy":"product_brand","embeddable":true,"href":"https:\/\/faberpet.ro\/stage\/wp-json\/wp\/v2\/product_brand?post=5576"},{"taxonomy":"product_cat","embeddable":true,"href":"https:\/\/faberpet.ro\/stage\/wp-json\/wp\/v2\/product_cat?post=5576"},{"taxonomy":"product_tag","embeddable":true,"href":"https:\/\/faberpet.ro\/stage\/wp-json\/wp\/v2\/product_tag?post=5576"}],"curies":[{"name":"wp","href":"https:\/\/api.w.org\/{rel}","templated":true}]}}