{"id":5577,"date":"2024-10-21T20:35:18","date_gmt":"2024-10-21T17:35:18","guid":{"rendered":"https:\/\/faberpet.ro\/stage\/produs\/amestec-de-seminte-umbra-20-kg-pentru-600-800-m2\/"},"modified":"2025-08-04T12:08:36","modified_gmt":"2025-08-04T10:08:36","slug":"amestec-de-seminte-umbra-20-kg-pentru-600-800-m2","status":"publish","type":"product","link":"https:\/\/faberpet.ro\/stage\/produs\/amestec-de-seminte-umbra-20-kg-pentru-600-800-m2\/","title":{"rendered":"Amestec de seminte umbra 20 kg pentru 600-800 m2"},"content":{"rendered":"<p>Amestecurile de semin\u021be de iarb\u0103 tolerante la secet\u0103 sunt amestecuri cu cerin\u021be bune de irigare, care tolereaz\u0103 bine seceta intermitent\u0103. Frunzele sunt largi, de culoare verde \u00eenchis str\u0103lucitor, cu vene puternice. Datorit\u0103 compozi\u021biei sale, peluza rezultat\u0103 rezist\u0103 la utilizarea intensiv\u0103, c\u0103lc\u00e2nd. Cre\u0219te rapid \u0219i energic, toler\u00e2nd at\u00e2t frigul, c\u00e2t \u0219i c\u0103ldura. De asemenea, este potrivit pentru instalarea unor peluze noi \u0219i renovarea celor existente. Cantitate propus\u0103 de semin\u021be de iarb\u0103 care trebuie aplicat\u0103:Pentru peluze noi, 1 kg = 25- 30 m2\u00cen cazul renov\u0103rii pentru 30- 40 m2<\/p>\n","protected":false},"excerpt":{"rendered":"<p>Amestecurile de semin\u021be de iarb\u0103 tolerante la secet\u0103 sunt amestecuri cu cerin\u021be bune de irigare, care tolereaz\u0103 bine seceta intermitent\u0103. Frunzele sunt largi, de culoare verde \u00eenchis str\u0103lucitor, cu vene puternice. Datorit\u0103 compozi\u021biei sale, peluza rezultat\u0103 rezist\u0103 la utilizarea intensiv\u0103, c\u0103lc\u00e2nd. Cre\u0219te rapid \u0219i energic, toler\u00e2nd at\u00e2t frigul, c\u00e2t \u0219i c\u0103ldura. De asemenea, este potrivit [&hellip;]<\/p>\n","protected":false},"featured_media":10604,"template":"","meta":[],"product_brand":[],"product_cat":[2489],"product_tag":[2486,2494,2496],"class_list":{"0":"post-5577","1":"product","2":"type-product","3":"status-publish","4":"has-post-thumbnail","6":"product_cat-pentru-gazon","7":"product_tag-amestec-gazon","8":"product_tag-amestec-seminte-umbra","9":"product_tag-seminte-umbra","11":"first","12":"instock","13":"shipping-taxable","14":"purchasable","15":"product-type-simple"},"_links":{"self":[{"href":"https:\/\/faberpet.ro\/stage\/wp-json\/wp\/v2\/product\/5577","targetHints":{"allow":["GET"]}}],"collection":[{"href":"https:\/\/faberpet.ro\/stage\/wp-json\/wp\/v2\/product"}],"about":[{"href":"https:\/\/faberpet.ro\/stage\/wp-json\/wp\/v2\/types\/product"}],"wp:featuredmedia":[{"embeddable":true,"href":"https:\/\/faberpet.ro\/stage\/wp-json\/wp\/v2\/media\/10604"}],"wp:attachment":[{"href":"https:\/\/faberpet.ro\/stage\/wp-json\/wp\/v2\/media?parent=5577"}],"wp:term":[{"taxonomy":"product_brand","embeddable":true,"href":"https:\/\/faberpet.ro\/stage\/wp-json\/wp\/v2\/product_brand?post=5577"},{"taxonomy":"product_cat","embeddable":true,"href":"https:\/\/faberpet.ro\/stage\/wp-json\/wp\/v2\/product_cat?post=5577"},{"taxonomy":"product_tag","embeddable":true,"href":"https:\/\/faberpet.ro\/stage\/wp-json\/wp\/v2\/product_tag?post=5577"}],"curies":[{"name":"wp","href":"https:\/\/api.w.org\/{rel}","templated":true}]}}