{"id":5579,"date":"2024-10-21T20:35:18","date_gmt":"2024-10-21T17:35:18","guid":{"rendered":"https:\/\/faberpet.ro\/stage\/produs\/amestec-de-seminte-golf-5-kg-pentru-200-m2\/"},"modified":"2025-08-04T12:09:02","modified_gmt":"2025-08-04T10:09:02","slug":"amestec-de-seminte-golf-5-kg-pentru-200-m2","status":"publish","type":"product","link":"https:\/\/faberpet.ro\/stage\/produs\/amestec-de-seminte-golf-5-kg-pentru-200-m2\/","title":{"rendered":"Amestec de seminte golf 5 kg pentru 200 m2"},"content":{"rendered":"<p>Este un amestec care este perfect pentru \u00eenierbarea de facilit\u0103\u021bi sportive, terenuri de golf \u0219i gr\u0103dini ornamentale. Dezvoltarea sa ini\u021bial\u0103 este rapid\u0103 \u0219i puternic\u0103 datorit\u0103 con\u021binutului s\u0103u de n\u0103mol \u0219i apoi, ca ma\u0219in\u0103 de tuns iarba din fibr\u0103 sub\u021bire, completeaz\u0103 treptat capacul de n\u0103mol deja mai puternic. Cu o \u00eengrijire adecvat\u0103, se poate ob\u021bine un stoc verde de lung\u0103 durat\u0103, frumos, coeziv \u0219i dens. Cantitate propus\u0103 de semin\u021be de iarb\u0103 care trebuie aplicat\u0103:Pentru peluze noi 1 kg = 25- 30 m2\u00cen cazul renov\u0103rii 1 kg = 30- 40 m2<\/p>\n","protected":false},"excerpt":{"rendered":"<p>Este un amestec care este perfect pentru \u00eenierbarea de facilit\u0103\u021bi sportive, terenuri de golf \u0219i gr\u0103dini ornamentale. Dezvoltarea sa ini\u021bial\u0103 este rapid\u0103 \u0219i puternic\u0103 datorit\u0103 con\u021binutului s\u0103u de n\u0103mol \u0219i apoi, ca ma\u0219in\u0103 de tuns iarba din fibr\u0103 sub\u021bire, completeaz\u0103 treptat capacul de n\u0103mol deja mai puternic. Cu o \u00eengrijire adecvat\u0103, se poate ob\u021bine un [&hellip;]<\/p>\n","protected":false},"featured_media":10606,"template":"","meta":[],"product_brand":[],"product_cat":[2489],"product_tag":[2485,2495,2492],"class_list":{"0":"post-5579","1":"product","2":"type-product","3":"status-publish","4":"has-post-thumbnail","6":"product_cat-pentru-gazon","7":"product_tag-seminte-gazon","8":"product_tag-seminte-gazon-umbra","9":"product_tag-seminte-pentru-gazon","11":"first","12":"instock","13":"shipping-taxable","14":"purchasable","15":"product-type-simple"},"_links":{"self":[{"href":"https:\/\/faberpet.ro\/stage\/wp-json\/wp\/v2\/product\/5579","targetHints":{"allow":["GET"]}}],"collection":[{"href":"https:\/\/faberpet.ro\/stage\/wp-json\/wp\/v2\/product"}],"about":[{"href":"https:\/\/faberpet.ro\/stage\/wp-json\/wp\/v2\/types\/product"}],"wp:featuredmedia":[{"embeddable":true,"href":"https:\/\/faberpet.ro\/stage\/wp-json\/wp\/v2\/media\/10606"}],"wp:attachment":[{"href":"https:\/\/faberpet.ro\/stage\/wp-json\/wp\/v2\/media?parent=5579"}],"wp:term":[{"taxonomy":"product_brand","embeddable":true,"href":"https:\/\/faberpet.ro\/stage\/wp-json\/wp\/v2\/product_brand?post=5579"},{"taxonomy":"product_cat","embeddable":true,"href":"https:\/\/faberpet.ro\/stage\/wp-json\/wp\/v2\/product_cat?post=5579"},{"taxonomy":"product_tag","embeddable":true,"href":"https:\/\/faberpet.ro\/stage\/wp-json\/wp\/v2\/product_tag?post=5579"}],"curies":[{"name":"wp","href":"https:\/\/api.w.org\/{rel}","templated":true}]}}