{"id":5582,"date":"2024-10-21T20:35:18","date_gmt":"2024-10-21T17:35:18","guid":{"rendered":"https:\/\/faberpet.ro\/stage\/produs\/herba-gel-revulsiv-cabaline-150-gr\/"},"modified":"2025-08-05T09:30:09","modified_gmt":"2025-08-05T07:30:09","slug":"herba-gel-revulsiv-cabaline-150-gr","status":"publish","type":"product","link":"https:\/\/faberpet.ro\/stage\/produs\/herba-gel-revulsiv-cabaline-150-gr\/","title":{"rendered":"Herba-Gel revulsiv cabaline 150 gr"},"content":{"rendered":"<p>Propriet\u0103\u021bi: Herba- gel con\u0163ine un amestec de extracte vegetale cu propriet\u0103\u0163i revulsive \u015fi calmante. Datorit\u0103 con\u0163inutului \u00een camfor \u015fi metilsalicilat, diminueaz\u0103 rapid durerea, \u00eembun\u0103t\u0103\u0163e\u015fte circula\u0163ia sanguin\u0103 local\u0103, favoriz\u00e2nd absorb\u0163ia produselor inflamatorii. Se indic\u0103 ca gel revulsiv la animale de companie, cai de curs\u0103, ca adjuvant \u00een artrite, miozite, tendinite asociate cu sensibilitate crescut\u0103, nevralgii. \u00cen hematoame, contuzii, mastite asociat cu edem mamar patologic, \u00een caz de necesitate asociat cu alte medicamente (antibiotice, antiinflamatorii \u2013 administrate parenteral)Mod de utilizare:UZ EXTERN. Se aplic\u0103 pe zonele afectate, mas\u00e2nd zona pentru o mai bun\u0103 penetrare a produsului. Se aplic\u0103 de mai multe ori pe zi, p\u00e2n\u0103 la vindecare. Ingrediente:Extract de: Ieder\u0103 (Hedera helix); Sun\u0103toare (Hypericum perforatum); Coada \u015foricelului (Achillea millefolium); T\u0103t\u0103neas\u0103 (Symphytum officinale); Muguri de plop (Populus nigra); Jale\u015f de gr\u0103din\u0103 (Salvia officinalis); G\u0103lbenele (Calendula officinalis); P\u0103tlagin\u0103 (Plantago major); Brusture (Arctium lappa); Camfor, Metil salicilat, Adjuvan\u0163i gelatino\u015fi Precau\u021bii:A se evita contactul direct cu ochii \u015fi zonele sensibile (organele genitale). A nu se l\u0103sa la \u00eendem\u00e2na copiilor. A nu se \u00eenghi\u0163i. A nu se refolosi flaconul dup\u0103 golire. A nu se utiliza la animalele destinate consumului uman. Prezentare:150 gr<\/p>\n","protected":false},"excerpt":{"rendered":"<p>Propriet\u0103\u021bi: Herba- gel con\u0163ine un amestec de extracte vegetale cu propriet\u0103\u0163i revulsive \u015fi calmante. Datorit\u0103 con\u0163inutului \u00een camfor \u015fi metilsalicilat, diminueaz\u0103 rapid durerea, \u00eembun\u0103t\u0103\u0163e\u015fte circula\u0163ia sanguin\u0103 local\u0103, favoriz\u00e2nd absorb\u0163ia produselor inflamatorii. Se indic\u0103 ca gel revulsiv la animale de companie, cai de curs\u0103, ca adjuvant \u00een artrite, miozite, tendinite asociate cu sensibilitate crescut\u0103, nevralgii. \u00cen [&hellip;]<\/p>\n","protected":false},"featured_media":10609,"template":"","meta":[],"product_brand":[],"product_cat":[167],"product_tag":[2498,2499,1759],"class_list":{"0":"post-5582","1":"product","2":"type-product","3":"status-publish","4":"has-post-thumbnail","6":"product_cat-cai-si-vaci","7":"product_tag-gel-revulsiv-cabaline","8":"product_tag-herba-gel-cabaline","9":"product_tag-ingrijire-cabaline","11":"first","12":"instock","13":"shipping-taxable","14":"purchasable","15":"product-type-simple"},"_links":{"self":[{"href":"https:\/\/faberpet.ro\/stage\/wp-json\/wp\/v2\/product\/5582","targetHints":{"allow":["GET"]}}],"collection":[{"href":"https:\/\/faberpet.ro\/stage\/wp-json\/wp\/v2\/product"}],"about":[{"href":"https:\/\/faberpet.ro\/stage\/wp-json\/wp\/v2\/types\/product"}],"wp:featuredmedia":[{"embeddable":true,"href":"https:\/\/faberpet.ro\/stage\/wp-json\/wp\/v2\/media\/10609"}],"wp:attachment":[{"href":"https:\/\/faberpet.ro\/stage\/wp-json\/wp\/v2\/media?parent=5582"}],"wp:term":[{"taxonomy":"product_brand","embeddable":true,"href":"https:\/\/faberpet.ro\/stage\/wp-json\/wp\/v2\/product_brand?post=5582"},{"taxonomy":"product_cat","embeddable":true,"href":"https:\/\/faberpet.ro\/stage\/wp-json\/wp\/v2\/product_cat?post=5582"},{"taxonomy":"product_tag","embeddable":true,"href":"https:\/\/faberpet.ro\/stage\/wp-json\/wp\/v2\/product_tag?post=5582"}],"curies":[{"name":"wp","href":"https:\/\/api.w.org\/{rel}","templated":true}]}}