{"id":5585,"date":"2024-10-21T20:35:19","date_gmt":"2024-10-21T17:35:19","guid":{"rendered":"https:\/\/faberpet.ro\/stage\/produs\/herba-top-hoof-cream-balsam-calmant-pt-copite-400-gr\/"},"modified":"2025-08-05T10:07:33","modified_gmt":"2025-08-05T08:07:33","slug":"herba-top-hoof-cream-balsam-calmant-pt-copite-400-gr","status":"publish","type":"product","link":"https:\/\/faberpet.ro\/stage\/produs\/herba-top-hoof-cream-balsam-calmant-pt-copite-400-gr\/","title":{"rendered":"Herba-Top Hoof Cream balsam calmant pt copite 400 gr"},"content":{"rendered":"<p>Propriet\u0103\u021bi: Balsam negru, hr\u0103nitor, de inalt\u0103 calitate, pentru copitele cailor, care ofer\u0103 o gam\u0103 larg\u0103 de ingrediente active, d\u00e2nd un aspect s\u0103n\u0103tos copitelor si elimin\u0103 fragilitatea acestora. Preparatul este destinat pentru \u00eengrijirea copitelor uscate, cu tendin\u0163\u0103 de aparitie a panari\u0163iului subunghial \u0219i pentru cr\u0103parea \u0219i fragilitatea cornului. Previne uscarea cornului, oferind o protec\u0163ie eficient\u0103 \u00eempotriva efectelor d\u0103un\u0103toare ale factorilor de mediu. Datorit\u0103 acesteia, copita devine elastic\u0103 \u015fi rezistent\u0103 la cr\u0103p\u0103turi. Confer\u0103 copitelor o culoare neagr\u0103 frumoas\u0103! Mod de utilizare:Aplica\u021bi balsamul cu ajutorul unei pensule, pe copita curat\u0103 \u0219i uscat\u0103. Ingrediente:Extract de: \u2013 Ieder\u0103 (Hedera helix);- Sun\u0103toare (Hypericum perforatum); \u2013 Coada \u015foricelului (Achillea millefolium); \u2013 T\u0103t\u0103neas\u0103 (Symphytum officinale); \u2013 Muguri de plop (Populus nigra) \u2013 Jale\u015f de gr\u0103din\u0103 (Salvia officinalis); \u2013 G\u0103lbenele (Calendula officinalis); \u2013 P\u0103tlagin\u0103 (Plantago major); \u2013 Brusture (Arctium lappa); \u2013 Acid salicilic; \u2013 Lanolin\u0103 anhidr\u0103; \u2013 Vaselin\u0103 neutr\u0103; &#8211; Ulei de parafin\u0103; \u2013 Colorant, Parfum. Precau\u021bii:Provoc\u0103 o iritare grav\u0103 a ochilor. A nu se l\u0103sa la \u00eendem\u00e2na copiilor. Purta\u021bi m\u0103nusi de protec\u021bie. A nu se \u00eenghi\u0163i. A nu se refolosi flaconul dup\u0103 golire. Prezentare:400 gr<\/p>\n","protected":false},"excerpt":{"rendered":"<p>Propriet\u0103\u021bi: Balsam negru, hr\u0103nitor, de inalt\u0103 calitate, pentru copitele cailor, care ofer\u0103 o gam\u0103 larg\u0103 de ingrediente active, d\u00e2nd un aspect s\u0103n\u0103tos copitelor si elimin\u0103 fragilitatea acestora. Preparatul este destinat pentru \u00eengrijirea copitelor uscate, cu tendin\u0163\u0103 de aparitie a panari\u0163iului subunghial \u0219i pentru cr\u0103parea \u0219i fragilitatea cornului. Previne uscarea cornului, oferind o protec\u0163ie eficient\u0103 \u00eempotriva [&hellip;]<\/p>\n","protected":false},"featured_media":10612,"template":"","meta":[],"product_brand":[],"product_cat":[167],"product_tag":[2500,2501,2502],"class_list":{"0":"post-5585","1":"product","2":"type-product","3":"status-publish","4":"has-post-thumbnail","6":"product_cat-cai-si-vaci","7":"product_tag-balsam-calmant-cai","8":"product_tag-balsam-pentru-copite","9":"product_tag-copite-cai","11":"first","12":"instock","13":"shipping-taxable","14":"purchasable","15":"product-type-simple"},"_links":{"self":[{"href":"https:\/\/faberpet.ro\/stage\/wp-json\/wp\/v2\/product\/5585","targetHints":{"allow":["GET"]}}],"collection":[{"href":"https:\/\/faberpet.ro\/stage\/wp-json\/wp\/v2\/product"}],"about":[{"href":"https:\/\/faberpet.ro\/stage\/wp-json\/wp\/v2\/types\/product"}],"wp:featuredmedia":[{"embeddable":true,"href":"https:\/\/faberpet.ro\/stage\/wp-json\/wp\/v2\/media\/10612"}],"wp:attachment":[{"href":"https:\/\/faberpet.ro\/stage\/wp-json\/wp\/v2\/media?parent=5585"}],"wp:term":[{"taxonomy":"product_brand","embeddable":true,"href":"https:\/\/faberpet.ro\/stage\/wp-json\/wp\/v2\/product_brand?post=5585"},{"taxonomy":"product_cat","embeddable":true,"href":"https:\/\/faberpet.ro\/stage\/wp-json\/wp\/v2\/product_cat?post=5585"},{"taxonomy":"product_tag","embeddable":true,"href":"https:\/\/faberpet.ro\/stage\/wp-json\/wp\/v2\/product_tag?post=5585"}],"curies":[{"name":"wp","href":"https:\/\/api.w.org\/{rel}","templated":true}]}}