{"id":5586,"date":"2024-10-21T20:35:19","date_gmt":"2024-10-21T17:35:19","guid":{"rendered":"https:\/\/faberpet.ro\/stage\/produs\/herba-sol-spray-cicatrizant-150-ml\/"},"modified":"2025-08-05T09:26:55","modified_gmt":"2025-08-05T07:26:55","slug":"herba-sol-spray-cicatrizant-150-ml","status":"publish","type":"product","link":"https:\/\/faberpet.ro\/stage\/produs\/herba-sol-spray-cicatrizant-150-ml\/","title":{"rendered":"Herba-Sol spray cicatrizant 150 ml"},"content":{"rendered":"<p>Propriet\u0103\u021bi: Se recomand\u0103 folosirea numai la animale de companie, ca adjuvant \u00een pl\u0103gi, infec\u0163ii ale pielii, dermatoze superficiale, arsuri, \u00een tratarea afec\u0163iunilor podale, panari\u0163ii, pododermatite, infec\u0163ii ombilicale. Mod de utilizare:Uz extern, prin pulverizarea zilnic\u0103 a zonei afectate, p\u00e2n\u0103 la vindecare. Nu se administreaz\u0103 la animale de interes economic. Ingrediente:Violet de gen\u0163iana; \u2013 Ieder\u0103 (Hedera helix); \u2013 Sun\u0103toare (Hypericum perforatum); \u2013 Coada \u015foricelului (Achillea millefolium); \u2013 T\u0103t\u0103neas\u0103 (Symphytum officinale); \u2013 Muguri de plop (Populus nigra); \u2013 Jale\u015f de gr\u0103din\u0103 (Salvia officinalis); \u2013 G\u0103lbenele (Calendula officinalis); \u2013 P\u0103tlagin\u0103 (Plantago major); \u2013 Brusture (Arctium lappa);Precau\u021bii:Solu\u0163ia poate p\u0103ta m\u00e2inile sau hainele utilizatorului. A nu se l\u0103sa la \u00eendem\u00e2na copiilor. Pulverizarea se face \u00een aer liber. Nu se utilizeaz\u0103 \u00een prezen\u0163a unei surse de foc. Nu se fumeaz\u0103 \u00een timpul utiliz\u0103rii. Nu se refolose\u015fte flaconul dup\u0103 golire. Prezentare:150 ml<\/p>\n","protected":false},"excerpt":{"rendered":"<p>Propriet\u0103\u021bi: Se recomand\u0103 folosirea numai la animale de companie, ca adjuvant \u00een pl\u0103gi, infec\u0163ii ale pielii, dermatoze superficiale, arsuri, \u00een tratarea afec\u0163iunilor podale, panari\u0163ii, pododermatite, infec\u0163ii ombilicale. Mod de utilizare:Uz extern, prin pulverizarea zilnic\u0103 a zonei afectate, p\u00e2n\u0103 la vindecare. Nu se administreaz\u0103 la animale de interes economic. Ingrediente:Violet de gen\u0163iana; \u2013 Ieder\u0103 (Hedera helix); [&hellip;]<\/p>\n","protected":false},"featured_media":10613,"template":"","meta":[],"product_brand":[],"product_cat":[167,168,175,653,169,172,171,170,173],"product_tag":[2505,2504,2503],"class_list":{"0":"post-5586","1":"product","2":"type-product","3":"status-publish","4":"has-post-thumbnail","6":"product_cat-cai-si-vaci","7":"product_cat-caini","8":"product_cat-ingrijire-pasari","9":"product_cat-ingrijire-rozatoare","10":"product_cat-ingrijire-caini","11":"product_cat-ingrijire-pisici","12":"product_cat-pisici","13":"product_cat-solutii-antiparazitare","14":"product_cat-solutii-antiparazitare-ingrijire-pisici","15":"product_tag-herba-sol-spray","16":"product_tag-solutie-pt-animale","17":"product_tag-spray-cicatrizant-pentru-animale","19":"first","20":"instock","21":"shipping-taxable","22":"purchasable","23":"product-type-simple"},"_links":{"self":[{"href":"https:\/\/faberpet.ro\/stage\/wp-json\/wp\/v2\/product\/5586","targetHints":{"allow":["GET"]}}],"collection":[{"href":"https:\/\/faberpet.ro\/stage\/wp-json\/wp\/v2\/product"}],"about":[{"href":"https:\/\/faberpet.ro\/stage\/wp-json\/wp\/v2\/types\/product"}],"wp:featuredmedia":[{"embeddable":true,"href":"https:\/\/faberpet.ro\/stage\/wp-json\/wp\/v2\/media\/10613"}],"wp:attachment":[{"href":"https:\/\/faberpet.ro\/stage\/wp-json\/wp\/v2\/media?parent=5586"}],"wp:term":[{"taxonomy":"product_brand","embeddable":true,"href":"https:\/\/faberpet.ro\/stage\/wp-json\/wp\/v2\/product_brand?post=5586"},{"taxonomy":"product_cat","embeddable":true,"href":"https:\/\/faberpet.ro\/stage\/wp-json\/wp\/v2\/product_cat?post=5586"},{"taxonomy":"product_tag","embeddable":true,"href":"https:\/\/faberpet.ro\/stage\/wp-json\/wp\/v2\/product_tag?post=5586"}],"curies":[{"name":"wp","href":"https:\/\/api.w.org\/{rel}","templated":true}]}}