{"id":5593,"date":"2024-10-21T20:35:20","date_gmt":"2024-10-21T17:35:20","guid":{"rendered":"https:\/\/faberpet.ro\/stage\/produs\/herba-sept-unguent-cicantrizant-cabaline-3-kg\/"},"modified":"2025-08-05T10:09:37","modified_gmt":"2025-08-05T08:09:37","slug":"herba-sept-unguent-cicantrizant-cabaline-3-kg","status":"publish","type":"product","link":"https:\/\/faberpet.ro\/stage\/produs\/herba-sept-unguent-cicantrizant-cabaline-3-kg\/","title":{"rendered":"Herba-Sept unguent cicantrizant cabaline 3 Kg"},"content":{"rendered":"<p>Propriet\u0103\u021bi: Herba- sept simplu este un unguent, care con\u0163ine un amestec de extracte vegetale alcoolice \u015fi acid salicilic \u00eencorporate \u00eentr- o baz\u0103 de unguent alc\u0103tuit din lanolin\u0103 \u015fi vaselin\u0103 cu propriet\u0103\u0163i vehiculante, \u015fi protectoare. Se recomand\u0103 folosirea la toate speciile, ca adjuvant \u00een pl\u0103gi, infec\u0163ii ale pielii, dermatoze superficiale, arsuri, \u00een tratarea afec\u0163iunilor podale, panari\u0163ii, pododermatite, infec\u0163ii ombilicale \u015fi infec\u0163ii cutanate mamare. Mod de utilizare:Uz extern, ca adjuvant \u00een cazul pl\u0103gilor, r\u0103nilor se aplic\u0103 de 2- 3 pe zi pe zona afectat\u0103, p\u00e2n\u0103 la vindecare. Pentru \u00eentre\u0163inerea pielii ugerului, se aplic\u0103 dup\u0103 fiecare muls. Ingrediente:Extract de: \u2013 Ieder\u0103 (Hedera helix) \u2013 Sun\u0103toare (Hypericum perforatum) \u2013 Coada \u015foricelului (Achillea millefolium) \u2013 T\u0103t\u0103neas\u0103 (Symphytum officinale) \u2013 Muguri de plop (Populus nigra) \u2013 Jale\u015f de gr\u0103din\u0103 (Salvia officinalis) \u2013 G\u0103lbenele (Calendula officinalis) \u2013 P\u0103tlagin\u0103 (Plantago major) \u2013 Brusture (Arctium lappa) \u2013 Acid salicilic;Precau\u021bii:A nu se utiliza \u00een afec\u0163iuni oculare. A nu se l\u0103sa la \u00eendem\u00e2na copiilor. A nu se \u00eenghi\u0163i. A nu se refolosi flaconul dup\u0103 golire. Prezentare:3 Kg<\/p>\n","protected":false},"excerpt":{"rendered":"<p>Propriet\u0103\u021bi: Herba- sept simplu este un unguent, care con\u0163ine un amestec de extracte vegetale alcoolice \u015fi acid salicilic \u00eencorporate \u00eentr- o baz\u0103 de unguent alc\u0103tuit din lanolin\u0103 \u015fi vaselin\u0103 cu propriet\u0103\u0163i vehiculante, \u015fi protectoare. Se recomand\u0103 folosirea la toate speciile, ca adjuvant \u00een pl\u0103gi, infec\u0163ii ale pielii, dermatoze superficiale, arsuri, \u00een tratarea afec\u0163iunilor podale, panari\u0163ii, [&hellip;]<\/p>\n","protected":false},"featured_media":10620,"template":"","meta":[],"product_brand":[],"product_cat":[167],"product_tag":[2509,2499,1759],"class_list":{"0":"post-5593","1":"product","2":"type-product","3":"status-publish","4":"has-post-thumbnail","6":"product_cat-cai-si-vaci","7":"product_tag-gel-unguent-cicantrizant-cabaline","8":"product_tag-herba-gel-cabaline","9":"product_tag-ingrijire-cabaline","11":"first","12":"instock","13":"shipping-taxable","14":"purchasable","15":"product-type-simple"},"_links":{"self":[{"href":"https:\/\/faberpet.ro\/stage\/wp-json\/wp\/v2\/product\/5593","targetHints":{"allow":["GET"]}}],"collection":[{"href":"https:\/\/faberpet.ro\/stage\/wp-json\/wp\/v2\/product"}],"about":[{"href":"https:\/\/faberpet.ro\/stage\/wp-json\/wp\/v2\/types\/product"}],"wp:featuredmedia":[{"embeddable":true,"href":"https:\/\/faberpet.ro\/stage\/wp-json\/wp\/v2\/media\/10620"}],"wp:attachment":[{"href":"https:\/\/faberpet.ro\/stage\/wp-json\/wp\/v2\/media?parent=5593"}],"wp:term":[{"taxonomy":"product_brand","embeddable":true,"href":"https:\/\/faberpet.ro\/stage\/wp-json\/wp\/v2\/product_brand?post=5593"},{"taxonomy":"product_cat","embeddable":true,"href":"https:\/\/faberpet.ro\/stage\/wp-json\/wp\/v2\/product_cat?post=5593"},{"taxonomy":"product_tag","embeddable":true,"href":"https:\/\/faberpet.ro\/stage\/wp-json\/wp\/v2\/product_tag?post=5593"}],"curies":[{"name":"wp","href":"https:\/\/api.w.org\/{rel}","templated":true}]}}