{"id":5596,"date":"2024-10-21T20:35:20","date_gmt":"2024-10-21T17:35:20","guid":{"rendered":"https:\/\/faberpet.ro\/stage\/produs\/herba-top-unguent-antimicotic-cabaline-400-gr\/"},"modified":"2025-08-05T10:10:19","modified_gmt":"2025-08-05T08:10:19","slug":"herba-top-unguent-antimicotic-cabaline-400-gr","status":"publish","type":"product","link":"https:\/\/faberpet.ro\/stage\/produs\/herba-top-unguent-antimicotic-cabaline-400-gr\/","title":{"rendered":"Herba-Top unguent antimicotic cabaline 400 gr"},"content":{"rendered":"<p>Propriet\u0103\u021bi: este recomandat pentru toate speciile. este utilizat ca adjuvant \u00een tratamentul dermatomicozelor produse de diferite specii de mice\u021bi \u00een special de Tricophyton spp. si Microsporum spp. Mod de utilizare:Uz extern, ca adjuvant \u00een cazul pl\u0103gilor, r\u0103nilor se aplic\u0103 de 2- 3 pe zi pe zona afectat\u0103, p\u00e2n\u0103 la vindecare. Pentru \u00eentre\u0163inerea pielii ugerului, se aplic\u0103 dup\u0103 fiecare muls. Ingrediente:100g con\u021bine: 17g extract de:Pinus sylvestris, Gema populi, Salvia officinalis, Calendula officinalis, Artemisia absinthium, Mentha piperita , Ad 100 g ( vaselin\u0103, lanolin\u0103, ulei de parafin\u0103) Colorant ( CI 20285)Precau\u021bii:A nu se utiliza \u00een afec\u0163iuni oculare. A nu se l\u0103sa la \u00eendem\u00e2na copiilor. A nu se \u00eenghi\u0163i. A nu se refolosi flaconul dup\u0103 golire. Prezentare:400 gr<\/p>\n","protected":false},"excerpt":{"rendered":"<p>Propriet\u0103\u021bi: este recomandat pentru toate speciile. este utilizat ca adjuvant \u00een tratamentul dermatomicozelor produse de diferite specii de mice\u021bi \u00een special de Tricophyton spp. si Microsporum spp. Mod de utilizare:Uz extern, ca adjuvant \u00een cazul pl\u0103gilor, r\u0103nilor se aplic\u0103 de 2- 3 pe zi pe zona afectat\u0103, p\u00e2n\u0103 la vindecare. Pentru \u00eentre\u0163inerea pielii ugerului, se [&hellip;]<\/p>\n","protected":false},"featured_media":10623,"template":"","meta":[],"product_brand":[],"product_cat":[167],"product_tag":[2511,2499,1759],"class_list":{"0":"post-5596","1":"product","2":"type-product","3":"status-publish","4":"has-post-thumbnail","6":"product_cat-cai-si-vaci","7":"product_tag-gel-unguent-antimicotic-cabaline","8":"product_tag-herba-gel-cabaline","9":"product_tag-ingrijire-cabaline","11":"first","12":"instock","13":"shipping-taxable","14":"purchasable","15":"product-type-simple"},"_links":{"self":[{"href":"https:\/\/faberpet.ro\/stage\/wp-json\/wp\/v2\/product\/5596","targetHints":{"allow":["GET"]}}],"collection":[{"href":"https:\/\/faberpet.ro\/stage\/wp-json\/wp\/v2\/product"}],"about":[{"href":"https:\/\/faberpet.ro\/stage\/wp-json\/wp\/v2\/types\/product"}],"wp:featuredmedia":[{"embeddable":true,"href":"https:\/\/faberpet.ro\/stage\/wp-json\/wp\/v2\/media\/10623"}],"wp:attachment":[{"href":"https:\/\/faberpet.ro\/stage\/wp-json\/wp\/v2\/media?parent=5596"}],"wp:term":[{"taxonomy":"product_brand","embeddable":true,"href":"https:\/\/faberpet.ro\/stage\/wp-json\/wp\/v2\/product_brand?post=5596"},{"taxonomy":"product_cat","embeddable":true,"href":"https:\/\/faberpet.ro\/stage\/wp-json\/wp\/v2\/product_cat?post=5596"},{"taxonomy":"product_tag","embeddable":true,"href":"https:\/\/faberpet.ro\/stage\/wp-json\/wp\/v2\/product_tag?post=5596"}],"curies":[{"name":"wp","href":"https:\/\/api.w.org\/{rel}","templated":true}]}}