{"id":5598,"date":"2024-10-21T20:35:21","date_gmt":"2024-10-21T17:35:21","guid":{"rendered":"https:\/\/faberpet.ro\/stage\/produs\/herba-prim-pulbere-antidiareica-250-gr\/"},"modified":"2025-08-27T07:57:08","modified_gmt":"2025-08-27T05:57:08","slug":"herba-prim-pulbere-antidiareica-250-gr","status":"publish","type":"product","link":"https:\/\/faberpet.ro\/stage\/produs\/herba-prim-pulbere-antidiareica-250-gr\/","title":{"rendered":"Herba-Prim Pulbere antidiareica 250 gr"},"content":{"rendered":"<p>Propriet\u0103\u021bi: Con\u0163ine extracte de plante medicinale care au propriet\u0103\u0163i tonice, protej\u00e2nd mucoasa intestinal\u0103, diminu\u00e2nd absorb\u0163ia enterotoxinelor, \u00een diaree primare sau secundare ale aparatului digestiv. . Se indic\u0103 utilizarea la porcine, rumeg\u0103toare mari \u015fi mici. Mod de utilizare:Per os: \u2013 Doza general\u0103 este de 25- 50 g\/100 kg greutate, de 1- 2 ori pe zi, timp de 2- 3 zile. La bovine adulte: 125- 250 g de 1- 2 ori pe zi, timp de 2- 3 zile, sub form\u0103 de breuvaj. La tineret taurin: 25- 50 g\/100 kg greutate, de 1- 2 ori pe zi, timp de 2- 3 zile, ca breuvaj. La porcine, ovine, vi\u0163ei: 20- 60 g de 1- 2 ori pe zi, timp de 2- 3 zile, sub form\u0103 de breuvaj sau \u00een hran\u0103. La vi\u0163ei, miei sugari \u015fi la porcine \u00een cazuri grave se asociaz\u0103 cu antibiotice. Ingrediente:Amestec de plante medicinale: Hypericum perforatum (sun\u0103toare)\u2022Achillea millefolium (coada \u015foricelului)\u2022Calendula officinalis (g\u0103lbenele)\u2022Plantago major (p\u0103tlagin\u0103)\u2022Lythrum salicaria (r\u0103chitan)\u2022Potentilla anserina (coada racului)\u2022Mentha (ment\u0103)\u2022Agrimonia eupatoria (turi\u0163a mare)\u2022Origanum vulgare (sov\u00e2rv); caolin (Bolus alba); carbonat de calciu. Precau\u021bii:A nu se l\u0103sa la \u00eendem\u00e2na copiilor. A nu se refolosi flaconul dup\u0103 golire. Prezentare:250 gr<\/p>\n","protected":false},"excerpt":{"rendered":"<p>Propriet\u0103\u021bi: Con\u0163ine extracte de plante medicinale care au propriet\u0103\u0163i tonice, protej\u00e2nd mucoasa intestinal\u0103, diminu\u00e2nd absorb\u0163ia enterotoxinelor, \u00een diaree primare sau secundare ale aparatului digestiv. . Se indic\u0103 utilizarea la porcine, rumeg\u0103toare mari \u015fi mici. Mod de utilizare:Per os: \u2013 Doza general\u0103 este de 25- 50 g\/100 kg greutate, de 1- 2 ori pe zi, timp [&hellip;]<\/p>\n","protected":false},"featured_media":10625,"template":"","meta":[],"product_brand":[],"product_cat":[2694,166,167],"product_tag":[2512,2514,2513],"class_list":{"0":"post-5598","1":"product","2":"type-product","3":"status-publish","4":"has-post-thumbnail","6":"product_cat-alte-animale","7":"product_cat-animale-ferma","8":"product_cat-cai-si-vaci","9":"product_tag-antidiareica","10":"product_tag-herba-prim","11":"product_tag-ingrijire-animale-ferma","13":"first","14":"instock","15":"shipping-taxable","16":"purchasable","17":"product-type-simple"},"_links":{"self":[{"href":"https:\/\/faberpet.ro\/stage\/wp-json\/wp\/v2\/product\/5598","targetHints":{"allow":["GET"]}}],"collection":[{"href":"https:\/\/faberpet.ro\/stage\/wp-json\/wp\/v2\/product"}],"about":[{"href":"https:\/\/faberpet.ro\/stage\/wp-json\/wp\/v2\/types\/product"}],"wp:featuredmedia":[{"embeddable":true,"href":"https:\/\/faberpet.ro\/stage\/wp-json\/wp\/v2\/media\/10625"}],"wp:attachment":[{"href":"https:\/\/faberpet.ro\/stage\/wp-json\/wp\/v2\/media?parent=5598"}],"wp:term":[{"taxonomy":"product_brand","embeddable":true,"href":"https:\/\/faberpet.ro\/stage\/wp-json\/wp\/v2\/product_brand?post=5598"},{"taxonomy":"product_cat","embeddable":true,"href":"https:\/\/faberpet.ro\/stage\/wp-json\/wp\/v2\/product_cat?post=5598"},{"taxonomy":"product_tag","embeddable":true,"href":"https:\/\/faberpet.ro\/stage\/wp-json\/wp\/v2\/product_tag?post=5598"}],"curies":[{"name":"wp","href":"https:\/\/api.w.org\/{rel}","templated":true}]}}