{"id":5601,"date":"2024-10-21T20:35:21","date_gmt":"2024-10-21T17:35:21","guid":{"rendered":"https:\/\/faberpet.ro\/stage\/produs\/herba-prim-suspensie-antidiareica-1-l\/"},"modified":"2025-08-27T07:54:28","modified_gmt":"2025-08-27T05:54:28","slug":"herba-prim-suspensie-antidiareica-1-l","status":"publish","type":"product","link":"https:\/\/faberpet.ro\/stage\/produs\/herba-prim-suspensie-antidiareica-1-l\/","title":{"rendered":"Herba-Prim suspensie antidiareica 1 L"},"content":{"rendered":"<p>Propriet\u0103\u021bi: Datorit\u0103 compozi\u0163iei, produsul are propriet\u0103\u0163i tonice, protejeaz\u0103 mucoasa intestinal\u0103, diminu\u00e2nd absorb\u0163ia enterotoxinelor. Se indic\u0103 ca adjuvant \u00een afec\u0163iuni primare sau secundare ale aparatului digestiv la vi\u0163ei, miei, iezi, purcei c\u0103\u0163ei sau pisici, \u00een gastroenterite, ulcer gastric, a dizenteriei, colitei cronice, \u00een fermenta\u0163ii intestinale anormale, intoxica\u0163ii. Mod de utilizare:Per os: \u2013 Doza general\u0103 este de un puf (jet) la baza limbii pentru fiecare 3- 5 kg greutate, de 2 ori pe zi, timp de 3- 5 zile. La tineret sub 3 kg \u2013 1 puf. A se agita \u00eenainte de utilizare! Ingrediente:extract din plante medicinale de : \u2013 Troscot (Polygonum aviculare); \u2013 Sun\u0103toare (Hypericum perforatum); \u2013 Coada \u015foricelului (Achillea millefolium); \u2013 Nuc (Juglans regia); \u2013 G\u0103lbenele (Calendula officinalis); \u2013 P\u0103tlagin\u0103 (Plantago major); \u2013 R\u0103chitan (Lythrum salicaria); \u2013 Coada racului (Potentilla anserina); \u2013 Ment\u0103 (Mentha piperita); \u2013 Turi\u0163a mare (Agrimonia eupatoria); \u2013 \u015eov\u00e2rv (Origanum vulgare); \u2013 gum\u0103 arabic\u0103 \u2013 caolin (Bolus alba)Precau\u021bii:A nu se l\u0103sa la \u00eendem\u00e2na copiilor. A nu se refolosi flaconul dup\u0103 golire. Prezentare:1 L<\/p>\n","protected":false},"excerpt":{"rendered":"<p>Propriet\u0103\u021bi: Datorit\u0103 compozi\u0163iei, produsul are propriet\u0103\u0163i tonice, protejeaz\u0103 mucoasa intestinal\u0103, diminu\u00e2nd absorb\u0163ia enterotoxinelor. Se indic\u0103 ca adjuvant \u00een afec\u0163iuni primare sau secundare ale aparatului digestiv la vi\u0163ei, miei, iezi, purcei c\u0103\u0163ei sau pisici, \u00een gastroenterite, ulcer gastric, a dizenteriei, colitei cronice, \u00een fermenta\u0163ii intestinale anormale, intoxica\u0163ii. Mod de utilizare:Per os: \u2013 Doza general\u0103 este de [&hellip;]<\/p>\n","protected":false},"featured_media":10628,"template":"","meta":[],"product_brand":[],"product_cat":[2694,166,167],"product_tag":[2512,2514,2513],"class_list":{"0":"post-5601","1":"product","2":"type-product","3":"status-publish","4":"has-post-thumbnail","6":"product_cat-alte-animale","7":"product_cat-animale-ferma","8":"product_cat-cai-si-vaci","9":"product_tag-antidiareica","10":"product_tag-herba-prim","11":"product_tag-ingrijire-animale-ferma","13":"first","14":"instock","15":"shipping-taxable","16":"purchasable","17":"product-type-simple"},"_links":{"self":[{"href":"https:\/\/faberpet.ro\/stage\/wp-json\/wp\/v2\/product\/5601","targetHints":{"allow":["GET"]}}],"collection":[{"href":"https:\/\/faberpet.ro\/stage\/wp-json\/wp\/v2\/product"}],"about":[{"href":"https:\/\/faberpet.ro\/stage\/wp-json\/wp\/v2\/types\/product"}],"wp:featuredmedia":[{"embeddable":true,"href":"https:\/\/faberpet.ro\/stage\/wp-json\/wp\/v2\/media\/10628"}],"wp:attachment":[{"href":"https:\/\/faberpet.ro\/stage\/wp-json\/wp\/v2\/media?parent=5601"}],"wp:term":[{"taxonomy":"product_brand","embeddable":true,"href":"https:\/\/faberpet.ro\/stage\/wp-json\/wp\/v2\/product_brand?post=5601"},{"taxonomy":"product_cat","embeddable":true,"href":"https:\/\/faberpet.ro\/stage\/wp-json\/wp\/v2\/product_cat?post=5601"},{"taxonomy":"product_tag","embeddable":true,"href":"https:\/\/faberpet.ro\/stage\/wp-json\/wp\/v2\/product_tag?post=5601"}],"curies":[{"name":"wp","href":"https:\/\/api.w.org\/{rel}","templated":true}]}}