{"id":5602,"date":"2024-10-21T20:35:21","date_gmt":"2024-10-21T17:35:21","guid":{"rendered":"https:\/\/faberpet.ro\/stage\/produs\/herba-top-broncho-suspensie-pt-caini-150-ml\/"},"modified":"2025-08-27T07:55:24","modified_gmt":"2025-08-27T05:55:24","slug":"herba-top-broncho-suspensie-pt-caini-150-ml","status":"publish","type":"product","link":"https:\/\/faberpet.ro\/stage\/produs\/herba-top-broncho-suspensie-pt-caini-150-ml\/","title":{"rendered":"Herba-Top Broncho Suspensie pt caini 150 ml"},"content":{"rendered":"<p>HERBA- TOP BRONCHO con\u0163ine extracte de plante medicinale cu propriet\u0103\u0163i expectorante, antiinflamatoare, antitusive, calmeaz\u0103 tusea \u015fi cur\u0103\u0163\u0103 c\u0103ile respiratorii, dizolv\u00e2nd mucusul. Se indic\u0103 la c\u00e2ini ca expectorant, adjuvant \u00een afec\u0163iuni respiratorii, \u00een tratamentul faringitei, traheo- bronsitei, bronsitei acute \u015fi cronice \u00een pneumonii. Se administreaz\u0103 la c\u00e2ini, oral, \u00een urm\u0103toarele doze: 1- 2 pufuri\/5- 10kg, de 2- 3 ori pe zi. Se aplic\u0103 cu ajutorul pompi\u0163ei de dozare la baza limbii, timp de 7- 10 zile. Contraindicat \u00een ulcere \u015fi spasme digestive. La temperatura camerei (15 &#8211; 25 C \u030a), \u00een ambalaje bine \u00eenchise, ferit de surse de foc, soare \u015fi umezeal\u0103. Con\u021binut: Flavonoizi totali echivalent \u00een cvercitrin\u0103 1, 5 mg. Polifenoli totali echivalent \u00een Acid galic 2, 5 mg. Extract hidroalchoolic din plante medicinale ad 100 ml.<\/p>\n","protected":false},"excerpt":{"rendered":"<p>HERBA- TOP BRONCHO con\u0163ine extracte de plante medicinale cu propriet\u0103\u0163i expectorante, antiinflamatoare, antitusive, calmeaz\u0103 tusea \u015fi cur\u0103\u0163\u0103 c\u0103ile respiratorii, dizolv\u00e2nd mucusul. Se indic\u0103 la c\u00e2ini ca expectorant, adjuvant \u00een afec\u0163iuni respiratorii, \u00een tratamentul faringitei, traheo- bronsitei, bronsitei acute \u015fi cronice \u00een pneumonii. Se administreaz\u0103 la c\u00e2ini, oral, \u00een urm\u0103toarele doze: 1- 2 pufuri\/5- 10kg, de [&hellip;]<\/p>\n","protected":false},"featured_media":10629,"template":"","meta":[],"product_brand":[],"product_cat":[168,169,184],"product_tag":[2515,2516,1298],"class_list":{"0":"post-5602","1":"product","2":"type-product","3":"status-publish","4":"has-post-thumbnail","6":"product_cat-caini","7":"product_cat-ingrijire-caini","8":"product_cat-suplimente-si-vitamine","9":"product_tag-afectiuni-respiratorii","10":"product_tag-herba-top","11":"product_tag-pentru-caini","13":"first","14":"instock","15":"shipping-taxable","16":"purchasable","17":"product-type-simple"},"_links":{"self":[{"href":"https:\/\/faberpet.ro\/stage\/wp-json\/wp\/v2\/product\/5602","targetHints":{"allow":["GET"]}}],"collection":[{"href":"https:\/\/faberpet.ro\/stage\/wp-json\/wp\/v2\/product"}],"about":[{"href":"https:\/\/faberpet.ro\/stage\/wp-json\/wp\/v2\/types\/product"}],"wp:featuredmedia":[{"embeddable":true,"href":"https:\/\/faberpet.ro\/stage\/wp-json\/wp\/v2\/media\/10629"}],"wp:attachment":[{"href":"https:\/\/faberpet.ro\/stage\/wp-json\/wp\/v2\/media?parent=5602"}],"wp:term":[{"taxonomy":"product_brand","embeddable":true,"href":"https:\/\/faberpet.ro\/stage\/wp-json\/wp\/v2\/product_brand?post=5602"},{"taxonomy":"product_cat","embeddable":true,"href":"https:\/\/faberpet.ro\/stage\/wp-json\/wp\/v2\/product_cat?post=5602"},{"taxonomy":"product_tag","embeddable":true,"href":"https:\/\/faberpet.ro\/stage\/wp-json\/wp\/v2\/product_tag?post=5602"}],"curies":[{"name":"wp","href":"https:\/\/api.w.org\/{rel}","templated":true}]}}