{"id":5604,"date":"2024-10-21T20:35:21","date_gmt":"2024-10-21T17:35:21","guid":{"rendered":"https:\/\/faberpet.ro\/stage\/produs\/herba-top-pneumo-suspensie-pt-caini-150-ml\/"},"modified":"2025-08-27T07:55:52","modified_gmt":"2025-08-27T05:55:52","slug":"herba-top-pneumo-suspensie-pt-caini-150-ml","status":"publish","type":"product","link":"https:\/\/faberpet.ro\/stage\/produs\/herba-top-pneumo-suspensie-pt-caini-150-ml\/","title":{"rendered":"Herba-Top Pneumo Suspensie pt caini 150 ml"},"content":{"rendered":"<p>HERBA- TOP PNEUMO con\u0163ine extracte de plante medicinale cu propriet\u0103\u0163i antiseptice, antiinflamatoare, expectorante, antitusive, calmeaz\u0103 tusea. \u00cembun\u0103t\u0103\u0163e\u015fte circula\u0163ia sanguin\u0103. Degajeaz\u0103 sinusuriile, bronhiile \u015fi pl\u0103m\u00e2nii, prevenind afec\u0163iuniile respiratorii \u015fi boliile arteriale. Detoxific\u0103 organismul, elimin\u00e2nd bacteriile de putrefac\u0163ie din intestin. Se indic\u0103 ca adjuvant \u00een afec\u0163iuni pulmonare, \u00een pneumonii acute \u015fi cronice, emfizem pulmonar, astm bron\u015fic, faringite, bron\u015fitei acute \u015fi cronice, \u00een traheo- bron\u015fite acute. Se poate asocia cu alte medicamente (antibiotice, expectorante etc. ) poten\u0163\u00e2nd efectul acestora. \u00cen convalescen\u0163\u0103 dup\u0103 afec\u0163iuni respiratorii \u015fi circulatorii. Se recomand\u0103 folosirea la c\u00e2ini \u015fi mamifere (purcei, miei, iezi, vi\u0163ei, m\u00e2nji etc). Se administreaz\u0103 pe cale oral\u0103, \u00een urm\u0103toarele doze: La c\u00e2ini \u015fi mamifere 1- 2 pufuri\/3- 5 kg, de 2- 3 ori pe zi. Se aplic\u0103 cu ajutorul pompi\u0163ei de dozare la baza limbii, timp de 7- 10 zile. Con\u021binut: Flavonoizi totali echivalent \u00een cvercitrin\u0103 3 mg. Polifenoli totali echivalent \u00een Acid galic 3 mg. Extract hidroalchoolic din plante medicinale ad 100 ml.<\/p>\n","protected":false},"excerpt":{"rendered":"<p>HERBA- TOP PNEUMO con\u0163ine extracte de plante medicinale cu propriet\u0103\u0163i antiseptice, antiinflamatoare, expectorante, antitusive, calmeaz\u0103 tusea. \u00cembun\u0103t\u0103\u0163e\u015fte circula\u0163ia sanguin\u0103. Degajeaz\u0103 sinusuriile, bronhiile \u015fi pl\u0103m\u00e2nii, prevenind afec\u0163iuniile respiratorii \u015fi boliile arteriale. Detoxific\u0103 organismul, elimin\u00e2nd bacteriile de putrefac\u0163ie din intestin. Se indic\u0103 ca adjuvant \u00een afec\u0163iuni pulmonare, \u00een pneumonii acute \u015fi cronice, emfizem pulmonar, astm bron\u015fic, faringite, [&hellip;]<\/p>\n","protected":false},"featured_media":10631,"template":"","meta":[],"product_brand":[],"product_cat":[168,169,184],"product_tag":[2517,2516,1298],"class_list":{"0":"post-5604","1":"product","2":"type-product","3":"status-publish","4":"has-post-thumbnail","6":"product_cat-caini","7":"product_cat-ingrijire-caini","8":"product_cat-suplimente-si-vitamine","9":"product_tag-afectiuni-digestive","10":"product_tag-herba-top","11":"product_tag-pentru-caini","13":"first","14":"instock","15":"shipping-taxable","16":"purchasable","17":"product-type-simple"},"_links":{"self":[{"href":"https:\/\/faberpet.ro\/stage\/wp-json\/wp\/v2\/product\/5604","targetHints":{"allow":["GET"]}}],"collection":[{"href":"https:\/\/faberpet.ro\/stage\/wp-json\/wp\/v2\/product"}],"about":[{"href":"https:\/\/faberpet.ro\/stage\/wp-json\/wp\/v2\/types\/product"}],"wp:featuredmedia":[{"embeddable":true,"href":"https:\/\/faberpet.ro\/stage\/wp-json\/wp\/v2\/media\/10631"}],"wp:attachment":[{"href":"https:\/\/faberpet.ro\/stage\/wp-json\/wp\/v2\/media?parent=5604"}],"wp:term":[{"taxonomy":"product_brand","embeddable":true,"href":"https:\/\/faberpet.ro\/stage\/wp-json\/wp\/v2\/product_brand?post=5604"},{"taxonomy":"product_cat","embeddable":true,"href":"https:\/\/faberpet.ro\/stage\/wp-json\/wp\/v2\/product_cat?post=5604"},{"taxonomy":"product_tag","embeddable":true,"href":"https:\/\/faberpet.ro\/stage\/wp-json\/wp\/v2\/product_tag?post=5604"}],"curies":[{"name":"wp","href":"https:\/\/api.w.org\/{rel}","templated":true}]}}