{"id":5605,"date":"2024-10-21T20:35:21","date_gmt":"2024-10-21T17:35:21","guid":{"rendered":"https:\/\/faberpet.ro\/stage\/produs\/herba-top-imuno-suspensie-pt-caini-150-ml\/"},"modified":"2025-08-27T07:56:03","modified_gmt":"2025-08-27T05:56:03","slug":"herba-top-imuno-suspensie-pt-caini-150-ml","status":"publish","type":"product","link":"https:\/\/faberpet.ro\/stage\/produs\/herba-top-imuno-suspensie-pt-caini-150-ml\/","title":{"rendered":"Herba-Top Imuno Suspensie pt caini 150 ml"},"content":{"rendered":"<p>HERBA- TOP IMUNO con\u0163ine extracte de plante medicinale cu propriet\u0103\u0163i imunostimulatoare, cre\u0219te imunitatea nespecific\u0103 a organismului, stimuleaz\u0103 activitatea hepatobiliara, depurativ, scurteaz\u0103 perioada de convalescenta. Se indic\u0103 la c\u00e2ini, la animale sl\u0103bite, convalescente, pentru int\u0103rirea sistemului imunitar \u015fi cre\u015fterea rezisten\u0163ei organismului fa\u0163\u0103 de diferite afec\u0163iuni bacteriene, virale, micotice sau parazitare. Se administreaz\u0103 la c\u00e2ini, oral, \u00een urm\u0103toarele doze: 1- 2 pufuri\/5- 10kg, de 2- 3 ori pe zi. Se aplic\u0103 cu ajutorul pompi\u0163ei de dozare la baza limbii, timp de 7- 10 zile. Contraindicat \u00een cazul tratamentelor cu imunosupresoare, \u015fi \u00een boli autoimune. La temperatura camerei (15 &#8211; 25 C \u030a), \u00een ambalaje bine \u00eenchise, ferit de surse de foc, soare \u015fi umezeal\u0103. Con\u021binut: Flavonoizi totali echivalent \u00een cvercitrin\u0103 3 mg. Polifenoli totali echivalent \u00een Acid galic 4 mg. Extract hidroalchoolic din plante medicinale ad 100 ml.<\/p>\n","protected":false},"excerpt":{"rendered":"<p>HERBA- TOP IMUNO con\u0163ine extracte de plante medicinale cu propriet\u0103\u0163i imunostimulatoare, cre\u0219te imunitatea nespecific\u0103 a organismului, stimuleaz\u0103 activitatea hepatobiliara, depurativ, scurteaz\u0103 perioada de convalescenta. Se indic\u0103 la c\u00e2ini, la animale sl\u0103bite, convalescente, pentru int\u0103rirea sistemului imunitar \u015fi cre\u015fterea rezisten\u0163ei organismului fa\u0163\u0103 de diferite afec\u0163iuni bacteriene, virale, micotice sau parazitare. Se administreaz\u0103 la c\u00e2ini, oral, \u00een [&hellip;]<\/p>\n","protected":false},"featured_media":10632,"template":"","meta":[],"product_brand":[],"product_cat":[168,169,184],"product_tag":[2517,2516,1298],"class_list":{"0":"post-5605","1":"product","2":"type-product","3":"status-publish","4":"has-post-thumbnail","6":"product_cat-caini","7":"product_cat-ingrijire-caini","8":"product_cat-suplimente-si-vitamine","9":"product_tag-afectiuni-digestive","10":"product_tag-herba-top","11":"product_tag-pentru-caini","13":"first","14":"instock","15":"shipping-taxable","16":"purchasable","17":"product-type-simple"},"_links":{"self":[{"href":"https:\/\/faberpet.ro\/stage\/wp-json\/wp\/v2\/product\/5605","targetHints":{"allow":["GET"]}}],"collection":[{"href":"https:\/\/faberpet.ro\/stage\/wp-json\/wp\/v2\/product"}],"about":[{"href":"https:\/\/faberpet.ro\/stage\/wp-json\/wp\/v2\/types\/product"}],"wp:featuredmedia":[{"embeddable":true,"href":"https:\/\/faberpet.ro\/stage\/wp-json\/wp\/v2\/media\/10632"}],"wp:attachment":[{"href":"https:\/\/faberpet.ro\/stage\/wp-json\/wp\/v2\/media?parent=5605"}],"wp:term":[{"taxonomy":"product_brand","embeddable":true,"href":"https:\/\/faberpet.ro\/stage\/wp-json\/wp\/v2\/product_brand?post=5605"},{"taxonomy":"product_cat","embeddable":true,"href":"https:\/\/faberpet.ro\/stage\/wp-json\/wp\/v2\/product_cat?post=5605"},{"taxonomy":"product_tag","embeddable":true,"href":"https:\/\/faberpet.ro\/stage\/wp-json\/wp\/v2\/product_tag?post=5605"}],"curies":[{"name":"wp","href":"https:\/\/api.w.org\/{rel}","templated":true}]}}