{"id":5606,"date":"2024-10-21T20:35:21","date_gmt":"2024-10-21T17:35:21","guid":{"rendered":"https:\/\/faberpet.ro\/stage\/produs\/herba-top-digest-suspensie-pt-caini-150-ml\/"},"modified":"2025-08-27T07:56:15","modified_gmt":"2025-08-27T05:56:15","slug":"herba-top-digest-suspensie-pt-caini-150-ml","status":"publish","type":"product","link":"https:\/\/faberpet.ro\/stage\/produs\/herba-top-digest-suspensie-pt-caini-150-ml\/","title":{"rendered":"Herba-Top Digest Suspensie pt caini 150 ml"},"content":{"rendered":"<p>HERBA- TOP DIGEST este un extract de plante medicinale cu propriet\u0103\u0163i stomahice, digestive, hepatoprotectoare, stimuleaz\u0103 activitatea hepato- biliara, calmeaz\u0103 spasmele stomacale si intestinale, elimin\u0103 gazale din stomac \u015fi intestin. Se indic\u0103 la c\u00e2ini ca adjuvant \u00een anorexii, lipsa poftei de m\u00e2ncare, \u00een dispepsii gastrointestinale, hipoaciditate gastric\u0103, \u00een meteoriza\u0163ii cronice, constipa\u0163ie, \u00een afec\u0163iuni hepatice, la animalele sl\u0103bite, convalescente (m\u0103rind digestia \u015fi pofta de m\u00e2ncare). Se administreaz\u0103 la c\u00e2ini, oral, \u00een urm\u0103toarele doze:1- 2 pufuri\/5- 10kg, de 2- 3 ori pe zi. Se aplic\u0103 cu ajutorul pompi\u0163ei de dozare la baza limbii, timp de 7- 10 zile. La temperatura camerei (15 &#8211; 25 C \u030a), \u00een ambalaje bine \u00eenchise, ferit de surse de foc, soare \u015fi umezeal\u0103. Con\u021binut: Flavonoizi totali echivalent \u00een cvercitrin\u0103 1 mg. Polifenoli totali echivalent \u00een Acid galic 2, 5 m. Extract hidroalchoolic din plante medicinale ad 100 ml.<\/p>\n","protected":false},"excerpt":{"rendered":"<p>HERBA- TOP DIGEST este un extract de plante medicinale cu propriet\u0103\u0163i stomahice, digestive, hepatoprotectoare, stimuleaz\u0103 activitatea hepato- biliara, calmeaz\u0103 spasmele stomacale si intestinale, elimin\u0103 gazale din stomac \u015fi intestin. Se indic\u0103 la c\u00e2ini ca adjuvant \u00een anorexii, lipsa poftei de m\u00e2ncare, \u00een dispepsii gastrointestinale, hipoaciditate gastric\u0103, \u00een meteoriza\u0163ii cronice, constipa\u0163ie, \u00een afec\u0163iuni hepatice, la animalele [&hellip;]<\/p>\n","protected":false},"featured_media":10633,"template":"","meta":[],"product_brand":[],"product_cat":[168,169,184],"product_tag":[2518,2516,1298],"class_list":{"0":"post-5606","1":"product","2":"type-product","3":"status-publish","4":"has-post-thumbnail","6":"product_cat-caini","7":"product_cat-ingrijire-caini","8":"product_cat-suplimente-si-vitamine","9":"product_tag-digest-caini","10":"product_tag-herba-top","11":"product_tag-pentru-caini","13":"first","14":"instock","15":"shipping-taxable","16":"purchasable","17":"product-type-simple"},"_links":{"self":[{"href":"https:\/\/faberpet.ro\/stage\/wp-json\/wp\/v2\/product\/5606","targetHints":{"allow":["GET"]}}],"collection":[{"href":"https:\/\/faberpet.ro\/stage\/wp-json\/wp\/v2\/product"}],"about":[{"href":"https:\/\/faberpet.ro\/stage\/wp-json\/wp\/v2\/types\/product"}],"wp:featuredmedia":[{"embeddable":true,"href":"https:\/\/faberpet.ro\/stage\/wp-json\/wp\/v2\/media\/10633"}],"wp:attachment":[{"href":"https:\/\/faberpet.ro\/stage\/wp-json\/wp\/v2\/media?parent=5606"}],"wp:term":[{"taxonomy":"product_brand","embeddable":true,"href":"https:\/\/faberpet.ro\/stage\/wp-json\/wp\/v2\/product_brand?post=5606"},{"taxonomy":"product_cat","embeddable":true,"href":"https:\/\/faberpet.ro\/stage\/wp-json\/wp\/v2\/product_cat?post=5606"},{"taxonomy":"product_tag","embeddable":true,"href":"https:\/\/faberpet.ro\/stage\/wp-json\/wp\/v2\/product_tag?post=5606"}],"curies":[{"name":"wp","href":"https:\/\/api.w.org\/{rel}","templated":true}]}}