{"id":5608,"date":"2024-10-21T20:35:22","date_gmt":"2024-10-21T17:35:22","guid":{"rendered":"https:\/\/faberpet.ro\/stage\/produs\/rumdigestin-herba-pt-animale-rumegatoare-1-l\/"},"modified":"2025-08-27T07:53:38","modified_gmt":"2025-08-27T05:53:38","slug":"rumdigestin-herba-pt-animale-rumegatoare-1-l","status":"publish","type":"product","link":"https:\/\/faberpet.ro\/stage\/produs\/rumdigestin-herba-pt-animale-rumegatoare-1-l\/","title":{"rendered":"Rumdigestin Herba pt. animale rumegatoare 1 L"},"content":{"rendered":"<p>Propriet\u0103\u021bi: RUMDIGESTIN HERBA este un extract de plante medicinale cu propriet\u0103\u0163i stomahice, digestive, tonic- amare, care cresc motilitatea tubului digestiv \u015fi a secre\u0163iilor digestive, hepatice. Se recomand\u0103 folosirea la porcine \u015fi la rumeg\u0103toare mari \u015fi mici. La porcine: se indic\u0103 \u00een anorexii, lipsa poftei de m\u00e2ncare, \u00een dispepsii gastrointestinale, hipoaciditate gastric\u0103, \u00een meteoriza\u0163ii cronice, constipa\u0163ie, la animalele sl\u0103bite, convalescente (m\u0103rind digestia \u015fi pofta de m\u00e2ncare). La rumeg\u0103toare: \u00een indigestii prin supra\u00eenc\u0103rcare, \u00een prima faz\u0103 de \u00eemp\u00e2stare a foiosului, atonii cronice ale prestomacelor, meteoriza\u0163ii cronice, \u00een dispepsii hiposecretorii, anorexii, \u00een convalescen\u0163\u0103, dup\u0103 interven\u0163ii chirurgicale mari (mai ales dup\u0103 interven\u0163ii pe rumen), pentru normalizarea microflorei ruminale. Mod de utilizare:Se administreaz\u0103 pe cale oral\u0103, diluat \u00een ap\u0103, \u00een urm\u0103toarele doze: Bovine adulte: 40- 60 ml de 2- 3 ori pe zi (sub form\u0103 de breuvaj). Vi\u0163ei, oi \u015fi capre: 15- 25 ml de 2 ori pe zi (sub form\u0103 de breuvaj). Porcine: 5- 15 ml (\u00een func\u0163ie de greutate), de 1- 2 ori pe zi, \u00een ap\u0103 de b\u0103ut sau \u00een hran\u0103. A se agita \u00eenainte de administrare. \u00cen cazurile grave doza se dubleaz\u0103. Ingrediente:Pelin alb (Artemisia absinthium) \u2013 Rostopasc\u0103 (Chelidonium majus) \u2013 Ienup\u0103r (Juniperus communis) \u2013 Obligean\u0103 (Acorus calamus) \u2013 \u015eov\u00e2rv (Origanum vulgare) \u2013 Fenicol (Foeniculum vulgare) \u2013 Volbur\u0103 (Convolvulus arvensis). Precau\u021bii:A nu se l\u0103sa la \u00eendem\u00e2na copiilor. A nu se refolosi flaconul dup\u0103 golire. Prezentare:1 L<\/p>\n","protected":false},"excerpt":{"rendered":"<p>Propriet\u0103\u021bi: RUMDIGESTIN HERBA este un extract de plante medicinale cu propriet\u0103\u0163i stomahice, digestive, tonic- amare, care cresc motilitatea tubului digestiv \u015fi a secre\u0163iilor digestive, hepatice. Se recomand\u0103 folosirea la porcine \u015fi la rumeg\u0103toare mari \u015fi mici. La porcine: se indic\u0103 \u00een anorexii, lipsa poftei de m\u00e2ncare, \u00een dispepsii gastrointestinale, hipoaciditate gastric\u0103, \u00een meteoriza\u0163ii cronice, constipa\u0163ie, [&hellip;]<\/p>\n","protected":false},"featured_media":10635,"template":"","meta":[],"product_brand":[],"product_cat":[2694,166,167],"product_tag":[2513,2519,2520],"class_list":{"0":"post-5608","1":"product","2":"type-product","3":"status-publish","4":"has-post-thumbnail","6":"product_cat-alte-animale","7":"product_cat-animale-ferma","8":"product_cat-cai-si-vaci","9":"product_tag-ingrijire-animale-ferma","10":"product_tag-proprietati-digestive","11":"product_tag-rumdigestin-herba","13":"first","14":"instock","15":"shipping-taxable","16":"purchasable","17":"product-type-simple"},"_links":{"self":[{"href":"https:\/\/faberpet.ro\/stage\/wp-json\/wp\/v2\/product\/5608","targetHints":{"allow":["GET"]}}],"collection":[{"href":"https:\/\/faberpet.ro\/stage\/wp-json\/wp\/v2\/product"}],"about":[{"href":"https:\/\/faberpet.ro\/stage\/wp-json\/wp\/v2\/types\/product"}],"wp:featuredmedia":[{"embeddable":true,"href":"https:\/\/faberpet.ro\/stage\/wp-json\/wp\/v2\/media\/10635"}],"wp:attachment":[{"href":"https:\/\/faberpet.ro\/stage\/wp-json\/wp\/v2\/media?parent=5608"}],"wp:term":[{"taxonomy":"product_brand","embeddable":true,"href":"https:\/\/faberpet.ro\/stage\/wp-json\/wp\/v2\/product_brand?post=5608"},{"taxonomy":"product_cat","embeddable":true,"href":"https:\/\/faberpet.ro\/stage\/wp-json\/wp\/v2\/product_cat?post=5608"},{"taxonomy":"product_tag","embeddable":true,"href":"https:\/\/faberpet.ro\/stage\/wp-json\/wp\/v2\/product_tag?post=5608"}],"curies":[{"name":"wp","href":"https:\/\/api.w.org\/{rel}","templated":true}]}}