{"id":5610,"date":"2024-10-21T20:35:22","date_gmt":"2024-10-21T17:35:22","guid":{"rendered":"https:\/\/faberpet.ro\/stage\/produs\/rumdigestin-herba-plus-pt-animale-rumegatoare-1-l\/"},"modified":"2025-08-27T07:52:06","modified_gmt":"2025-08-27T05:52:06","slug":"rumdigestin-herba-plus-pt-animale-rumegatoare-1-l","status":"publish","type":"product","link":"https:\/\/faberpet.ro\/stage\/produs\/rumdigestin-herba-plus-pt-animale-rumegatoare-1-l\/","title":{"rendered":"Rumdigestin Herba Plus pt. animale rumegatoare 1 L"},"content":{"rendered":"<p>Propriet\u0103\u021bi: RUMDIGESTIN HERBA- PLUS este un extract de plante medicinale cu propriet\u0103\u0163i stomahice, digestive, tonic- amare, care cresc motilitatea tubului digestiv \u015fi a secre\u0163iilor digestive, hepatice. Datorit\u0103 con\u0163inutului \u00een Propilenglicol \u015fi Glicerin\u0103, este o surs\u0103 de energie caloric\u0103 (prin neoglucogenez\u0103). Compusul este glicogenetic, la nivelul ficatului, prin procesul de neoglucogenez\u0103 se transform\u0103 \u00een glucoz\u0103, devenind astfel energizant. Se recomand\u0103 folosirea la rumeg\u0103toare mari \u015fi mici \u00een: o Ca adjuvant \u00een acetonemii, cetoz\u0103 clinic\u0103 \u015fi subclinic\u0103, toxemie de gesta\u0163ie, o indigestii prin supra\u00eenc\u0103rcare, \u00een prima faz\u0103 de \u00eemp\u00e2stare a foiosului, atonii cronice ale prestomacelor, meteoriza\u0163ii cronice, \u00een dispepsii hiposecretorii, anorexii, o \u00een indigestii cauzate de tratamente cu sulfamide, antibiotice, pentru normalizarea microflorei ruminale. o dup\u0103 interven\u0163ii chirurgicale mari (mai ales dup\u0103 interven\u0163ii pe rumen), \u00een convalescen\u0163\u0103, Ca terapie ajut\u0103toare \u00een afec\u0163iuni febrile, microbiene. Mod de utilizare:Se administreaz\u0103 pe cale oral\u0103, diluat \u00een ap\u0103, \u00een urm\u0103toarele doze: Bovine adulte: \u2013 \u00een cetoz\u0103 subclinic\u0103 \u015fi afec\u0163iuni ruminale u\u015foare 100- 125 ml de 2 ori pe zi (sub form\u0103 de breuvaj). \u2013 \u00een cetoz\u0103 clinic\u0103 200- 250 ml de 2 ori pe zi (sub form\u0103 de breuvaj). Se continu\u0103 tratamentul \u00eenc\u0103 3- 4 zile dup\u0103 dispari\u0163ia simptomelor, cu doza de 100- 125 ml, de 2 ori pe zi. Vi\u0163ei, oi \u015fi capre: \u2013 25- 50 ml de 2 ori pe zi (sub form\u0103 de breuvaj). \u00cen toxiemia de gesta\u0163ie doza se dubleaz\u0103 (50 \u2013 100 ml de 2 ori pe zi). Ingrediente:Extract de: \u2013 Pelin alb (Artemisia absinthium); \u2013 Rostopasc\u0103 (Chelidonium majus); \u2013 Ienup\u0103r (Juniperus communis); \u2013 Obligean\u0103 (Acorus calamus); \u2013 \u015eov\u00e2rv (Origanum vulgare); \u2013 Fenicol (Foeniculum vulgare); \u2013 Volbur\u0103 (Convolvulus arvensis). Precau\u021bii:A nu se l\u0103sa la \u00eendem\u00e2na copiilor. A nu se refolosi flaconul dup\u0103 golire. Prezentare:1 L<\/p>\n","protected":false},"excerpt":{"rendered":"<p>Propriet\u0103\u021bi: RUMDIGESTIN HERBA- PLUS este un extract de plante medicinale cu propriet\u0103\u0163i stomahice, digestive, tonic- amare, care cresc motilitatea tubului digestiv \u015fi a secre\u0163iilor digestive, hepatice. Datorit\u0103 con\u0163inutului \u00een Propilenglicol \u015fi Glicerin\u0103, este o surs\u0103 de energie caloric\u0103 (prin neoglucogenez\u0103). Compusul este glicogenetic, la nivelul ficatului, prin procesul de neoglucogenez\u0103 se transform\u0103 \u00een glucoz\u0103, devenind [&hellip;]<\/p>\n","protected":false},"featured_media":10637,"template":"","meta":[],"product_brand":[],"product_cat":[2694,166,167],"product_tag":[2513,2519,2521],"class_list":{"0":"post-5610","1":"product","2":"type-product","3":"status-publish","4":"has-post-thumbnail","6":"product_cat-alte-animale","7":"product_cat-animale-ferma","8":"product_cat-cai-si-vaci","9":"product_tag-ingrijire-animale-ferma","10":"product_tag-proprietati-digestive","11":"product_tag-rumdigestin-herba-plus","13":"first","14":"instock","15":"shipping-taxable","16":"purchasable","17":"product-type-simple"},"_links":{"self":[{"href":"https:\/\/faberpet.ro\/stage\/wp-json\/wp\/v2\/product\/5610","targetHints":{"allow":["GET"]}}],"collection":[{"href":"https:\/\/faberpet.ro\/stage\/wp-json\/wp\/v2\/product"}],"about":[{"href":"https:\/\/faberpet.ro\/stage\/wp-json\/wp\/v2\/types\/product"}],"wp:featuredmedia":[{"embeddable":true,"href":"https:\/\/faberpet.ro\/stage\/wp-json\/wp\/v2\/media\/10637"}],"wp:attachment":[{"href":"https:\/\/faberpet.ro\/stage\/wp-json\/wp\/v2\/media?parent=5610"}],"wp:term":[{"taxonomy":"product_brand","embeddable":true,"href":"https:\/\/faberpet.ro\/stage\/wp-json\/wp\/v2\/product_brand?post=5610"},{"taxonomy":"product_cat","embeddable":true,"href":"https:\/\/faberpet.ro\/stage\/wp-json\/wp\/v2\/product_cat?post=5610"},{"taxonomy":"product_tag","embeddable":true,"href":"https:\/\/faberpet.ro\/stage\/wp-json\/wp\/v2\/product_tag?post=5610"}],"curies":[{"name":"wp","href":"https:\/\/api.w.org\/{rel}","templated":true}]}}