{"id":5611,"date":"2024-10-21T20:35:22","date_gmt":"2024-10-21T17:35:22","guid":{"rendered":"https:\/\/faberpet.ro\/stage\/produs\/herba-top-protect-pulbere-100-gr\/"},"modified":"2025-08-27T07:52:29","modified_gmt":"2025-08-27T05:52:29","slug":"herba-top-protect-pulbere-100-gr","status":"publish","type":"product","link":"https:\/\/faberpet.ro\/stage\/produs\/herba-top-protect-pulbere-100-gr\/","title":{"rendered":"Herba-Top Protect Pulbere 100 gr"},"content":{"rendered":"<p>Propriet\u0103\u021bi: Con\u021bine extracte de plante medicinale care au propriet\u0103\u0163i coccidiostatice, antiprotozoare, antiseptice, antiinflamatoare, antispastice, hepatoprotectoare, coleretice si astringente. Se indic\u0103 ca adjuvant \u00een profilaxia \u0219i tratamentul coccidiozelor \u0219i preventiv pentru restul protozoozelor. Se poate asocia cu alte medicamente antiprotozoare, poten\u021b\u00e2nd efectul acestora. Ca indica\u021bii secundare, se indic\u0103 \u00een insuficien\u0163a hepatic\u0103, stimuleaz\u0103 secre\u021bia glandelor salivare si secre\u021bia bilei, \u00een enterocolite, indigestii, diaree cronic\u0103 \u015fi acut\u0103, dureri abdominale cu crampe, balon\u0103ri intestinale, lipsa poftei de m\u00e2ncare, anemie. este eficient in tratarea infectiilor bacteriene, fungicide \u0219i virale. Elimina parazitozele. \u00cen convalescenta dup\u0103 afec\u021biuni ale aparatului digestiv. Se recomand\u0103 folosirea la cabaline, rumeg\u0103toare mari \u015fi mici, porcine, c\u00e2ini, p\u0103s\u0103ri, porumbei. Mod de utilizare:Se administreaz\u0103 pe cale oral\u0103, administrat in furaj, \u00een urm\u0103toarele doze: PREVENTIV: Vi\u0163ei, oi \u015fi capre: 15- 25 g \/zi, in furaj timp de 7- 10 zile. Porcine: 5- 15 g\/zi (\u00een func\u0163ie de greutate) in furaj timp de 7- 10 zile. P\u0103sari, porumbei: amestecat in furaj, 100 g\/10 kg furaj, timp de 7- 10 zile. Iepuri: amestecat in furaj, 100 g\/10 kg furaj, timp de 7- 10 zile. Pentru mentinerea s\u0103n\u0103t\u0103\u021bii se recomand\u0103 cure lunare de 7- 10 zile. CURATIV: Vi\u0163ei, oi \u015fi capre: 30- 50 g \/zi, in furaj timp de 7- 10 zile. Porcine: 10 &#8211; 30 g\/zi (\u00een func\u0163ie de greutate) in furaj timp de 7- 10 zile. P\u0103s\u0103ri, porumbei: amestecat in furaj, 200 g\/10 kg furaj, timp de 7- 10 zile. Iepuri: amestecat in furaj, 200 g\/10 kg furaj concentrat, timp de 7- 10 zile. Ingrediente:produs con\u0163ine: amestec de plante medicinale: Rozmaring Lemn dulce , Coriandru Usturoi Rostopasc\u0103 , Cimbri\u0219or , G\u0103lbenele , Morcovi , Coada \u0219oricelului. Precau\u021bii:A nu se l\u0103sa la \u00eendem\u00e2na copiilor. A nu se refolosi flaconul dup\u0103 golire. Prezentare:100 gr<\/p>\n","protected":false},"excerpt":{"rendered":"<p>Propriet\u0103\u021bi: Con\u021bine extracte de plante medicinale care au propriet\u0103\u0163i coccidiostatice, antiprotozoare, antiseptice, antiinflamatoare, antispastice, hepatoprotectoare, coleretice si astringente. Se indic\u0103 ca adjuvant \u00een profilaxia \u0219i tratamentul coccidiozelor \u0219i preventiv pentru restul protozoozelor. Se poate asocia cu alte medicamente antiprotozoare, poten\u021b\u00e2nd efectul acestora. Ca indica\u021bii secundare, se indic\u0103 \u00een insuficien\u0163a hepatic\u0103, stimuleaz\u0103 secre\u021bia glandelor salivare si [&hellip;]<\/p>\n","protected":false},"featured_media":10638,"template":"","meta":[],"product_brand":[],"product_cat":[2694,166,167,174,628],"product_tag":[2522,2516,2513],"class_list":{"0":"post-5611","1":"product","2":"type-product","3":"status-publish","4":"has-post-thumbnail","6":"product_cat-alte-animale","7":"product_cat-animale-ferma","8":"product_cat-cai-si-vaci","9":"product_cat-pasari","10":"product_cat-porumbei","11":"product_tag-antiseptice","12":"product_tag-herba-top","13":"product_tag-ingrijire-animale-ferma","15":"first","16":"instock","17":"shipping-taxable","18":"purchasable","19":"product-type-simple"},"_links":{"self":[{"href":"https:\/\/faberpet.ro\/stage\/wp-json\/wp\/v2\/product\/5611","targetHints":{"allow":["GET"]}}],"collection":[{"href":"https:\/\/faberpet.ro\/stage\/wp-json\/wp\/v2\/product"}],"about":[{"href":"https:\/\/faberpet.ro\/stage\/wp-json\/wp\/v2\/types\/product"}],"wp:featuredmedia":[{"embeddable":true,"href":"https:\/\/faberpet.ro\/stage\/wp-json\/wp\/v2\/media\/10638"}],"wp:attachment":[{"href":"https:\/\/faberpet.ro\/stage\/wp-json\/wp\/v2\/media?parent=5611"}],"wp:term":[{"taxonomy":"product_brand","embeddable":true,"href":"https:\/\/faberpet.ro\/stage\/wp-json\/wp\/v2\/product_brand?post=5611"},{"taxonomy":"product_cat","embeddable":true,"href":"https:\/\/faberpet.ro\/stage\/wp-json\/wp\/v2\/product_cat?post=5611"},{"taxonomy":"product_tag","embeddable":true,"href":"https:\/\/faberpet.ro\/stage\/wp-json\/wp\/v2\/product_tag?post=5611"}],"curies":[{"name":"wp","href":"https:\/\/api.w.org\/{rel}","templated":true}]}}