{"id":5613,"date":"2024-10-21T20:35:23","date_gmt":"2024-10-21T17:35:23","guid":{"rendered":"https:\/\/faberpet.ro\/stage\/produs\/ectocid-herba-spray-antiparazitar-porumbei-si-cabaline-500-ml\/"},"modified":"2025-08-05T10:57:31","modified_gmt":"2025-08-05T08:57:31","slug":"ectocid-herba-spray-antiparazitar-porumbei-si-cabaline-500-ml","status":"publish","type":"product","link":"https:\/\/faberpet.ro\/stage\/produs\/ectocid-herba-spray-antiparazitar-porumbei-si-cabaline-500-ml\/","title":{"rendered":"Ectocid-Herba Spray antiparazitar porumbei si cabaline 500 ml"},"content":{"rendered":"<p>Ectocid- Herba spray antiparazitar pentru porumbei \u0219i cabaline Produs natural, recomandat ca adjuvant \u00een tratamentul infesta\u0163iilor cu mu\u015fte, \u0163\u00e2n\u0163ari, pureci, c\u0103pu\u015f\u0103 \u015fi p\u0103duchi la porumbei \u015fi cabaline. Uz extern. Se pulverizeaz\u0103 solu\u0163ia nediluat\u0103 la r\u0103d\u0103cina firelor de p\u0103r \u015fi pe piele, de la o distan\u0163\u0103 de 10- 15 cm. LA CABALINE: &#8211; se indic\u0103 10- 20 pulveriz\u0103ri, \u00een func\u0163ie de talie. Nu se utilizeaz\u0103 la animalele sub 3 luni. Animalele \u00een repaus se pulverizeaz\u0103 la intervale de 2- 3 zile, animale de trac\u0163iune la intervale de 2- 4 ore, \u00een func\u0163ie de temperatur\u0103, transpira\u0163ie. LA PORUMBEI &#8211; se pulverizeaz\u0103 solu\u0163ia sub aripi de la o distan\u0163\u0103 de 10- 15 cm. Se indic\u0103 1- 3 pulveriz\u0103ri \u00een func\u0163ie de talie. Se pulverizeaz\u0103 \u015fi cuibarele. Nu se indic\u0103 la puii mai mici de 3 luni. A se feri ochii \u015fi alte zone sensibile. Nu se utilizeaz\u0103 la animalele bolnave, convalescente, animale cu insuficien\u0163\u0103 hepatic\u0103 \u015fi renal\u0103. Nu se utilizeaz\u0103 la femelele gestante \u015fi \u00een perioada lacta\u0163iei. Animalele pulverizate se \u0163in sub observa\u0163ie p\u00e2n\u0103 se usuc\u0103 blana (ferit de surs\u0103 de c\u0103ldur\u0103, a nu l\u0103sa s\u0103 se ling\u0103). La temperatura camerei (15 \u2013 25 grade C), \u00een ambalaje bine \u00eenchise, ferit de surse de foc, soare \u015fi umezeal\u0103. Precau\u021bii:A nu se l\u0103sa la \u00eendem\u00e2na copiilor. A se evita contaminarea alimentelor \u015fi a furajelor. Evita\u0163i contactul cu ochii, sp\u0103la\u0163i m\u00e2inile dup\u0103 utilizare. Pulverizarea se face \u00een aer liber. Nu se utilizeaz\u0103 \u00een prezen\u0163a unei surse de foc. Nu se fumeaz\u0103 \u00een timpul utiliz\u0103rii. Nu se refolose\u0219te flaconul dup\u0103 golire. Nu se utilizeaz\u0103 la animalele, p\u0103s\u0103rile cu interes economic.<\/p>\n","protected":false},"excerpt":{"rendered":"<p>Ectocid- Herba spray antiparazitar pentru porumbei \u0219i cabaline Produs natural, recomandat ca adjuvant \u00een tratamentul infesta\u0163iilor cu mu\u015fte, \u0163\u00e2n\u0163ari, pureci, c\u0103pu\u015f\u0103 \u015fi p\u0103duchi la porumbei \u015fi cabaline. Uz extern. Se pulverizeaz\u0103 solu\u0163ia nediluat\u0103 la r\u0103d\u0103cina firelor de p\u0103r \u015fi pe piele, de la o distan\u0163\u0103 de 10- 15 cm. LA CABALINE: &#8211; se indic\u0103 10- [&hellip;]<\/p>\n","protected":false},"featured_media":10640,"template":"","meta":[],"product_brand":[],"product_cat":[167,175,174,628],"product_tag":[2524,2332,2523],"class_list":{"0":"post-5613","1":"product","2":"type-product","3":"status-publish","4":"has-post-thumbnail","6":"product_cat-cai-si-vaci","7":"product_cat-ingrijire-pasari","8":"product_cat-pasari","9":"product_cat-porumbei","10":"product_tag-ectocid-herba","11":"product_tag-ingrijire-pasari","12":"product_tag-spray-antiparazitar","14":"first","15":"instock","16":"shipping-taxable","17":"purchasable","18":"product-type-simple"},"_links":{"self":[{"href":"https:\/\/faberpet.ro\/stage\/wp-json\/wp\/v2\/product\/5613","targetHints":{"allow":["GET"]}}],"collection":[{"href":"https:\/\/faberpet.ro\/stage\/wp-json\/wp\/v2\/product"}],"about":[{"href":"https:\/\/faberpet.ro\/stage\/wp-json\/wp\/v2\/types\/product"}],"wp:featuredmedia":[{"embeddable":true,"href":"https:\/\/faberpet.ro\/stage\/wp-json\/wp\/v2\/media\/10640"}],"wp:attachment":[{"href":"https:\/\/faberpet.ro\/stage\/wp-json\/wp\/v2\/media?parent=5613"}],"wp:term":[{"taxonomy":"product_brand","embeddable":true,"href":"https:\/\/faberpet.ro\/stage\/wp-json\/wp\/v2\/product_brand?post=5613"},{"taxonomy":"product_cat","embeddable":true,"href":"https:\/\/faberpet.ro\/stage\/wp-json\/wp\/v2\/product_cat?post=5613"},{"taxonomy":"product_tag","embeddable":true,"href":"https:\/\/faberpet.ro\/stage\/wp-json\/wp\/v2\/product_tag?post=5613"}],"curies":[{"name":"wp","href":"https:\/\/api.w.org\/{rel}","templated":true}]}}