{"id":5614,"date":"2024-10-21T20:35:23","date_gmt":"2024-10-21T17:35:23","guid":{"rendered":"https:\/\/faberpet.ro\/stage\/produs\/ectocid-natural-spray-cabaline-500-ml\/"},"modified":"2025-08-28T11:38:13","modified_gmt":"2025-08-28T09:38:13","slug":"ectocid-natural-spray-cabaline-500-ml","status":"publish","type":"product","link":"https:\/\/faberpet.ro\/stage\/produs\/ectocid-natural-spray-cabaline-500-ml\/","title":{"rendered":"Ectocid Natural spray cabaline 500 ml"},"content":{"rendered":"<p>Propriet\u0103\u021bi: Produs natural, recomandat ca adjuvant \u00een tratamentul infesta\u0163iilor cu mu\u015fte, \u0163\u00e2n\u0163ari, pureci, c\u0103pu\u0219\u0103 \u015fi p\u0103duchi la cabaline. Repelent pentru mu\u0219te (t\u0103uni) , \u021b\u00e2n\u021bari. Con\u021bine uleiuri esen\u021biale liposolubile (linalol, thuion, thimol, naftachinona, azulena, geraniol, piretroizi naturali) cu propriet\u0103\u021bi insecticide \u0219i repellente asupra insectelor. Produsul afecteaz\u0103 sistemul nervos al insectelor. Con\u021bin\u00e2nd un amestec complex de substan\u021be, nu se instaleaz\u0103 rezisten\u021ba insectelor la efectul al produsului. Nu este toxic pentru mamifere \u0219i p\u0103s\u0103ri. Mod de utilizare:Uz extern. Se pulverizeaz\u0103 solu\u0163ia la r\u0103d\u0103cina firelor de p\u0103r \u015fi pe piele, de la o distan\u0163\u0103 de 10- 15 cm. Se indic\u0103 4- 5 pulveriz\u0103ri pe kilogram. Se pulverizeaz\u0103 \u015fi ad\u0103posturile dup\u0103 o prealabil\u0103 cur\u0103\u021bare a acestora. A se feri ochii \u015fi alte zone sensibile. Nu se utilizeaz\u0103 la animalele bolnave, convalescente, animale cu insuficien\u0163\u0103 hepatic\u0103 \u015fi renal\u0103. Animalele pulverizate se \u0163in sub observa\u0163ie p\u00e2n\u0103 se usuc\u0103 p\u0103rul (ferit de surs\u0103 de c\u0103ldur\u0103, a nu l\u0103sa s\u0103 se ling\u0103). Ingrediente:100 ml spray con\u0163ine: \u2013 50 ml extract hidro- alcoolic din plante medicinale \u2013 p\u00e2n\u0103 la 100 ml Alcool izopropilic Precau\u021bii:Provoc\u0103 o iritare grav\u0103 a ochilor. A nu se l\u0103sa la \u00eendem\u00e2na copiilor. Purta\u021bi m\u0103nusi de protec\u021bie. A nu se \u00eenghi\u0163i. A nu se refolosi flaconul dup\u0103 golire. Prezentare:500 ml<\/p>\n","protected":false},"excerpt":{"rendered":"<p>Propriet\u0103\u021bi: Produs natural, recomandat ca adjuvant \u00een tratamentul infesta\u0163iilor cu mu\u015fte, \u0163\u00e2n\u0163ari, pureci, c\u0103pu\u0219\u0103 \u015fi p\u0103duchi la cabaline. Repelent pentru mu\u0219te (t\u0103uni) , \u021b\u00e2n\u021bari. Con\u021bine uleiuri esen\u021biale liposolubile (linalol, thuion, thimol, naftachinona, azulena, geraniol, piretroizi naturali) cu propriet\u0103\u021bi insecticide \u0219i repellente asupra insectelor. Produsul afecteaz\u0103 sistemul nervos al insectelor. Con\u021bin\u00e2nd un amestec complex de substan\u021be, [&hellip;]<\/p>\n","protected":false},"featured_media":10641,"template":"","meta":[],"product_brand":[],"product_cat":[167],"product_tag":[2526,1759,2525],"class_list":{"0":"post-5614","1":"product","2":"type-product","3":"status-publish","4":"has-post-thumbnail","6":"product_cat-cai-si-vaci","7":"product_tag-ectocid-cabaline","8":"product_tag-ingrijire-cabaline","9":"product_tag-spary-cabaline","11":"first","12":"instock","13":"shipping-taxable","14":"purchasable","15":"product-type-simple"},"_links":{"self":[{"href":"https:\/\/faberpet.ro\/stage\/wp-json\/wp\/v2\/product\/5614","targetHints":{"allow":["GET"]}}],"collection":[{"href":"https:\/\/faberpet.ro\/stage\/wp-json\/wp\/v2\/product"}],"about":[{"href":"https:\/\/faberpet.ro\/stage\/wp-json\/wp\/v2\/types\/product"}],"wp:featuredmedia":[{"embeddable":true,"href":"https:\/\/faberpet.ro\/stage\/wp-json\/wp\/v2\/media\/10641"}],"wp:attachment":[{"href":"https:\/\/faberpet.ro\/stage\/wp-json\/wp\/v2\/media?parent=5614"}],"wp:term":[{"taxonomy":"product_brand","embeddable":true,"href":"https:\/\/faberpet.ro\/stage\/wp-json\/wp\/v2\/product_brand?post=5614"},{"taxonomy":"product_cat","embeddable":true,"href":"https:\/\/faberpet.ro\/stage\/wp-json\/wp\/v2\/product_cat?post=5614"},{"taxonomy":"product_tag","embeddable":true,"href":"https:\/\/faberpet.ro\/stage\/wp-json\/wp\/v2\/product_tag?post=5614"}],"curies":[{"name":"wp","href":"https:\/\/api.w.org\/{rel}","templated":true}]}}