{"id":5615,"date":"2024-10-21T20:35:23","date_gmt":"2024-10-21T17:35:23","guid":{"rendered":"https:\/\/faberpet.ro\/stage\/produs\/ectocid-columbo-natural-spray-antiparazitar-100-ml\/"},"modified":"2025-08-05T10:59:42","modified_gmt":"2025-08-05T08:59:42","slug":"ectocid-columbo-natural-spray-antiparazitar-100-ml","status":"publish","type":"product","link":"https:\/\/faberpet.ro\/stage\/produs\/ectocid-columbo-natural-spray-antiparazitar-100-ml\/","title":{"rendered":"Ectocid Columbo Natural spray antiparazitar 100 ml"},"content":{"rendered":"<p>Propriet\u0103\u021bi: Produs natural, gata de aplicare, recomandat ca adjuvant \u00een tratamentul infesta\u0163iilor cu pureci \u015fi p\u0103duchi malofagi la toate speciile de animale. Con\u021bine uleiuri esen\u021biale liposolubile (linalol, thuion, thimol, naftachinona, azulena, geraniol, piretroizi naturali) cu propriet\u0103\u021bi, ca adjuvant \u00een tratamentul infesta\u0163iilor cu pureci \u015fi p\u0103duchi malofagi la toate speciile de animale. Produsul afecteaz\u0103 sistemul nervos al insectelor. Nu se instaleaz\u0103 rezisten\u021ba insectelor, la efectul produsului. Nu este toxic pentru mamifere \u0219i p\u0103s\u0103ri. Mod de utilizare:Uz extern. La porumbei 1- 3 pulveriz\u0103ri sub aripi de la o distan\u0163\u0103 de 5- 10 cm. Se pulverizeaz\u0103 \u015fi ad\u0103posturile, cuibarele dup\u0103 o prealabil\u0103 cur\u0103\u021bare a acestora. Nu se indic\u0103 la puii mai mici de 2- 3 luni. Tratamentul se repet\u0103 la intervale de 7 zile. A se feri ochii. Nu se utilizeaz\u0103 la animalele bolnave, convalescente, animale cu insuficien\u0163\u0103 hepatic\u0103 \u015fi renal\u0103. Ingrediente:100 ml spray con\u0163ine: \u2013 25 ml extract hidrao- alcoolic din plante medicinale \u2013 p\u00e2n\u0103 la 100 ml Alcool izopropilic Precau\u021bii:A nu se l\u0103sa la \u00eendem\u00e2na copiilor. A se evita contaminarea alimentelor \u015fi a furajelor. Evita\u0163i contactul cu ochii, sp\u0103la\u0163i m\u00e2inile dup\u0103 utilizare. Pulverizarea se face \u00een aer liber. Nu se utilizeaz\u0103 \u00een prezen\u0163a unei surse de foc. Nu se fumeaz\u0103 \u00een timpul utiliz\u0103rii. Nu se refolose\u015fte flaconul dup\u0103 golire. Prezentare:100 ml<\/p>\n","protected":false},"excerpt":{"rendered":"<p>Propriet\u0103\u021bi: Produs natural, gata de aplicare, recomandat ca adjuvant \u00een tratamentul infesta\u0163iilor cu pureci \u015fi p\u0103duchi malofagi la toate speciile de animale. Con\u021bine uleiuri esen\u021biale liposolubile (linalol, thuion, thimol, naftachinona, azulena, geraniol, piretroizi naturali) cu propriet\u0103\u021bi, ca adjuvant \u00een tratamentul infesta\u0163iilor cu pureci \u015fi p\u0103duchi malofagi la toate speciile de animale. Produsul afecteaz\u0103 sistemul nervos [&hellip;]<\/p>\n","protected":false},"featured_media":10642,"template":"","meta":[],"product_brand":[],"product_cat":[174,628],"product_tag":[2527,2528,2523],"class_list":{"0":"post-5615","1":"product","2":"type-product","3":"status-publish","4":"has-post-thumbnail","6":"product_cat-pasari","7":"product_cat-porumbei","8":"product_tag-antiparazitar-porumbei","9":"product_tag-ectocid-columbo","10":"product_tag-spray-antiparazitar","12":"first","13":"instock","14":"shipping-taxable","15":"purchasable","16":"product-type-simple"},"_links":{"self":[{"href":"https:\/\/faberpet.ro\/stage\/wp-json\/wp\/v2\/product\/5615","targetHints":{"allow":["GET"]}}],"collection":[{"href":"https:\/\/faberpet.ro\/stage\/wp-json\/wp\/v2\/product"}],"about":[{"href":"https:\/\/faberpet.ro\/stage\/wp-json\/wp\/v2\/types\/product"}],"wp:featuredmedia":[{"embeddable":true,"href":"https:\/\/faberpet.ro\/stage\/wp-json\/wp\/v2\/media\/10642"}],"wp:attachment":[{"href":"https:\/\/faberpet.ro\/stage\/wp-json\/wp\/v2\/media?parent=5615"}],"wp:term":[{"taxonomy":"product_brand","embeddable":true,"href":"https:\/\/faberpet.ro\/stage\/wp-json\/wp\/v2\/product_brand?post=5615"},{"taxonomy":"product_cat","embeddable":true,"href":"https:\/\/faberpet.ro\/stage\/wp-json\/wp\/v2\/product_cat?post=5615"},{"taxonomy":"product_tag","embeddable":true,"href":"https:\/\/faberpet.ro\/stage\/wp-json\/wp\/v2\/product_tag?post=5615"}],"curies":[{"name":"wp","href":"https:\/\/api.w.org\/{rel}","templated":true}]}}